{"id":130,"date":"2014-06-29T11:19:19","date_gmt":"2014-06-29T10:19:19","guid":{"rendered":"http:\/\/libcickekrizovatky.cz\/?page_id=130"},"modified":"2014-11-06T17:21:32","modified_gmt":"2014-11-06T16:21:32","slug":"kdo-jsme","status":"publish","type":"page","link":"https:\/\/libcickekrizovatky.cz\/?page_id=130","title":{"rendered":"Kdo jsme?"},"content":{"rendered":"<p>Lib\u010dick\u00fd ob\u010dansk\u00fd spolek (LOS) sdru\u017euje skupinu lid\u00ed, kter\u00fdm nen\u00ed lhostejn\u00fd osud na\u0161eho m\u011bsta.\u00a0 V&nbsp;kv\u011btnu 2014 jej zalo\u017eili lid\u00e9, kte\u0159\u00ed st\u00e1li za rozmanit\u00fdmi a&nbsp;\u00fasp\u011b\u0161n\u00fdmi projekty \u201ezlat\u00e9 \u00e9ry\u201c\u00a0 Lib\u010dic v&nbsp;letech 2006 a\u017e 2010.<\/p>\n<h2>Zn\u00e1te n\u00e1s?<\/h2>\n<p><strong><\/strong>N\u00e1s mo\u017en\u00e1 ne, ale s&nbsp;v\u00fdsledky na\u0161\u00ed pr\u00e1ce se potk\u00e1v\u00e1te denn\u011b. <span style=\"text-decoration: underline;\"><a title=\"Oran\u017eov\u00e9 h\u0159i\u0161t\u011b\" href=\"http:\/\/www.libcice.cz\/mesto\/detska-hriste.html\" target=\"_blank\">Oran\u017eov\u00e9 h\u0159i\u0161t\u011b,<\/a> <a title=\"Lib\u010dick\u00e1 \u0161kola\" href=\"http:\/\/skola.libcice.cz\/\" target=\"_blank\">zateplen\u00e1 budova \u0161koly<\/a><\/span> a&nbsp;<span style=\"text-decoration: underline;\"><a title=\"Lib\u010dick\u00e1 \u0161kolka\" href=\"http:\/\/skolka.libcice.cz\/\" target=\"_blank\">\u0161kolky s&nbsp;novou barevnou fas\u00e1dou,<\/a><\/span> \u0161kolkov\u00e1 p\u0159edzahr\u00e1dka, bankomat, m\u011bstsk\u00e9 stromo\u0159ad\u00ed, &#8230;<\/p>\n<p>Na\u0161i \u010dlenov\u00e9 se aktivn\u011b pod\u00edlej\u00ed na kulturn\u00edm d\u011bn\u00ed ve m\u011bst\u011b.\u00a0 Organizuj\u00ed <span style=\"text-decoration: underline;\"><a title=\"Festival &quot;Otev\u0159en\u00e1 zahrada&quot;\" href=\"http:\/\/scandula.cz\/festival-otevrena-zahrada\/\" target=\"_blank\">festival p\u011bveck\u00fdch sbor\u016f,<\/a><\/span> po\u0159\u00e1daj\u00ed v\u00fdtvarn\u00e9 a&nbsp;kytarov\u00e9 d\u00edlny, st\u00e1li u&nbsp;za\u010d\u00e1tk\u016f masopustn\u00edch slavnost\u00ed, \u00fa\u010dinkuj\u00ed v&nbsp;nov\u011b vznikl\u00e9m <span style=\"text-decoration: underline;\"><a title=\"LO\u010e - Lib\u010dick\u00e9 ochotnick\u00e9 divadlo\" href=\"https:\/\/plus.google.com\/118311070230451522238\/about\" target=\"_blank\">Lib\u010dick\u00e9m ochotnick\u00e9m divadle,<\/a><\/span> staraj\u00ed se o&nbsp;internetovou s\u00ed\u0165 <span style=\"text-decoration: underline;\"><a title=\"Ob\u010dansk\u00e9 sdru\u017een\u00ed Lib\u010dice.net\" href=\"http:\/\/libcice.net\/\" target=\"_blank\">Lib\u010dice.Net,<\/a> <\/span>zp\u00edvaj\u00ed ve <span style=\"text-decoration: underline;\"><a title=\"P\u011bveck\u00fd sbor Scandula\" href=\"http:\/\/scandula.cz\/\" target=\"_blank\">Scandule<\/a><\/span>, jsou aktivn\u00ed v&nbsp;<span style=\"text-decoration: underline;\"><a title=\"Mate\u0159sk\u00e9 centrum Malina\" href=\"http:\/\/www.mcmalina.cz\/\" target=\"_blank\">mate\u0159sk\u00e9m centru Malina,<\/a><\/span> p\u016fsob\u00ed v&nbsp;<span style=\"text-decoration: underline;\"><a title=\"Sokol Lib\u010dice\" href=\"http:\/\/www.libcice.cz\/organizace\/sokol.html\" target=\"_blank\">Sokole.<\/a><\/span><\/p>\n<h2 style=\"text-align: center;\"><a href=\"https:\/\/libcickekrizovatky.cz\/content\/uploads\/2014\/06\/LOS-03-stredni.jpg\"><img loading=\"lazy\" class=\"size-full wp-image-560 aligncenter\" alt=\"LOS - LIB\u010cICK\u00dd OB\u010cANSK\u00dd SPOLEK\" src=\"https:\/\/libcickekrizovatky.cz\/content\/uploads\/2014\/06\/LOS-03-stredni.jpg\" width=\"424\" height=\"300\" srcset=\"https:\/\/libcickekrizovatky.cz\/content\/uploads\/2014\/06\/LOS-03-stredni.jpg 424w, https:\/\/libcickekrizovatky.cz\/content\/uploads\/2014\/06\/LOS-03-stredni-300x212.jpg 300w\" sizes=\"(max-width: 424px) 100vw, 424px\" \/><\/a><\/h2>\n<h2>Pro\u010d nov\u00fd spolek?<\/h2>\n<p>Nejsme nov\u00ed. N\u011bkter\u00e9 z&nbsp;n\u00e1s jste volili u\u017e v&nbsp;roce 2006 na kandid\u00e1tce p\u016fvodn\u00edho Lib\u011bhradu.<\/p>\n<p>Na mnoho v\u011bc\u00ed jsme m\u011bli jin\u00fd n\u00e1zor ne\u017e sou\u010dasn\u00fd starosta, a&nbsp;proto jsme v&nbsp;dal\u0161\u00edch volb\u00e1ch kandidovali jako nez\u00e1visl\u00ed za TOP 09. Dal\u0161\u00ed 4 roky jsme m\u011bli roli aktivn\u00ed opozice.<\/p>\n<p>Kr\u00e1tce po&nbsp;volb\u00e1ch vznikla m\u00edstn\u00ed bu\u0148ka TOP 09, kter\u00e1 se od n\u00e1s distancovala. Zalo\u017eili jsme tedy vlastn\u00ed organizaci \u2013 Lib\u010dick\u00fd ob\u010dansk\u00fd spolek LOS. Podle n\u00e1zvu jsme spolkem nov\u00fdm, p\u0159esto jsme to st\u00e1le my, dnes nav\u00edc se spoustou nov\u00fdch tv\u00e1\u0159\u00ed.<\/p>\n<h2>Co chceme?<\/h2>\n<p>Nejsme spolkem aktivn\u00ed odvety, ale racion\u00e1ln\u00ed \u00favahy. Chceme, aby Lib\u010dice byly modern\u00edm a&nbsp;p\u0159\u00e1telsk\u00fdm m\u011bstem, s&nbsp;radnic\u00ed, kter\u00e1 sv\u00fdm profesion\u00e1ln\u00edm \u0159\u00edzen\u00edm vytv\u00e1\u0159\u00ed z\u00e1zem\u00ed pro p\u0159\u00edjemn\u00fd a&nbsp;tv\u016fr\u010d\u00ed \u017eivot v&nbsp;obci.<\/p>\n<p>Chceme v\u00e9st m\u011bsto tak, aby va\u0161e nemovitosti z\u00edsk\u00e1valy na hodnot\u011b.<\/p>\n<p>&nbsp;<\/p>\n<p>&nbsp;<\/p>\n<p>&nbsp;<\/p>\n<p>&nbsp;<\/p>\n","protected":false},"excerpt":{"rendered":"<p>Lib\u010dick\u00fd ob\u010dansk\u00fd spolek (LOS) sdru\u017euje skupinu lid\u00ed, kter\u00fdm nen\u00ed lhostejn\u00fd osud na\u0161eho m\u011bsta.\u00a0 V&nbsp;kv\u011btnu 2014 jej zalo\u017eili lid\u00e9, kte\u0159\u00ed st\u00e1li za rozmanit\u00fdmi a&nbsp;\u00fasp\u011b\u0161n\u00fdmi projekty \u201ezlat\u00e9 \u00e9ry\u201c\u00a0 Lib\u010dic v&nbsp;letech 2006 a\u017e 2010. Zn\u00e1te n\u00e1s? N\u00e1s mo\u017en\u00e1 ne, ale s&nbsp;v\u00fdsledky na\u0161\u00ed pr\u00e1ce se potk\u00e1v\u00e1te denn\u011b. Oran\u017eov\u00e9 h\u0159i\u0161t\u011b, zateplen\u00e1 budova \u0161koly a&nbsp;\u0161kolky s&nbsp;novou barevnou fas\u00e1dou, \u0161kolkov\u00e1 p\u0159edzahr\u00e1dka, bankomat, [&hellip;]<\/p>\n","protected":false},"author":3,"featured_media":0,"parent":2151,"menu_order":1,"comment_status":"open","ping_status":"open","template":"","meta":[],"_links":{"self":[{"href":"https:\/\/libcickekrizovatky.cz\/index.php?rest_route=\/wp\/v2\/pages\/130"}],"collection":[{"href":"https:\/\/libcickekrizovatky.cz\/index.php?rest_route=\/wp\/v2\/pages"}],"about":[{"href":"https:\/\/libcickekrizovatky.cz\/index.php?rest_route=\/wp\/v2\/types\/page"}],"author":[{"embeddable":true,"href":"https:\/\/libcickekrizovatky.cz\/index.php?rest_route=\/wp\/v2\/users\/3"}],"replies":[{"embeddable":true,"href":"https:\/\/libcickekrizovatky.cz\/index.php?rest_route=%2Fwp%2Fv2%2Fcomments&post=130"}],"version-history":[{"count":16,"href":"https:\/\/libcickekrizovatky.cz\/index.php?rest_route=\/wp\/v2\/pages\/130\/revisions"}],"predecessor-version":[{"id":2163,"href":"https:\/\/libcickekrizovatky.cz\/index.php?rest_route=\/wp\/v2\/pages\/130\/revisions\/2163"}],"up":[{"embeddable":true,"href":"https:\/\/libcickekrizovatky.cz\/index.php?rest_route=\/wp\/v2\/pages\/2151"}],"wp:attachment":[{"href":"https:\/\/libcickekrizovatky.cz\/index.php?rest_route=%2Fwp%2Fv2%2Fmedia&parent=130"}],"curies":[{"name":"wp","href":"https:\/\/api.w.org\/{rel}","templated":true}]}}