{"id":19617,"date":"2018-09-13T00:34:20","date_gmt":"2018-09-12T22:34:20","guid":{"rendered":"http:\/\/libcickekrizovatky.cz\/?page_id=19617"},"modified":"2026-01-13T17:25:09","modified_gmt":"2026-01-13T16:25:09","slug":"spolek-los-2","status":"publish","type":"page","link":"https:\/\/libcickekrizovatky.cz\/?page_id=19617","title":{"rendered":"Kdo jsme a&nbsp;pro\u010d jsme spolek zalo\u017eili?"},"content":{"rendered":"<h2><a href=\"https:\/\/libcickekrizovatky.cz\/content\/uploads\/2018\/09\/kdo-jsme-1.jpg\"><img class=\"aligncenter size-full wp-image-19990\" src=\"https:\/\/libcickekrizovatky.cz\/content\/uploads\/2018\/09\/kdo-jsme-1.jpg\" alt=\"\" width=\"100%\" srcset=\"https:\/\/libcickekrizovatky.cz\/content\/uploads\/2018\/09\/kdo-jsme-1.jpg 2018w, https:\/\/libcickekrizovatky.cz\/content\/uploads\/2018\/09\/kdo-jsme-1-300x136.jpg 300w, https:\/\/libcickekrizovatky.cz\/content\/uploads\/2018\/09\/kdo-jsme-1-768x349.jpg 768w, https:\/\/libcickekrizovatky.cz\/content\/uploads\/2018\/09\/kdo-jsme-1-1024x465.jpg 1024w\" sizes=\"(max-width: 2018px) 100vw, 2018px\" \/><\/a><\/h2>\n<p>Lib\u010dick\u00fd ob\u010dansk\u00fd spolek LOS jsme zalo\u017eili v&nbsp;kv\u011btnu 2014, na zahrad\u011b, u&nbsp;ohn\u011b. Bylo n\u00e1s jeden\u00e1ct, dnes je n\u00e1s t\u0159ikr\u00e1t tolik a&nbsp;st\u00e1le n\u00e1s to spolu bav\u00ed. Jsme skupina lid\u00ed, kter\u00e1 se sna\u017e\u00ed podporovat \u017eivot v&nbsp;na\u0161em m\u011bst\u011b. N\u011bkte\u0159\u00ed po\u0159\u00e1daj\u00ed kulturn\u00ed, spole\u010densk\u00e9 a&nbsp;sportovn\u00ed akce, jin\u00ed tvo\u0159\u00ed, inspiruj\u00ed nebo se sna\u017e\u00ed obnovit kdysi b\u011b\u017en\u00e9 v\u00edkendov\u00e9 trhy.<\/p>\n<p>Chceme Lib\u010dice p\u0159\u00edv\u011btiv\u00e9, \u017eiv\u00e9 a&nbsp;f\u00e9rov\u00e9. Proto se tak\u00e9 pod\u00edl\u00edme na politick\u00e9m d\u011bn\u00ed ve m\u011bst\u011b. V&nbsp;zastupitelstvu m\u011bsta jsou \u010dty\u0159i z&nbsp;n\u00e1s, \u017eivotn\u00ed zku\u0161enosti a&nbsp;odborn\u00e9 z\u00e1zem\u00ed ale sd\u00edl\u00edme vespolek.<\/p>\n<h2>Zn\u00e1te n\u00e1s z&nbsp;r\u016fzn\u00fdch akc\u00ed<\/h2>\n<p>V uplynul\u00fdch \u010dty\u0159ech letech jsme \u017eili intenzivn\u00edm spole\u010densk\u00fdm \u017eivotem a&nbsp;vy jste byli u&nbsp;toho. Za\u010dali jsme v&nbsp;Lib\u010dic\u00edch prom\u00edtat filmy, v&nbsp;letn\u00edm kin\u011b a&nbsp;v&nbsp;kin\u011b Kotelna, dvakr\u00e1t ro\u010dn\u011b organizujeme festival outdoorov\u00fdch film\u016f, zalo\u017eili jsme tradici podzimn\u00ed Lib\u010dick\u00e9 Ha\u0161lerky, v&nbsp;p\u0159edv\u00e1no\u010dn\u00edm \u010dase pravideln\u011b p\u0159ipravujeme Rybovu \u010ceskou m\u0161i v\u00e1no\u010dn\u00ed. Zjistili jsme, \u017ee do \u0161roub\u00e1rny se d\u00e1 chodit nejen za prac\u00ed, ale i&nbsp;za kulturou nebo na trh pro zeleninu a&nbsp;\u010derstv\u00e9 potraviny. Spole\u010dn\u011b s&nbsp;n\u00e1mi jste mohli malovat velikono\u010dn\u00ed kraslice, v\u00e1zat adventn\u00ed v\u011bnce, malovat na porcel\u00e1n, zdobit pern\u00ed\u010dky a&nbsp;pl\u00e9st ko\u0161\u00edky.<\/p>\n<p>&nbsp;<\/p>\n<div class=\"gallery gallery-columns-8 gallery-size-thumbnail rps-image-gallery-format-default rps-image-gallery-theme-default rps-image-gallery-columns-no-responsive rps-image-gallery rps-image-gallery-masonry rps-image-gallery-no-heading rps-image-gallery-no-caption rps-image-gallery-no-social \" style=\"text-align:left\" pageSize=\"0\" currentPage=\"0\" ><ul class=\"background-thumbnails\"><li class=\"gallery-item gallery-item-begin-row\"><div class=\"gallery-icon landscape\"><a rel=\"rps-image-group-19617\" href=\"https:\/\/libcickekrizovatky.cz\/content\/uploads\/2018\/06\/IMG_7205.jpg\" title=\"\"><img src=\"https:\/\/libcickekrizovatky.cz\/content\/uploads\/2018\/06\/IMG_7205-250x250.jpg\" alt=\"Farmarske trhy_7205\" title=\"Farmarske trhy_7205\" class=\"attachment-thumbnail\" width=\"250\" height=\"250\" sizes=\"(max-width: 250px) 100vw, 250px\"><\/a><\/div><\/li><li class=\"gallery-item \"><div class=\"gallery-icon landscape\"><a rel=\"rps-image-group-19617\" href=\"https:\/\/libcickekrizovatky.cz\/content\/uploads\/2018\/05\/L5D0308_2048.jpg\" title=\"&amp;lt;div class=&amp;quot;fancybox-title-caption&amp;quot;&amp;gt;&amp;lt;p&amp;gt;Vp\u0159edu v\u00e1\u0161e\u0148, v pozad\u00ed industri\u00e1l&amp;lt;\/p&amp;gt;\n&amp;lt;\/div&amp;gt;\"><img src=\"https:\/\/libcickekrizovatky.cz\/content\/uploads\/2018\/05\/L5D0308_2048-250x250.jpg\" alt=\"_L5D0308_2048\" title=\"_L5D0308_2048\" class=\"attachment-thumbnail\" width=\"250\" height=\"250\" sizes=\"(max-width: 250px) 100vw, 250px\"><\/a><\/div><\/li><li class=\"gallery-item \"><div class=\"gallery-icon landscape\"><a rel=\"rps-image-group-19617\" href=\"https:\/\/libcickekrizovatky.cz\/content\/uploads\/2018\/09\/EKFF_LIS7371_resize.jpg\" title=\"\"><img src=\"https:\/\/libcickekrizovatky.cz\/content\/uploads\/2018\/09\/EKFF_LIS7371_resize-250x250.jpg\" alt=\"EKFF_LIS7371_resize\" title=\"EKFF_LIS7371_resize\" class=\"attachment-thumbnail\" width=\"250\" height=\"250\" sizes=\"(max-width: 250px) 100vw, 250px\"><\/a><\/div><\/li><li class=\"gallery-item \"><div class=\"gallery-icon landscape\"><a rel=\"rps-image-group-19617\" href=\"https:\/\/libcickekrizovatky.cz\/content\/uploads\/2018\/05\/DSC_0165.jpg\" title=\"&amp;lt;div class=&amp;quot;fancybox-title-caption&amp;quot;&amp;gt;&amp;lt;p&amp;gt;Jeden z \u010dlen\u016f Piccolo Coro &amp;lt;\/p&amp;gt;\n&amp;lt;\/div&amp;gt;\"><img src=\"https:\/\/libcickekrizovatky.cz\/content\/uploads\/2018\/05\/DSC_0165-250x250.jpg\" alt=\"DSC_0165\" title=\"DSC_0165\" class=\"attachment-thumbnail\" width=\"250\" height=\"250\" sizes=\"(max-width: 250px) 100vw, 250px\"><\/a><\/div><\/li><li class=\"gallery-item \"><div class=\"gallery-icon landscape\"><a rel=\"rps-image-group-19617\" href=\"https:\/\/libcickekrizovatky.cz\/content\/uploads\/2018\/09\/SvMartin_Q0R6243.jpg\" title=\"\"><img src=\"https:\/\/libcickekrizovatky.cz\/content\/uploads\/2018\/09\/SvMartin_Q0R6243-250x250.jpg\" alt=\"SvMartin_Q0R6243\" title=\"SvMartin_Q0R6243\" class=\"attachment-thumbnail\" width=\"250\" height=\"250\" sizes=\"(max-width: 250px) 100vw, 250px\"><\/a><\/div><\/li><li class=\"gallery-item \"><div class=\"gallery-icon landscape\"><a rel=\"rps-image-group-19617\" href=\"https:\/\/libcickekrizovatky.cz\/content\/uploads\/2018\/09\/Rybovka-IMG_1628.jpg\" title=\"\"><img src=\"https:\/\/libcickekrizovatky.cz\/content\/uploads\/2018\/09\/Rybovka-IMG_1628-250x250.jpg\" alt=\"Rybovka IMG_1628\" title=\"Rybovka IMG_1628\" class=\"attachment-thumbnail\" width=\"250\" height=\"250\" sizes=\"(max-width: 250px) 100vw, 250px\"><\/a><\/div><\/li><li class=\"gallery-item \"><div class=\"gallery-icon landscape\"><a rel=\"rps-image-group-19617\" href=\"https:\/\/libcickekrizovatky.cz\/content\/uploads\/2018\/09\/Haslerka-Josef-Zima_4227.jpg\" title=\"\"><img src=\"https:\/\/libcickekrizovatky.cz\/content\/uploads\/2018\/09\/Haslerka-Josef-Zima_4227-250x250.jpg\" alt=\"Haslerka Josef-Zima_4227\" title=\"Haslerka Josef-Zima_4227\" class=\"attachment-thumbnail\" width=\"250\" height=\"250\" sizes=\"(max-width: 250px) 100vw, 250px\"><\/a><\/div><\/li><li class=\"gallery-item gallery-item-end-row\"><div class=\"gallery-icon landscape\"><a rel=\"rps-image-group-19617\" href=\"https:\/\/libcickekrizovatky.cz\/content\/uploads\/2018\/03\/VJDSC_0244.jpg\" title=\"&amp;lt;div class=&amp;quot;fancybox-title-caption&amp;quot;&amp;gt;&amp;lt;p&amp;gt;P\u00edse\u0148 na z\u00e1v\u011br&amp;lt;\/p&amp;gt;\n&amp;lt;\/div&amp;gt;\"><img src=\"https:\/\/libcickekrizovatky.cz\/content\/uploads\/2018\/03\/VJDSC_0244-250x250.jpg\" alt=\"VJDSC_0244\" title=\"VJDSC_0244\" class=\"attachment-thumbnail last\" width=\"250\" height=\"250\" sizes=\"(max-width: 250px) 100vw, 250px\"><\/a><\/div><\/li><\/ul><\/div>\n<p>Na\u0161i \u010dlenov\u00e9 jsou lid\u00e9 aktivn\u00ed, spo\u010dinout v&nbsp;jednom m\u00edstn\u00edm sdru\u017een\u00ed jim nesta\u010d\u00ed. Aktivn\u011b se pod\u00edlej\u00ed na kulturn\u00edm d\u011bn\u00ed ve m\u011bst\u011b. Organizuj\u00ed <span style=\"text-decoration: underline;\"><a href=\"http:\/\/scandula.cz\/festival-otevrena-zahrada\/\" target=\"_blank\" rel=\"noopener\">festival p\u011bveck\u00fdch sbor\u016f,<\/a><\/span> po\u0159\u00e1daj\u00ed v\u00fdtvarn\u00e9 a&nbsp;kytarov\u00e9 d\u00edlny, st\u00e1li u&nbsp;za\u010d\u00e1tk\u016f masopustn\u00edch slavnost\u00ed, hraj\u00ed v<a href=\"https:\/\/plus.google.com\/118311070230451522238\/about\" target=\"_blank\" rel=\"noopener\"> <span style=\"text-decoration: underline;\">Lib\u010dick\u00e9m ochotnick\u00e9m divadle LO\u010e,<\/span><\/a> staraj\u00ed se o&nbsp;internetovou s\u00ed\u0165<a href=\"http:\/\/libcice.net\/\" target=\"_blank\" rel=\"noopener\"> <span style=\"text-decoration: underline;\">Lib\u010dice.Net,<\/span><\/a> zp\u00edvaj\u00ed ve<span style=\"text-decoration: underline;\"><a href=\"http:\/\/scandula.cz\/\" target=\"_blank\" rel=\"noopener\"> Scandule<\/a><\/span>, jsou aktivn\u00ed v&nbsp;<a href=\"http:\/\/www.mcmalina.cz\/\" target=\"_blank\" rel=\"noopener\"><span style=\"text-decoration: underline;\">mate\u0159sk\u00e9m centru Malina,<\/span><\/a> p\u016fsob\u00ed v&nbsp;<span style=\"text-decoration: underline;\"><a href=\"http:\/\/www.libcice.cz\/organizace\/sokol.html\" target=\"_blank\" rel=\"noopener\">Sokole<\/a><\/span>, <span style=\"text-decoration: underline;\"><a href=\"https:\/\/www.facebook.com\/HasiciLibcice\/\" target=\"_blank\" rel=\"noopener\">has\u00ed po\u017e\u00e1ry<\/a><\/span>.<\/p>\n<h2>Pracujeme pro m\u011bsto, pracujeme v&nbsp;zastupitelstvu<\/h2>\n<p>Od \u0159\u00edjna 2014 jsou \u010dty\u0159i na\u0161i \u010dlenov\u00e9 zastupiteli m\u011bsta. Z&nbsp;opozi\u010dn\u00edch \u0159ad sice nemohou m\u011bsto aktivn\u011b \u0159\u00eddit, ba dokonce jim byl zabr\u00e1n\u011bn p\u0159\u00edstup do kontroln\u00edch org\u00e1n\u016f m\u011bsta, p\u0159esto se v\u0161ak pr\u016fb\u011b\u017enou a&nbsp;pe\u010dlivou p\u0159\u00edpravou a&nbsp;v\u011bcn\u00fdmi argumenty sna\u017e\u00ed veden\u00ed posouvat k&nbsp;systemati\u010dt\u011bj\u0161\u00edmu p\u0159\u00edstupu. Iniciovali po\u0159\u00edzen\u00ed strategick\u00e9ho pl\u00e1nu; p\u0159esv\u011bd\u010dili kolegy zastupitele, aby p\u0159em\u011bnu centra m\u011bsta \u0159e\u0161ili komplexn\u011b a&nbsp;sv\u011b\u0159ili ji odborn\u00edk\u016fm; vlastn\u00edmi silami po\u0159izovali audiovizu\u00e1ln\u00ed z\u00e1znam z&nbsp;jedn\u00e1n\u00ed zastupitelstva m\u011bsta jako slu\u017ebu ob\u010dan\u016fm; sledovali a&nbsp;p\u0159ipom\u00ednkovali zm\u011bny \u00fazemn\u00edho pl\u00e1nu, zejm\u00e9na ty nesyst\u00e9mov\u00e9 a&nbsp;\u00fa\u010delov\u00e9.<\/p>\n<p>Posledn\u00ed \u010dty\u0159i roky ale nejsou v\u0161e, co je za na\u0161imi politicky aktivn\u00edmi \u010dleny vid\u011bt. V&nbsp;zastupitelstvu a&nbsp;dokonce i&nbsp;ve veden\u00ed m\u011bsta p\u016fsob\u00ed dlouhodob\u011b a&nbsp;v\u00fdsledky jsou za nimi vid\u011bt dodnes. Stoj\u00ed za vznikem Oran\u017eov\u00e9ho h\u0159i\u0161t\u011b, za projektem zateplen\u00ed a&nbsp;opravy fas\u00e1d budov z\u00e1kladn\u00ed a&nbsp;mate\u0159sk\u00e9 \u0161koly, \u0161kolkovou p\u0159edzahr\u00e1dkou, projektem obnovy m\u011bstsk\u00e9ho stromo\u0159ad\u00ed, Lib\u010dice tak\u00e9 vybavili bankomatem. A&nbsp;nutno dodat, \u017ee v\u0161echny tyto projekty dok\u00e1zali realizovat d\u00edky \u00fasp\u011b\u0161n\u00fdm mnohamilionov\u00fdm dota\u010dn\u00edm \u0159\u00edzen\u00edm. Sna\u017eili se t\u00e9\u017e nastavit syst\u00e9mov\u00e9 a&nbsp;koncep\u010dn\u00ed \u0159\u00edzen\u00ed obce, mimo jin\u00e9 z\u0159\u00eddili hojn\u011b vyu\u017e\u00edvan\u00fd m\u011bstsk\u00fd fond na podporu kulturn\u00edch a&nbsp;spole\u010densk\u00fdch akc\u00ed a&nbsp;fond \u0161kolsk\u00e9ho rozvoje.<\/p>\n<h2>Co chceme?<\/h2>\n<p>Chceme, aby Lib\u010dice byly p\u0159\u00edv\u011btiv\u00fdm, klidn\u00fdm a&nbsp;p\u0159itom modern\u00edm m\u011bstem, s&nbsp;radnic\u00ed, kter\u00e1 sv\u00fdm profesion\u00e1ln\u00edm \u0159\u00edzen\u00edm vytv\u00e1\u0159\u00ed z\u00e1zem\u00ed pro bezpe\u010dn\u00fd, spokojen\u00fd a&nbsp;plnohodnotn\u00fd \u017eivot v&nbsp;obci. Chceme lidi spojovat, b\u00fdt sousedy, spolupracovat a&nbsp;vz\u00e1jemn\u011b se respektovat.<\/p>\n<h2>M\u00e1te chu\u0165 se k&nbsp;n\u00e1m p\u0159idat?<\/h2>\n<p>L\u00edb\u00ed se V\u00e1m na\u0161e n\u00e1zory? Vid\u00edte to podobn\u011b? Ne, ur\u010dit\u011b nejsme uzav\u0159en\u00e1 parta.<\/p>\n<p>Sta\u010d\u00ed napsat na mail: <span style=\"text-decoration: underline;\"><a href=\"mai&#108;&#x74;&#x6f;&#x3a;inf&#111;&#x40;&#x6c;&#x69;&#x62;cic&#107;&#x65;&#x6b;&#x72;&#x69;zov&#97;&#x74;&#x6b;&#x79;.cz\">&#x69;&#x6e;&#x66;&#x6f;&#x40;&#x6c;&#x69;&#x62;&#x63;&#x69;&#x63;&#x6b;&#x65;&#x6b;&#x72;&#x69;&#x7a;&#x6f;&#x76;&#x61;&#x74;&#x6b;&#121;&#46;&#99;&#122;<\/a><\/span> a&nbsp;my se V\u00e1m ozveme.<\/p>\n<h2>Aktu\u00e1ln\u00ed seznam \u010dlen\u016f<\/h2>\n<table border=\"0\" width=\"80%\" cellspacing=\"5\" cellpadding=\"5\">\n<tbody>\n<tr>\n<td align=\"left\" valign=\"top\">\n<ul>\n<li>Renata Baxov\u00e1<\/li>\n<li>Lenka Coufalov\u00e1<\/li>\n<li>Petra Grybauskas<\/li>\n<li>Vojta Juda<\/li>\n<li>Kate\u0159ina Judov\u00e1<\/li>\n<li>Mirka Kou\u0161ov\u00e1<\/li>\n<li>Mark\u00e9ta Kratochv\u00edlov\u00e1<\/li>\n<li>Luk\u00e1\u0161 Ku\u010dera<\/li>\n<li>Tom\u00e1\u0161 Lis\u00fd<\/li>\n<li>Martina Macurov\u00e1<\/li>\n<li>Jan Men\u0161\u00edk<\/li>\n<li>Jakub Mina\u0159\u00edk<\/li>\n<li>Zuzana Mo\u0161ovsk\u00e1<\/li>\n<li>Petr Musil<\/li>\n<\/ul>\n<\/td>\n<td align=\"left\" valign=\"top\">\n<ul>\n<li>Zuzana Musilov\u00e1<\/li>\n<li>Michal Nehasil<\/li>\n<li>Petr Nehasil<\/li>\n<li>Tereza Nehasilov\u00e1<\/li>\n<li>Petra Nov\u00e1kov\u00e1 S\u00e1dkov\u00e1<\/li>\n<li>Petra Pele\u0161kov\u00e1<\/li>\n<li>Radka Pe\u0159inov\u00e1<\/li>\n<li>Jan Pt\u00e1\u010dek<\/li>\n<li>Ilona Pt\u00e1\u010dkov\u00e1<\/li>\n<li>Jaroslav Richter<\/li>\n<li>Lucie Richterov\u00e1<\/li>\n<li>Petr Sch\u00f6nfeld<\/li>\n<li>Martin Sekera<\/li>\n<li>Roman \u0160ebl<\/li>\n<\/ul>\n<\/td>\n<\/tr>\n<\/tbody>\n<\/table>\n","protected":false},"excerpt":{"rendered":"<p>Lib\u010dick\u00fd ob\u010dansk\u00fd spolek LOS jsme zalo\u017eili v&nbsp;kv\u011btnu 2014, na zahrad\u011b, u&nbsp;ohn\u011b. Bylo n\u00e1s jeden\u00e1ct, dnes je n\u00e1s t\u0159ikr\u00e1t tolik a&nbsp;st\u00e1le n\u00e1s to spolu bav\u00ed. Jsme skupina lid\u00ed, kter\u00e1 se sna\u017e\u00ed podporovat \u017eivot v&nbsp;na\u0161em m\u011bst\u011b. N\u011bkte\u0159\u00ed po\u0159\u00e1daj\u00ed kulturn\u00ed, spole\u010densk\u00e9 a&nbsp;sportovn\u00ed akce, jin\u00ed tvo\u0159\u00ed, inspiruj\u00ed nebo se sna\u017e\u00ed obnovit kdysi b\u011b\u017en\u00e9 v\u00edkendov\u00e9 trhy. Chceme Lib\u010dice p\u0159\u00edv\u011btiv\u00e9, \u017eiv\u00e9 [&hellip;]<\/p>\n","protected":false},"author":3,"featured_media":0,"parent":0,"menu_order":0,"comment_status":"closed","ping_status":"closed","template":"","meta":[],"_links":{"self":[{"href":"https:\/\/libcickekrizovatky.cz\/index.php?rest_route=\/wp\/v2\/pages\/19617"}],"collection":[{"href":"https:\/\/libcickekrizovatky.cz\/index.php?rest_route=\/wp\/v2\/pages"}],"about":[{"href":"https:\/\/libcickekrizovatky.cz\/index.php?rest_route=\/wp\/v2\/types\/page"}],"author":[{"embeddable":true,"href":"https:\/\/libcickekrizovatky.cz\/index.php?rest_route=\/wp\/v2\/users\/3"}],"replies":[{"embeddable":true,"href":"https:\/\/libcickekrizovatky.cz\/index.php?rest_route=%2Fwp%2Fv2%2Fcomments&post=19617"}],"version-history":[{"count":44,"href":"https:\/\/libcickekrizovatky.cz\/index.php?rest_route=\/wp\/v2\/pages\/19617\/revisions"}],"predecessor-version":[{"id":30691,"href":"https:\/\/libcickekrizovatky.cz\/index.php?rest_route=\/wp\/v2\/pages\/19617\/revisions\/30691"}],"wp:attachment":[{"href":"https:\/\/libcickekrizovatky.cz\/index.php?rest_route=%2Fwp%2Fv2%2Fmedia&parent=19617"}],"curies":[{"name":"wp","href":"https:\/\/api.w.org\/{rel}","templated":true}]}}