{"id":27418,"date":"2022-08-18T15:02:07","date_gmt":"2022-08-18T13:02:07","guid":{"rendered":"https:\/\/libcickekrizovatky.cz\/?page_id=27418"},"modified":"2022-08-20T14:56:18","modified_gmt":"2022-08-20T12:56:18","slug":"ilona-ptackova","status":"publish","type":"page","link":"https:\/\/libcickekrizovatky.cz\/?page_id=27418","title":{"rendered":"Ilona Pt\u00e1\u010dkov\u00e1"},"content":{"rendered":"<p><strong><a href=\"https:\/\/libcickekrizovatky.cz\/?page_id=27211\">Kandid\u00e1tka do zastupitelstva<\/a> m\u011bsta Lib\u010dice nad Vltavou na 7.&nbsp;m\u00edst\u011b za Lib\u010dick\u00fd ob\u010dansk\u00fd spolek LOS.<\/strong><\/p>\n<p><img class=\"aligncenter size-large wp-image-27358\" src=\"https:\/\/libcickekrizovatky.cz\/content\/uploads\/2022\/08\/L5D6792_ilona_new_final_1600-683x1024.jpg\" alt=\"Ilona Pt\u00e1\u010dkov\u00e1 (7.)\" width=\"100%\" srcset=\"https:\/\/libcickekrizovatky.cz\/content\/uploads\/2022\/08\/L5D6792_ilona_new_final_1600-683x1024.jpg 683w, https:\/\/libcickekrizovatky.cz\/content\/uploads\/2022\/08\/L5D6792_ilona_new_final_1600-200x300.jpg 200w, https:\/\/libcickekrizovatky.cz\/content\/uploads\/2022\/08\/L5D6792_ilona_new_final_1600-768x1152.jpg 768w, https:\/\/libcickekrizovatky.cz\/content\/uploads\/2022\/08\/L5D6792_ilona_new_final_1600-1024x1536.jpg 1024w, https:\/\/libcickekrizovatky.cz\/content\/uploads\/2022\/08\/L5D6792_ilona_new_final_1600.jpg 1067w\" sizes=\"(max-width: 683px) 100vw, 683px\" \/><\/p>\n<p>&nbsp;<\/p>\n<p>Ilona je zastupitelkou za LOS ji\u017e dv\u011b volebn\u00ed obdob\u00ed a&nbsp;od zalo\u017een\u00ed LOSu je jeho p\u0159edsedkyn\u00ed. Vyrostla v&nbsp;Kobylis\u00edch a&nbsp;takovou malou spojnic\u00ed s&nbsp;Lib\u010dicemi, kde \u017eije ji\u017e p\u0159es 25 let, byl \u00daJV \u0158e\u017e, kde v&nbsp;minulosti tak\u00e9 pracovala valn\u00e1 \u010d\u00e1st obyvatel Lib\u010dic.<\/p>\n<p>V sou\u010dasn\u00e9 dob\u011b pracuje v&nbsp;nadn\u00e1rodn\u00ed spole\u010dnosti zab\u00fdvaj\u00edc\u00ed se v\u00fdhradn\u011b poji\u0161t\u011bn\u00edm lid\u00ed, ale pr\u00e1ce ve slu\u017eb\u00e1ch jako takov\u00fdch ji prov\u00e1z\u00ed p\u0159es dvacet let. V&nbsp;Lib\u010dic\u00edch nap\u0159\u00edklad vedla \u0161koln\u00ed j\u00eddelnu M\u0160. I&nbsp;d\u00edky tomu dob\u0159e zn\u00e1 \u00faskal\u00ed pr\u00e1ce s&nbsp;lidmi a&nbsp;ve\u0159ejnost\u00ed a&nbsp;m\u00e1 dobr\u00fd vhled do m\u00edstn\u00edch pom\u011br\u016f. V&nbsp;zeleni vltavsk\u00e9ho \u00fadol\u00ed bydl\u00ed moc r\u00e1da, stejn\u011b tak je ale r\u00e1da za dobr\u00e9 spojen\u00ed s&nbsp;Prahou, kde i&nbsp;p\u0159es probl\u00e9my a&nbsp;nedostatky velkom\u011bsta je mo\u017en\u00e9 tak\u00e9 hledat mnoh\u00e9 inspirace v&nbsp;m\u011bstsk\u00fdch \u010d\u00e1stech, jak by mohla radnice slou\u017eit lidem v&nbsp;m\u00edst\u011b, kde \u017eijete.<\/p>\n<p><!--more--><\/p>\n<div class=\"gallery gallery-columns-4 gallery-size-thumbnail rps-image-gallery-format-default rps-image-gallery-theme-default rps-image-gallery-columns-no-responsive rps-image-gallery rps-image-gallery-masonry rps-image-gallery-no-heading rps-image-gallery-no-caption rps-image-gallery-no-social \" style=\"text-align:left\" pageSize=\"0\" currentPage=\"0\" ><ul class=\"background-thumbnails\"><li class=\"gallery-item gallery-item-begin-row\"><div class=\"gallery-icon landscape\"><a rel=\"rps-image-group-27418\" href=\"https:\/\/libcickekrizovatky.cz\/content\/uploads\/2022\/08\/CSC_8089.jpg\" title=\"&amp;lt;div class=&amp;quot;fancybox-title-caption&amp;quot;&amp;gt;Ilona Pt\u00e1\u010dkov\u00e1 (7.)&amp;lt;\/div&amp;gt;\"><img src=\"https:\/\/libcickekrizovatky.cz\/content\/uploads\/2022\/08\/CSC_8089-250x250.jpg\" alt=\"Ilona Pt\u00e1\u010dkov\u00e1 (7.)\" title=\"Ilona Pt\u00e1\u010dkov\u00e1 (7.)\" class=\"attachment-thumbnail\" width=\"250\" height=\"250\" sizes=\"(max-width: 250px) 100vw, 250px\"><\/a><\/div><\/li><li class=\"gallery-item \"><div class=\"gallery-icon landscape\"><a rel=\"rps-image-group-27418\" href=\"https:\/\/libcickekrizovatky.cz\/content\/uploads\/2022\/08\/LIS9841_resize.jpg\" title=\"&amp;lt;div class=&amp;quot;fancybox-title-caption&amp;quot;&amp;gt;Ilona Pt\u00e1\u010dkov\u00e1 (7.)&amp;lt;\/div&amp;gt;\"><img src=\"https:\/\/libcickekrizovatky.cz\/content\/uploads\/2022\/08\/LIS9841_resize-250x250.jpg\" alt=\"Ilona Pt\u00e1\u010dkov\u00e1 (7.)\" title=\"Ilona Pt\u00e1\u010dkov\u00e1 (7.)\" class=\"attachment-thumbnail\" width=\"250\" height=\"250\" sizes=\"(max-width: 250px) 100vw, 250px\"><\/a><\/div><\/li><li class=\"gallery-item \"><div class=\"gallery-icon landscape\"><a rel=\"rps-image-group-27418\" href=\"https:\/\/libcickekrizovatky.cz\/content\/uploads\/2022\/08\/Josef-Zima_4248.jpg\" title=\"&amp;lt;div class=&amp;quot;fancybox-title-caption&amp;quot;&amp;gt;Ilona Pt\u00e1\u010dkov\u00e1 (7.)&amp;lt;\/div&amp;gt;\"><img src=\"https:\/\/libcickekrizovatky.cz\/content\/uploads\/2022\/08\/Josef-Zima_4248-250x250.jpg\" alt=\"Ilona Pt\u00e1\u010dkov\u00e1 (7.)\" title=\"Ilona Pt\u00e1\u010dkov\u00e1 (7.)\" class=\"attachment-thumbnail\" width=\"250\" height=\"250\" sizes=\"(max-width: 250px) 100vw, 250px\"><\/a><\/div><\/li><li class=\"gallery-item gallery-item-end-row\"><div class=\"gallery-icon landscape\"><a rel=\"rps-image-group-27418\" href=\"https:\/\/libcickekrizovatky.cz\/content\/uploads\/2022\/08\/IMG_8401.jpg\" title=\"&amp;lt;div class=&amp;quot;fancybox-title-caption&amp;quot;&amp;gt;Ilona Pt\u00e1\u010dkov\u00e1 (7.)&amp;lt;\/div&amp;gt;\"><img src=\"https:\/\/libcickekrizovatky.cz\/content\/uploads\/2022\/08\/IMG_8401-250x250.jpg\" alt=\"Ilona Pt\u00e1\u010dkov\u00e1 (7.)\" title=\"Ilona Pt\u00e1\u010dkov\u00e1 (7.)\" class=\"attachment-thumbnail last\" width=\"250\" height=\"250\" sizes=\"(max-width: 250px) 100vw, 250px\"><\/a><\/div><\/li><\/ul><\/div>\n<p>&nbsp;<\/p>\n<p><span style=\"font-weight: 400;\">Ilonu radnice zaj\u00edm\u00e1 zvl\u00e1\u0161t\u011b z&nbsp;pohledu \u00fa\u0159ad versus ob\u010dan, tedy poskytovatel slu\u017eeb versus u\u017eivatel slu\u017eeb a&nbsp;r\u00e1da by se zasadila o&nbsp;zlep\u0161en\u00ed otev\u0159enosti radnice a&nbsp;komunikace s&nbsp;lidmi. V&nbsp;Lib\u010dic\u00edch vyrostly jej\u00ed t\u0159i d\u011bti, kluci od d\u011btstv\u00ed byli spjati s&nbsp;lib\u010dick\u00fdm fotbalem a&nbsp;nejstar\u0161\u00ed z\u016fst\u00e1v\u00e1 v\u011brn\u00fd AFK i&nbsp;te\u010f v&nbsp;dosp\u011blosti. Za posledn\u00edch deset let se Ilona pod\u00edlela na mnoh\u00fdch kulturn\u00edch a&nbsp;volno\u010dasov\u00fdch aktivit\u00e1ch po\u0159\u00e1dan\u00fdch spolkem, nejv\u00edce v\u0161ak spolu s&nbsp;Lubo\u0161em Harazinem stoj\u00ed za udr\u017een\u00edm tradice Lib\u010dick\u00e9 Ha\u0161lerky, kterou se da\u0159\u00ed i&nbsp;p\u0159es st\u00e1le v\u011bt\u0161\u00ed a&nbsp;v\u011bt\u0161\u00ed finan\u010dn\u00ed n\u00e1ro\u010dnost ka\u017ed\u00fdm rokem pro lib\u010dick\u00e9 opakovat, \u2026stejn\u011b tak je to o&nbsp;V\u00e1noc\u00edch s&nbsp;Rybovou m\u0161\u00ed v&nbsp;jej\u00edm m\u00edstn\u00edm komorn\u00edm pod\u00e1n\u00ed.<\/span><\/p>\n<p>&gt; <span style=\"text-decoration: underline;\"><a href=\"https:\/\/libcickekrizovatky.cz\/?page_id=27211\">Pod\u00edvejte se na dal\u0161\u00ed kandid\u00e1ty Lib\u010dick\u00e9ho ob\u010dansk\u00e9ho spolku LOS do zastupitelstva m\u011bsta Lib\u010dice nad Vltavou v&nbsp;roce 2022<\/a><\/span><\/p>\n","protected":false},"excerpt":{"rendered":"<p>Kandid\u00e1tka do zastupitelstva m\u011bsta Lib\u010dice nad Vltavou na 7.&nbsp;m\u00edst\u011b za Lib\u010dick\u00fd ob\u010dansk\u00fd spolek LOS. &nbsp; Ilona je zastupitelkou za LOS ji\u017e dv\u011b volebn\u00ed obdob\u00ed a&nbsp;od zalo\u017een\u00ed LOSu je jeho p\u0159edsedkyn\u00ed. Vyrostla v&nbsp;Kobylis\u00edch a&nbsp;takovou malou spojnic\u00ed s&nbsp;Lib\u010dicemi, kde \u017eije ji\u017e p\u0159es 25 let, byl \u00daJV \u0158e\u017e, kde v&nbsp;minulosti tak\u00e9 pracovala valn\u00e1 \u010d\u00e1st obyvatel Lib\u010dic. V&nbsp;sou\u010dasn\u00e9 [&hellip;]<\/p>\n","protected":false},"author":29,"featured_media":27358,"parent":27211,"menu_order":0,"comment_status":"closed","ping_status":"closed","template":"","meta":[],"_links":{"self":[{"href":"https:\/\/libcickekrizovatky.cz\/index.php?rest_route=\/wp\/v2\/pages\/27418"}],"collection":[{"href":"https:\/\/libcickekrizovatky.cz\/index.php?rest_route=\/wp\/v2\/pages"}],"about":[{"href":"https:\/\/libcickekrizovatky.cz\/index.php?rest_route=\/wp\/v2\/types\/page"}],"author":[{"embeddable":true,"href":"https:\/\/libcickekrizovatky.cz\/index.php?rest_route=\/wp\/v2\/users\/29"}],"replies":[{"embeddable":true,"href":"https:\/\/libcickekrizovatky.cz\/index.php?rest_route=%2Fwp%2Fv2%2Fcomments&post=27418"}],"version-history":[{"count":3,"href":"https:\/\/libcickekrizovatky.cz\/index.php?rest_route=\/wp\/v2\/pages\/27418\/revisions"}],"predecessor-version":[{"id":27451,"href":"https:\/\/libcickekrizovatky.cz\/index.php?rest_route=\/wp\/v2\/pages\/27418\/revisions\/27451"}],"up":[{"embeddable":true,"href":"https:\/\/libcickekrizovatky.cz\/index.php?rest_route=\/wp\/v2\/pages\/27211"}],"wp:featuredmedia":[{"embeddable":true,"href":"https:\/\/libcickekrizovatky.cz\/index.php?rest_route=\/wp\/v2\/media\/27358"}],"wp:attachment":[{"href":"https:\/\/libcickekrizovatky.cz\/index.php?rest_route=%2Fwp%2Fv2%2Fmedia&parent=27418"}],"curies":[{"name":"wp","href":"https:\/\/api.w.org\/{rel}","templated":true}]}}