{"id":27432,"date":"2022-08-18T15:24:37","date_gmt":"2022-08-18T13:24:37","guid":{"rendered":"https:\/\/libcickekrizovatky.cz\/?page_id=27432"},"modified":"2022-08-20T20:38:23","modified_gmt":"2022-08-20T18:38:23","slug":"mgr-zuzana-mosovska","status":"publish","type":"page","link":"https:\/\/libcickekrizovatky.cz\/?page_id=27432","title":{"rendered":"Mgr. Zuzana Mo\u0161ovsk\u00e1"},"content":{"rendered":"<p><strong><a href=\"https:\/\/libcickekrizovatky.cz\/?page_id=27211\">Kandid\u00e1tka do zastupitelstva<\/a> m\u011bsta Lib\u010dice nad Vltavou na 13.&nbsp;m\u00edst\u011b za Lib\u010dick\u00fd ob\u010dansk\u00fd spolek LOS.<\/strong><\/p>\n<p><img class=\"aligncenter size-large wp-image-27360\" src=\"https:\/\/libcickekrizovatky.cz\/content\/uploads\/2022\/08\/L5D7435_1600-683x1024.jpg\" alt=\"Mgr. Zuzana Mo\u0161ovsk\u00e1 (13.)\" width=\"100%\" srcset=\"https:\/\/libcickekrizovatky.cz\/content\/uploads\/2022\/08\/L5D7435_1600-683x1024.jpg 683w, https:\/\/libcickekrizovatky.cz\/content\/uploads\/2022\/08\/L5D7435_1600-200x300.jpg 200w, https:\/\/libcickekrizovatky.cz\/content\/uploads\/2022\/08\/L5D7435_1600-768x1152.jpg 768w, https:\/\/libcickekrizovatky.cz\/content\/uploads\/2022\/08\/L5D7435_1600-1024x1536.jpg 1024w, https:\/\/libcickekrizovatky.cz\/content\/uploads\/2022\/08\/L5D7435_1600.jpg 1067w\" sizes=\"(max-width: 683px) 100vw, 683px\" \/><\/p>\n<p>&nbsp;<\/p>\n<p>Zuzana Mo\u0161ovsk\u00e1 je psycholo\u017eka a&nbsp;psychoterapeutka. V&nbsp;sou\u010dasn\u00e9 dob\u011b se v\u011bnuje p\u0159edev\u0161\u00edm pr\u00e1ci s&nbsp;ohro\u017een\u00fdmi d\u011btmi a&nbsp;mlad\u00fdmi lidmi. U\u017e i&nbsp;d\u0159\u00edve se v\u011bnovala p\u00e9\u010di o&nbsp;druh\u00e9 nap\u0159\u00edklad jako dobrovolnice a&nbsp;n\u00e1sledn\u011b terapeutka hipoterapie. D\u00edky siln\u00e9mu soci\u00e1ln\u00edmu c\u00edt\u011bn\u00ed i&nbsp;d\u00edky tomu, \u017ee je matkou dvou dcer, j\u00ed le\u017e\u00ed na srdci, jak\u00fd \u017eivot pro\u017eij\u00ed v&nbsp;Lib\u010dic\u00edch nejen d\u011bti.<\/p>\n<p><!--more--><\/p>\n<div class=\"gallery gallery-columns-4 gallery-size-thumbnail rps-image-gallery-format-default rps-image-gallery-theme-default rps-image-gallery-columns-no-responsive rps-image-gallery rps-image-gallery-masonry rps-image-gallery-no-heading rps-image-gallery-no-caption rps-image-gallery-no-social \" style=\"text-align:left\" pageSize=\"0\" currentPage=\"0\" ><ul class=\"background-thumbnails\"><li class=\"gallery-item gallery-item-begin-row\"><div class=\"gallery-icon landscape\"><a rel=\"rps-image-group-27432\" href=\"https:\/\/libcickekrizovatky.cz\/content\/uploads\/2022\/08\/19702248_10213799191563175_9164486646147889031_n.jpg\" title=\"&amp;lt;div class=&amp;quot;fancybox-title-caption&amp;quot;&amp;gt;Mgr. Zuzana Mo\u0161ovsk\u00e1 (13.)&amp;lt;\/div&amp;gt;\"><img src=\"https:\/\/libcickekrizovatky.cz\/content\/uploads\/2022\/08\/19702248_10213799191563175_9164486646147889031_n-250x250.jpg\" alt=\"Mgr. Zuzana Mo\u0161ovsk\u00e1 (13.)\" title=\"Mgr. Zuzana Mo\u0161ovsk\u00e1 (13.)\" class=\"attachment-thumbnail\" width=\"250\" height=\"250\" sizes=\"(max-width: 250px) 100vw, 250px\"><\/a><\/div><\/li><li class=\"gallery-item \"><div class=\"gallery-icon landscape\"><a rel=\"rps-image-group-27432\" href=\"https:\/\/libcickekrizovatky.cz\/content\/uploads\/2022\/08\/78764318_10221487002193636_3887235807093719040_n.jpg\" title=\"&amp;lt;div class=&amp;quot;fancybox-title-caption&amp;quot;&amp;gt;Mgr. Zuzana Mo\u0161ovsk\u00e1 (13.)&amp;lt;\/div&amp;gt;\"><img src=\"https:\/\/libcickekrizovatky.cz\/content\/uploads\/2022\/08\/78764318_10221487002193636_3887235807093719040_n-250x250.jpg\" alt=\"Mgr. Zuzana Mo\u0161ovsk\u00e1 (13.)\" title=\"Mgr. Zuzana Mo\u0161ovsk\u00e1 (13.)\" class=\"attachment-thumbnail\" width=\"250\" height=\"250\" sizes=\"(max-width: 250px) 100vw, 250px\"><\/a><\/div><\/li><li class=\"gallery-item \"><div class=\"gallery-icon landscape\"><a rel=\"rps-image-group-27432\" href=\"https:\/\/libcickekrizovatky.cz\/content\/uploads\/2022\/08\/IMG_20220226_163006-scaled.jpg\" title=\"&amp;lt;div class=&amp;quot;fancybox-title-caption&amp;quot;&amp;gt;Mgr. Zuzana Mo\u0161ovsk\u00e1 (13.)&amp;lt;\/div&amp;gt;\"><img src=\"https:\/\/libcickekrizovatky.cz\/content\/uploads\/2022\/08\/IMG_20220226_163006-250x250.jpg\" alt=\"Mgr. Zuzana Mo\u0161ovsk\u00e1 (13.)\" title=\"Mgr. Zuzana Mo\u0161ovsk\u00e1 (13.)\" class=\"attachment-thumbnail\" width=\"250\" height=\"250\" sizes=\"(max-width: 250px) 100vw, 250px\"><\/a><\/div><\/li><li class=\"gallery-item gallery-item-end-row\"><div class=\"gallery-icon landscape\"><a rel=\"rps-image-group-27432\" href=\"https:\/\/libcickekrizovatky.cz\/content\/uploads\/2022\/08\/P_20180923_184727-scaled.jpg\" title=\"&amp;lt;div class=&amp;quot;fancybox-title-caption&amp;quot;&amp;gt;Mgr. Zuzana Mo\u0161ovsk\u00e1 (13.)&amp;lt;\/div&amp;gt;\"><img src=\"https:\/\/libcickekrizovatky.cz\/content\/uploads\/2022\/08\/P_20180923_184727-250x250.jpg\" alt=\"Mgr. Zuzana Mo\u0161ovsk\u00e1 (13.)\" title=\"Mgr. Zuzana Mo\u0161ovsk\u00e1 (13.)\" class=\"attachment-thumbnail last\" width=\"250\" height=\"250\" sizes=\"(max-width: 250px) 100vw, 250px\"><\/a><\/div><\/li><\/ul><\/div>\n<p>Zuzana um\u00ed lidi spojovat a&nbsp;motivovat. Neboj\u00ed se bojovat za v\u011bci, o&nbsp;kter\u00fdch je p\u0159esv\u011bd\u010dena, \u017ee maj\u00ed smysl. To se uk\u00e1zalo zvl\u00e1\u0161t\u011b ve chv\u00edli, kdy opakovan\u011b upozor\u0148ovala na tristn\u00ed situaci <span style=\"text-decoration: underline;\"><span style=\"color: #0000ff; text-decoration: underline;\"><a style=\"color: #0000ff; text-decoration: underline;\" href=\"https:\/\/libcickekrizovatky.cz\/?p=27245\" target=\"_blank\" rel=\"noopener\">v lib\u010dick\u00e9 Z\u0160<\/a><\/span><\/span>. V&nbsp;kauze m\u00edstn\u00ed \u0161koly se j\u00ed povedlo nemal\u00e9 zapojen\u00ed ve\u0159ejnosti. Zuzana m\u00e1 ale tak\u00e9 zku\u0161enosti z&nbsp;personalistiky, kde spolupracovala s&nbsp;\u0159adou nadn\u00e1rodn\u00edch firem, a&nbsp;s&nbsp;veden\u00edm rozs\u00e1hl\u00e9ho projektu z&nbsp;oblasti du\u0161evn\u00edho zdrav\u00ed. Jestli ji n\u011bco opravdu jde, pak je to komunikace s&nbsp;lidmi a&nbsp;multitasking.<\/p>\n<p>Na Lib\u010dic\u00edch miluje p\u0159edev\u0161\u00edm komunitn\u00ed \u017eivot v&nbsp;nich a&nbsp;u\u017e \u0161est\u00fd rok se tu c\u00edt\u00ed doma. R\u00e1da v\u011b\u0159\u00ed tomu, \u017ee lze uv\u011b\u0159it v&nbsp;nemo\u017en\u00e9.<\/p>\n<p>&gt; <span style=\"text-decoration: underline;\"><a href=\"https:\/\/libcickekrizovatky.cz\/?page_id=27211\">Pod\u00edvejte se na dal\u0161\u00ed kandid\u00e1ty Lib\u010dick\u00e9ho ob\u010dansk\u00e9ho spolku LOS do zastupitelstva m\u011bsta Lib\u010dice nad Vltavou v&nbsp;roce 2022<\/a><\/span><\/p>\n","protected":false},"excerpt":{"rendered":"<p>Kandid\u00e1tka do zastupitelstva m\u011bsta Lib\u010dice nad Vltavou na 13.&nbsp;m\u00edst\u011b za Lib\u010dick\u00fd ob\u010dansk\u00fd spolek LOS. &nbsp; Zuzana Mo\u0161ovsk\u00e1 je psycholo\u017eka a&nbsp;psychoterapeutka. V&nbsp;sou\u010dasn\u00e9 dob\u011b se v\u011bnuje p\u0159edev\u0161\u00edm pr\u00e1ci s&nbsp;ohro\u017een\u00fdmi d\u011btmi a&nbsp;mlad\u00fdmi lidmi. U\u017e i&nbsp;d\u0159\u00edve se v\u011bnovala p\u00e9\u010di o&nbsp;druh\u00e9 nap\u0159\u00edklad jako dobrovolnice a&nbsp;n\u00e1sledn\u011b terapeutka hipoterapie. D\u00edky siln\u00e9mu soci\u00e1ln\u00edmu c\u00edt\u011bn\u00ed i&nbsp;d\u00edky tomu, \u017ee je matkou dvou dcer, j\u00ed le\u017e\u00ed [&hellip;]<\/p>\n","protected":false},"author":29,"featured_media":27360,"parent":27211,"menu_order":0,"comment_status":"closed","ping_status":"closed","template":"","meta":[],"_links":{"self":[{"href":"https:\/\/libcickekrizovatky.cz\/index.php?rest_route=\/wp\/v2\/pages\/27432"}],"collection":[{"href":"https:\/\/libcickekrizovatky.cz\/index.php?rest_route=\/wp\/v2\/pages"}],"about":[{"href":"https:\/\/libcickekrizovatky.cz\/index.php?rest_route=\/wp\/v2\/types\/page"}],"author":[{"embeddable":true,"href":"https:\/\/libcickekrizovatky.cz\/index.php?rest_route=\/wp\/v2\/users\/29"}],"replies":[{"embeddable":true,"href":"https:\/\/libcickekrizovatky.cz\/index.php?rest_route=%2Fwp%2Fv2%2Fcomments&post=27432"}],"version-history":[{"count":3,"href":"https:\/\/libcickekrizovatky.cz\/index.php?rest_route=\/wp\/v2\/pages\/27432\/revisions"}],"predecessor-version":[{"id":27527,"href":"https:\/\/libcickekrizovatky.cz\/index.php?rest_route=\/wp\/v2\/pages\/27432\/revisions\/27527"}],"up":[{"embeddable":true,"href":"https:\/\/libcickekrizovatky.cz\/index.php?rest_route=\/wp\/v2\/pages\/27211"}],"wp:featuredmedia":[{"embeddable":true,"href":"https:\/\/libcickekrizovatky.cz\/index.php?rest_route=\/wp\/v2\/media\/27360"}],"wp:attachment":[{"href":"https:\/\/libcickekrizovatky.cz\/index.php?rest_route=%2Fwp%2Fv2%2Fmedia&parent=27432"}],"curies":[{"name":"wp","href":"https:\/\/api.w.org\/{rel}","templated":true}]}}