{"id":27439,"date":"2022-08-18T15:32:26","date_gmt":"2022-08-18T13:32:26","guid":{"rendered":"https:\/\/libcickekrizovatky.cz\/?page_id=27439"},"modified":"2022-08-20T14:57:59","modified_gmt":"2022-08-20T12:57:59","slug":"mgr-martina-macurova","status":"publish","type":"page","link":"https:\/\/libcickekrizovatky.cz\/?page_id=27439","title":{"rendered":"Mgr. Martina Macurov\u00e1"},"content":{"rendered":"<p><strong><a href=\"https:\/\/libcickekrizovatky.cz\/?page_id=27211\">Kandid\u00e1tka do zastupitelstva<\/a> m\u011bsta Lib\u010dice nad Vltavou na 4.&nbsp;m\u00edst\u011b za Lib\u010dick\u00fd ob\u010dansk\u00fd spolek LOS.<\/strong><\/p>\n<p><img class=\"aligncenter size-large wp-image-27347\" src=\"https:\/\/libcickekrizovatky.cz\/content\/uploads\/2022\/08\/L5D5504_1600-683x1024.jpg\" alt=\"Mgr. Martina Macurov\u00e1 (4.)\" width=\"100%\" srcset=\"https:\/\/libcickekrizovatky.cz\/content\/uploads\/2022\/08\/L5D5504_1600-683x1024.jpg 683w, https:\/\/libcickekrizovatky.cz\/content\/uploads\/2022\/08\/L5D5504_1600-200x300.jpg 200w, https:\/\/libcickekrizovatky.cz\/content\/uploads\/2022\/08\/L5D5504_1600-768x1152.jpg 768w, https:\/\/libcickekrizovatky.cz\/content\/uploads\/2022\/08\/L5D5504_1600-1024x1536.jpg 1024w, https:\/\/libcickekrizovatky.cz\/content\/uploads\/2022\/08\/L5D5504_1600.jpg 1067w\" sizes=\"(max-width: 683px) 100vw, 683px\" \/><\/p>\n<p>&nbsp;<\/p>\n<p>Zku\u0161enosti, odhodl\u00e1n\u00ed a&nbsp;hlavn\u011b energie m\u011bnit v\u011bci kolem sebe k&nbsp;funk\u010dn\u00edmu a&nbsp;pestr\u00e9mu sv\u011btu, to vystihuje Martinu p\u0159edev\u0161\u00edm. Je \u0159editelkou st\u0159edo\u010desk\u00e9 pobo\u010dky Centra pro komunitn\u00ed pr\u00e1ci, krom\u011b toho se jako konzultantka a&nbsp;lektorka dlouhodob\u011b v\u011bnuje pl\u00e1nov\u00e1n\u00ed soci\u00e1ln\u00edch slu\u017eeb, podpo\u0159e odborn\u00fdch partnerstv\u00ed a&nbsp;zapojov\u00e1n\u00ed ve\u0159ejnosti. 25 let zku\u0161enost\u00ed z&nbsp;neziskov\u00e9ho sektoru Martin\u011b daly hlavn\u011b jistotu, \u017ee t\u00fdmov\u00e1 pr\u00e1ce je cesta k&nbsp;\u00fasp\u011bchu. A&nbsp;ruku v&nbsp;ruce s&nbsp;t\u00edm pozn\u00e1n\u00ed, jak z&nbsp;n\u00e1padu realizovat projekt, prosp\u011b\u0161n\u00fd pro komunitu.<\/p>\n<p><!--more--><\/p>\n<div class=\"gallery gallery-columns-3 gallery-size-thumbnail rps-image-gallery-format-default rps-image-gallery-theme-default rps-image-gallery-columns-responsive rps-image-gallery rps-image-gallery-masonry rps-image-gallery-no-heading rps-image-gallery-no-caption rps-image-gallery-no-social \" style=\"text-align:left\" pageSize=\"0\" currentPage=\"0\" ><ul class=\"background-thumbnails\"><li class=\"gallery-item gallery-item-begin-row\"><div class=\"gallery-icon landscape\"><a rel=\"rps-image-group-27439\" href=\"https:\/\/libcickekrizovatky.cz\/content\/uploads\/2022\/08\/Moderace-konference-proxima-sociale_native.jpg\" title=\"&amp;lt;div class=&amp;quot;fancybox-title-caption&amp;quot;&amp;gt;Mgr. Martina Macurov\u00e1 (4.)&amp;lt;\/div&amp;gt;\"><img src=\"https:\/\/libcickekrizovatky.cz\/content\/uploads\/2022\/08\/Moderace-konference-proxima-sociale_native-250x250.jpg\" alt=\"Mgr. Martina Macurov\u00e1 (4.)\" title=\"Mgr. Martina Macurov\u00e1 (4.)\" class=\"attachment-thumbnail\" width=\"250\" height=\"250\" sizes=\"(max-width: 250px) 100vw, 250px\"><\/a><\/div><\/li><li class=\"gallery-item \"><div class=\"gallery-icon landscape\"><a rel=\"rps-image-group-27439\" href=\"https:\/\/libcickekrizovatky.cz\/content\/uploads\/2022\/08\/setkani-tlum_foto-Jitka-Vrchotova-scaled.jpg\" title=\"&amp;lt;div class=&amp;quot;fancybox-title-caption&amp;quot;&amp;gt;Mgr. Martina Macurov\u00e1 (4.)&amp;lt;\/div&amp;gt;\"><img src=\"https:\/\/libcickekrizovatky.cz\/content\/uploads\/2022\/08\/setkani-tlum_foto-Jitka-Vrchotova-250x250.jpg\" alt=\"Mgr. Martina Macurov\u00e1 (4.)\" title=\"Mgr. Martina Macurov\u00e1 (4.)\" class=\"attachment-thumbnail\" width=\"250\" height=\"250\" sizes=\"(max-width: 250px) 100vw, 250px\"><\/a><\/div><\/li><li class=\"gallery-item gallery-item-end-row\"><div class=\"gallery-icon landscape\"><a rel=\"rps-image-group-27439\" href=\"https:\/\/libcickekrizovatky.cz\/content\/uploads\/2022\/08\/Cesta-scaled.jpg\" title=\"&amp;lt;div class=&amp;quot;fancybox-title-caption&amp;quot;&amp;gt;Mgr. Martina Macurov\u00e1 (4.)&amp;lt;\/div&amp;gt;\"><img src=\"https:\/\/libcickekrizovatky.cz\/content\/uploads\/2022\/08\/Cesta-250x250.jpg\" alt=\"Mgr. Martina Macurov\u00e1 (4.)\" title=\"Mgr. Martina Macurov\u00e1 (4.)\" class=\"attachment-thumbnail\" width=\"250\" height=\"250\" sizes=\"(max-width: 250px) 100vw, 250px\"><\/a><\/div><\/li><li class=\"gallery-item gallery-item-begin-row\"><div class=\"gallery-icon landscape\"><a rel=\"rps-image-group-27439\" href=\"https:\/\/libcickekrizovatky.cz\/content\/uploads\/2022\/08\/CPKP_tresnakovi_autorske-cteni.jpg\" title=\"&amp;lt;div class=&amp;quot;fancybox-title-caption&amp;quot;&amp;gt;Mgr. Martina Macurov\u00e1 (4.)&amp;lt;\/div&amp;gt;\"><img src=\"https:\/\/libcickekrizovatky.cz\/content\/uploads\/2022\/08\/CPKP_tresnakovi_autorske-cteni-250x250.jpg\" alt=\"Mgr. Martina Macurov\u00e1 (4.)\" title=\"Mgr. Martina Macurov\u00e1 (4.)\" class=\"attachment-thumbnail\" width=\"250\" height=\"250\" sizes=\"(max-width: 250px) 100vw, 250px\"><\/a><\/div><\/li><li class=\"gallery-item \"><div class=\"gallery-icon landscape\"><a rel=\"rps-image-group-27439\" href=\"https:\/\/libcickekrizovatky.cz\/content\/uploads\/2022\/08\/sdruzeni-Roztoc_Masopust-2022_uklid-masek_Jan-Hromadko.jpg\" title=\"&amp;lt;div class=&amp;quot;fancybox-title-caption&amp;quot;&amp;gt;Mgr. Martina Macurov\u00e1 (4.)&amp;lt;\/div&amp;gt;\"><img src=\"https:\/\/libcickekrizovatky.cz\/content\/uploads\/2022\/08\/sdruzeni-Roztoc_Masopust-2022_uklid-masek_Jan-Hromadko-250x250.jpg\" alt=\"Mgr. Martina Macurov\u00e1 (4.)\" title=\"Mgr. Martina Macurov\u00e1 (4.)\" class=\"attachment-thumbnail\" width=\"250\" height=\"250\" sizes=\"(max-width: 250px) 100vw, 250px\"><\/a><\/div><\/li><li class=\"gallery-item gallery-item-end-row\"><div class=\"gallery-icon landscape\"><a rel=\"rps-image-group-27439\" href=\"https:\/\/libcickekrizovatky.cz\/content\/uploads\/2022\/08\/tlumocene-divadlo-ruze.jpg\" title=\"&amp;lt;div class=&amp;quot;fancybox-title-caption&amp;quot;&amp;gt;Mgr. Martina Macurov\u00e1 (4.)&amp;lt;\/div&amp;gt;\"><img src=\"https:\/\/libcickekrizovatky.cz\/content\/uploads\/2022\/08\/tlumocene-divadlo-ruze-250x250.jpg\" alt=\"Mgr. Martina Macurov\u00e1 (4.)\" title=\"Mgr. Martina Macurov\u00e1 (4.)\" class=\"attachment-thumbnail last\" width=\"250\" height=\"250\" sizes=\"(max-width: 250px) 100vw, 250px\"><\/a><\/div><\/li><\/ul><\/div>\n<p>&nbsp;<\/p>\n<p>Martina aktu\u00e1ln\u011b vede projekty zam\u011b\u0159en\u00e9 zejm\u00e9na na komunikaci na r\u016fzn\u00e9 \u00farovni samospr\u00e1v, rozvoj participace p\u0159i&nbsp;hled\u00e1n\u00ed \u0159e\u0161en\u00ed lok\u00e1ln\u00edch pot\u0159eb a&nbsp;rodiny, kter\u00e9 pe\u010duj\u00ed o&nbsp;d\u011bti \u010di&nbsp;dosp\u011bl\u00e9 se zdravotn\u00edm posti\u017een\u00edm. Je schopna vym\u00fd\u0161let nov\u00e9 projekty, na kter\u00e9 dok\u00e1\u017ee sehnat finan\u010dn\u00ed p\u0159\u00edsp\u011bvky z&nbsp;nejr\u016fzn\u011bj\u0161\u00edch zdroj\u016f.<\/p>\n<p>P\u0159in\u00e1\u0161\u00ed i&nbsp;inspiraci z&nbsp;na\u0161eho okol\u00ed. P\u016fsob\u00ed toti\u017e p\u0159es dvacet let jako dobrovolnice ve v\u00fdkonn\u00e9m v\u00fdboru Sdru\u017een\u00ed Rozto\u010d, kter\u00e9 v&nbsp;nedalek\u00fdch Roztok\u00e1ch po\u0159\u00e1d\u00e1 krou\u017eky a&nbsp;kurzy, lidov\u00e9 slavnosti a&nbsp;kulturn\u00ed akce pro \u0161irokou komunitu.<\/p>\n<p>V Lib\u010dic\u00edch \u017eije u\u017e sedm\u00fdm rokem, a&nbsp;proto se te\u010f zam\u011b\u0159uje na na\u0161e lib\u010dick\u00e9 v\u00fdzvy. Pom\u00e1h\u00e1 s&nbsp;organizac\u00ed Otev\u0159en\u00e9 zahrady, spole\u010dn\u011b s&nbsp;dal\u0161\u00edmi stoj\u00ed za rozjezdem lib\u010dick\u00e9 \u0160atni\u010dky.<\/p>\n<p>&gt; <span style=\"text-decoration: underline;\"><a href=\"https:\/\/libcickekrizovatky.cz\/?page_id=27211\">Pod\u00edvejte se na dal\u0161\u00ed kandid\u00e1ty Lib\u010dick\u00e9ho ob\u010dansk\u00e9ho spolku LOS do zastupitelstva m\u011bsta Lib\u010dice nad Vltavou v&nbsp;roce 2022<\/a><\/span><\/p>\n","protected":false},"excerpt":{"rendered":"<p>Kandid\u00e1tka do zastupitelstva m\u011bsta Lib\u010dice nad Vltavou na 4.&nbsp;m\u00edst\u011b za Lib\u010dick\u00fd ob\u010dansk\u00fd spolek LOS. &nbsp; Zku\u0161enosti, odhodl\u00e1n\u00ed a&nbsp;hlavn\u011b energie m\u011bnit v\u011bci kolem sebe k&nbsp;funk\u010dn\u00edmu a&nbsp;pestr\u00e9mu sv\u011btu, to vystihuje Martinu p\u0159edev\u0161\u00edm. Je \u0159editelkou st\u0159edo\u010desk\u00e9 pobo\u010dky Centra pro komunitn\u00ed pr\u00e1ci, krom\u011b toho se jako konzultantka a&nbsp;lektorka dlouhodob\u011b v\u011bnuje pl\u00e1nov\u00e1n\u00ed soci\u00e1ln\u00edch slu\u017eeb, podpo\u0159e odborn\u00fdch partnerstv\u00ed a&nbsp;zapojov\u00e1n\u00ed ve\u0159ejnosti. 25 [&hellip;]<\/p>\n","protected":false},"author":29,"featured_media":0,"parent":27211,"menu_order":0,"comment_status":"closed","ping_status":"closed","template":"","meta":[],"_links":{"self":[{"href":"https:\/\/libcickekrizovatky.cz\/index.php?rest_route=\/wp\/v2\/pages\/27439"}],"collection":[{"href":"https:\/\/libcickekrizovatky.cz\/index.php?rest_route=\/wp\/v2\/pages"}],"about":[{"href":"https:\/\/libcickekrizovatky.cz\/index.php?rest_route=\/wp\/v2\/types\/page"}],"author":[{"embeddable":true,"href":"https:\/\/libcickekrizovatky.cz\/index.php?rest_route=\/wp\/v2\/users\/29"}],"replies":[{"embeddable":true,"href":"https:\/\/libcickekrizovatky.cz\/index.php?rest_route=%2Fwp%2Fv2%2Fcomments&post=27439"}],"version-history":[{"count":2,"href":"https:\/\/libcickekrizovatky.cz\/index.php?rest_route=\/wp\/v2\/pages\/27439\/revisions"}],"predecessor-version":[{"id":27453,"href":"https:\/\/libcickekrizovatky.cz\/index.php?rest_route=\/wp\/v2\/pages\/27439\/revisions\/27453"}],"up":[{"embeddable":true,"href":"https:\/\/libcickekrizovatky.cz\/index.php?rest_route=\/wp\/v2\/pages\/27211"}],"wp:attachment":[{"href":"https:\/\/libcickekrizovatky.cz\/index.php?rest_route=%2Fwp%2Fv2%2Fmedia&parent=27439"}],"curies":[{"name":"wp","href":"https:\/\/api.w.org\/{rel}","templated":true}]}}