{"id":27455,"date":"2022-08-20T15:14:09","date_gmt":"2022-08-20T13:14:09","guid":{"rendered":"https:\/\/libcickekrizovatky.cz\/?page_id=27455"},"modified":"2022-08-20T21:25:32","modified_gmt":"2022-08-20T19:25:32","slug":"ing-tereza-nehasilova","status":"publish","type":"page","link":"https:\/\/libcickekrizovatky.cz\/?page_id=27455","title":{"rendered":"Ing. Tereza Nehasilov\u00e1"},"content":{"rendered":"<p><strong><a href=\"https:\/\/libcickekrizovatky.cz\/?page_id=27211\">Kandid\u00e1tka do zastupitelstva<\/a> m\u011bsta Lib\u010dice nad Vltavou na 2.&nbsp;m\u00edst\u011b za Lib\u010dick\u00fd ob\u010dansk\u00fd spolek LOS.<\/strong><\/p>\n<p><img loading=\"lazy\" class=\"aligncenter size-large wp-image-27361\" src=\"https:\/\/libcickekrizovatky.cz\/content\/uploads\/2022\/08\/L5D7506_1600-683x1024.jpg\" alt=\"Ing. Tereza Nehasilov\u00e1 (2.)\" width=\"683\" height=\"1024\" srcset=\"https:\/\/libcickekrizovatky.cz\/content\/uploads\/2022\/08\/L5D7506_1600-683x1024.jpg 683w, https:\/\/libcickekrizovatky.cz\/content\/uploads\/2022\/08\/L5D7506_1600-200x300.jpg 200w, https:\/\/libcickekrizovatky.cz\/content\/uploads\/2022\/08\/L5D7506_1600-768x1152.jpg 768w, https:\/\/libcickekrizovatky.cz\/content\/uploads\/2022\/08\/L5D7506_1600-1024x1536.jpg 1024w, https:\/\/libcickekrizovatky.cz\/content\/uploads\/2022\/08\/L5D7506_1600.jpg 1067w\" sizes=\"(max-width: 683px) 100vw, 683px\" \/><\/p>\n<p>Tereza je s&nbsp;Lib\u010dicemi pevn\u011b spjat\u00e1, a&nbsp;to nejen svou rodinou a&nbsp;p\u0159\u00edbuzn\u00fdmi, kte\u0159\u00ed v&nbsp;Lib\u010dic\u00edch tak\u00e9 \u017eij\u00ed, ale zejm\u00e9na svou prac\u00ed pro m\u00edstn\u00ed komunitu. Po&nbsp;v\u00edce ne\u017e dv\u011b volebn\u00ed obdob\u00ed pracovala v&nbsp;opozici na radnici. Vystudovan\u00e1 krajinn\u00e1 in\u017een\u00fdrka m\u00e1 zku\u0161enosti a&nbsp;znalosti z&nbsp;oblasti p\u00e9\u010de o&nbsp;ve\u0159ejnou zele\u0148. Nejde jen o&nbsp;stromy. Tereza rozum\u00ed p\u00e9\u010di o&nbsp;\u017eivotn\u00ed prost\u0159ed\u00ed, v\u011bnuje se dotac\u00edm a&nbsp;strategick\u00e9mu pl\u00e1nov\u00e1n\u00ed. To, co ji p\u0159ivedlo ke tvo\u0159en\u00ed zahrad, je pr\u00e1v\u011b schopnost n\u00e1hledu na probl\u00e9m, vyty\u010den\u00ed koncep\u010dn\u00edho \u0159e\u0161en\u00ed a&nbsp;hlavn\u011b um\u011bn\u00ed vid\u011bt v\u011bci v&nbsp;dlouhodob\u00e9m horizontu.<\/p>\n<p><!--more--><\/p>\n<div class=\"gallery gallery-columns-3 gallery-size-thumbnail rps-image-gallery-format-default rps-image-gallery-theme-default rps-image-gallery-columns-responsive rps-image-gallery rps-image-gallery-masonry rps-image-gallery-no-heading rps-image-gallery-no-caption rps-image-gallery-no-social \" style=\"text-align:left\" pageSize=\"0\" currentPage=\"0\" ><ul class=\"background-thumbnails\"><li class=\"gallery-item gallery-item-begin-row\"><div class=\"gallery-icon landscape\"><a rel=\"rps-image-group-27455\" href=\"https:\/\/libcickekrizovatky.cz\/content\/uploads\/2022\/08\/08-prototyp-komposter-Vidimka.jpg\" title=\"&amp;lt;div class=&amp;quot;fancybox-title-caption&amp;quot;&amp;gt;Ing. Tereza Nehasilov\u00e1 (2.)&amp;lt;\/div&amp;gt;\"><img src=\"https:\/\/libcickekrizovatky.cz\/content\/uploads\/2022\/08\/08-prototyp-komposter-Vidimka-250x250.jpg\" alt=\"Ing. Tereza Nehasilov\u00e1 (2.)\" title=\"Ing. Tereza Nehasilov\u00e1 (2.)\" class=\"attachment-thumbnail\" width=\"250\" height=\"250\" sizes=\"(max-width: 250px) 100vw, 250px\"><\/a><\/div><\/li><li class=\"gallery-item \"><div class=\"gallery-icon landscape\"><a rel=\"rps-image-group-27455\" href=\"https:\/\/libcickekrizovatky.cz\/content\/uploads\/2022\/08\/DSC02852.jpg\" title=\"&amp;lt;div class=&amp;quot;fancybox-title-caption&amp;quot;&amp;gt;Ing. Tereza Nehasilov\u00e1 (2.)&amp;lt;\/div&amp;gt;\"><img src=\"https:\/\/libcickekrizovatky.cz\/content\/uploads\/2022\/08\/DSC02852-250x250.jpg\" alt=\"Ing. Tereza Nehasilov\u00e1 (2.)\" title=\"Ing. Tereza Nehasilov\u00e1 (2.)\" class=\"attachment-thumbnail\" width=\"250\" height=\"250\" sizes=\"(max-width: 250px) 100vw, 250px\"><\/a><\/div><\/li><li class=\"gallery-item gallery-item-end-row\"><div class=\"gallery-icon landscape\"><a rel=\"rps-image-group-27455\" href=\"https:\/\/libcickekrizovatky.cz\/content\/uploads\/2022\/08\/timhle-take-ne.jpg\" title=\"&amp;lt;div class=&amp;quot;fancybox-title-caption&amp;quot;&amp;gt;Ing. Tereza Nehasilov\u00e1 (2.)&amp;lt;\/div&amp;gt;\"><img src=\"https:\/\/libcickekrizovatky.cz\/content\/uploads\/2022\/08\/timhle-take-ne-250x250.jpg\" alt=\"Ing. Tereza Nehasilov\u00e1 (2.)\" title=\"Ing. Tereza Nehasilov\u00e1 (2.)\" class=\"attachment-thumbnail\" width=\"250\" height=\"250\" sizes=\"(max-width: 250px) 100vw, 250px\"><\/a><\/div><\/li><li class=\"gallery-item gallery-item-begin-row\"><div class=\"gallery-icon landscape\"><a rel=\"rps-image-group-27455\" href=\"https:\/\/libcickekrizovatky.cz\/content\/uploads\/2022\/08\/IMG_20200219_103414_HDR.jpg\" title=\"&amp;lt;div class=&amp;quot;fancybox-title-caption&amp;quot;&amp;gt;Ing. Tereza Nehasilov\u00e1 (2.)&amp;lt;\/div&amp;gt;\"><img src=\"https:\/\/libcickekrizovatky.cz\/content\/uploads\/2022\/08\/IMG_20200219_103414_HDR-250x250.jpg\" alt=\"Ing. Tereza Nehasilov\u00e1 (2.)\" title=\"Ing. Tereza Nehasilov\u00e1 (2.)\" class=\"attachment-thumbnail\" width=\"250\" height=\"250\" sizes=\"(max-width: 250px) 100vw, 250px\"><\/a><\/div><\/li><li class=\"gallery-item \"><div class=\"gallery-icon landscape\"><a rel=\"rps-image-group-27455\" href=\"https:\/\/libcickekrizovatky.cz\/content\/uploads\/2022\/08\/timlhe-si-taky-nejsem-jista.jpg\" title=\"\"><img src=\"https:\/\/libcickekrizovatky.cz\/content\/uploads\/2022\/08\/timlhe-si-taky-nejsem-jista-250x250.jpg\" alt=\"timlhe si taky nejsem jista\" title=\"timlhe si taky nejsem jista\" class=\"attachment-thumbnail\" width=\"250\" height=\"250\" sizes=\"(max-width: 250px) 100vw, 250px\"><\/a><\/div><\/li><li class=\"gallery-item gallery-item-end-row\"><div class=\"gallery-icon landscape\"><a rel=\"rps-image-group-27455\" href=\"https:\/\/libcickekrizovatky.cz\/content\/uploads\/2022\/08\/L5D6041_2048.jpg\" title=\"\"><img src=\"https:\/\/libcickekrizovatky.cz\/content\/uploads\/2022\/08\/L5D6041_2048-250x250.jpg\" alt=\"_L5D6041_2048\" title=\"_L5D6041_2048\" class=\"attachment-thumbnail last\" width=\"250\" height=\"250\" sizes=\"(max-width: 250px) 100vw, 250px\"><\/a><\/div><\/li><\/ul><\/div>\n<p>&nbsp;<\/p>\n<p>Tereza se jako matka t\u0159\u00ed d\u011bt\u00ed, kter\u00e9 postupn\u011b pro\u0161ly v\u0161emi lib\u010dick\u00fdmi \u0161kolami a&nbsp;\u0161kolkami, o&nbsp;lib\u010dick\u00e9 \u0161kolstv\u00ed aktivn\u011b zaj\u00edm\u00e1 a&nbsp;v&nbsp;roli zastupitele, rodi\u010de i&nbsp;\u017e\u00e1ka (n\u011bkolik let dokonce nav\u0161t\u011bvovala tane\u010dn\u00ed kurz pro dosp\u011bl\u00e9 p\u0159i&nbsp;ZU\u0160) se \u0161koly sna\u017e\u00ed podporovat. O&nbsp;pr\u00e1zdnin\u00e1ch se krom\u011b vlastn\u00edch d\u011bt\u00ed v\u011bnuje d\u011btem t\u00e1borov\u00fdm, kter\u00fdm p\u0159ed\u00e1v\u00e1 hlavn\u011b zku\u0161enosti a&nbsp;radost z&nbsp;vod\u00e1ctv\u00ed.<\/p>\n<p>Tereza se um\u00ed na v\u011bci, nejen v&nbsp;Lib\u010dic\u00edch, d\u00edvat v\u017edy z&nbsp;v\u00edce perspektiv a&nbsp;vn\u00edmat v\u0161e hodn\u011b komplexn\u011b, ve v\u00edce rovin\u00e1ch. I&nbsp;proto profesn\u011b spojila sv\u016fj vystudovan\u00fd obor krajin\u00e1\u0159ky s&nbsp;hlub\u0161\u00edm soci\u00e1ln\u00edm rozm\u011brem &#8211; vede toti\u017e integra\u010dn\u00ed zahradn\u00ed a&nbsp;truhl\u00e1\u0159skou d\u00edlnu obecn\u011b prosp\u011b\u0161n\u00e9 spole\u010dnosti Kokoza, kde vytv\u00e1\u0159\u00ed smyslupln\u00e9 pracovn\u00ed p\u0159\u00edle\u017eitosti pro lidi se zku\u0161enost\u00ed s&nbsp;du\u0161evn\u00edm onemocn\u011bn\u00edm.<\/p>\n<p>Samotn\u00e9 letit\u00e9 p\u016fsoben\u00ed v&nbsp;opozici Terezu zformovalo do \u010dlov\u011bka v\u011bcn\u011b argumentuj\u00edc\u00edho, \u010dlov\u011bka, kter\u00fd si je v\u011bdom kontinuity, \u010dlov\u011bka s&nbsp;jasnou viz\u00ed. V&nbsp;kombinaci s&nbsp;jej\u00edm profesn\u00edm sm\u011b\u0159ov\u00e1n\u00edm je pak Tereza tou, kter\u00e1 dob\u0159e v\u00ed, jak Lib\u010dice v\u00e9st z&nbsp;pohledu smyslu, odpov\u011bdnosti, dlouhodob\u00e9ho pl\u00e1nov\u00e1n\u00ed a&nbsp;udr\u017eitelnosti.<\/p>\n<p>&gt; <span style=\"text-decoration: underline;\"><a href=\"https:\/\/libcickekrizovatky.cz\/?page_id=27211\">Pod\u00edvejte se na dal\u0161\u00ed kandid\u00e1ty Lib\u010dick\u00e9ho ob\u010dansk\u00e9ho spolku LOS do zastupitelstva m\u011bsta Lib\u010dice nad Vltavou v&nbsp;roce 2022<\/a><\/span><\/p>\n","protected":false},"excerpt":{"rendered":"<p>Kandid\u00e1tka do zastupitelstva m\u011bsta Lib\u010dice nad Vltavou na 2.&nbsp;m\u00edst\u011b za Lib\u010dick\u00fd ob\u010dansk\u00fd spolek LOS. Tereza je s&nbsp;Lib\u010dicemi pevn\u011b spjat\u00e1, a&nbsp;to nejen svou rodinou a&nbsp;p\u0159\u00edbuzn\u00fdmi, kte\u0159\u00ed v&nbsp;Lib\u010dic\u00edch tak\u00e9 \u017eij\u00ed, ale zejm\u00e9na svou prac\u00ed pro m\u00edstn\u00ed komunitu. Po&nbsp;v\u00edce ne\u017e dv\u011b volebn\u00ed obdob\u00ed pracovala v&nbsp;opozici na radnici. Vystudovan\u00e1 krajinn\u00e1 in\u017een\u00fdrka m\u00e1 zku\u0161enosti a&nbsp;znalosti z&nbsp;oblasti p\u00e9\u010de o&nbsp;ve\u0159ejnou zele\u0148. Nejde [&hellip;]<\/p>\n","protected":false},"author":29,"featured_media":27361,"parent":27211,"menu_order":0,"comment_status":"closed","ping_status":"closed","template":"","meta":[],"_links":{"self":[{"href":"https:\/\/libcickekrizovatky.cz\/index.php?rest_route=\/wp\/v2\/pages\/27455"}],"collection":[{"href":"https:\/\/libcickekrizovatky.cz\/index.php?rest_route=\/wp\/v2\/pages"}],"about":[{"href":"https:\/\/libcickekrizovatky.cz\/index.php?rest_route=\/wp\/v2\/types\/page"}],"author":[{"embeddable":true,"href":"https:\/\/libcickekrizovatky.cz\/index.php?rest_route=\/wp\/v2\/users\/29"}],"replies":[{"embeddable":true,"href":"https:\/\/libcickekrizovatky.cz\/index.php?rest_route=%2Fwp%2Fv2%2Fcomments&post=27455"}],"version-history":[{"count":4,"href":"https:\/\/libcickekrizovatky.cz\/index.php?rest_route=\/wp\/v2\/pages\/27455\/revisions"}],"predecessor-version":[{"id":27532,"href":"https:\/\/libcickekrizovatky.cz\/index.php?rest_route=\/wp\/v2\/pages\/27455\/revisions\/27532"}],"up":[{"embeddable":true,"href":"https:\/\/libcickekrizovatky.cz\/index.php?rest_route=\/wp\/v2\/pages\/27211"}],"wp:featuredmedia":[{"embeddable":true,"href":"https:\/\/libcickekrizovatky.cz\/index.php?rest_route=\/wp\/v2\/media\/27361"}],"wp:attachment":[{"href":"https:\/\/libcickekrizovatky.cz\/index.php?rest_route=%2Fwp%2Fv2%2Fmedia&parent=27455"}],"curies":[{"name":"wp","href":"https:\/\/api.w.org\/{rel}","templated":true}]}}