{"id":27464,"date":"2022-08-20T15:16:37","date_gmt":"2022-08-20T13:16:37","guid":{"rendered":"https:\/\/libcickekrizovatky.cz\/?page_id=27464"},"modified":"2022-09-06T23:18:10","modified_gmt":"2022-09-06T21:18:10","slug":"mgr-jan-mensik","status":"publish","type":"page","link":"https:\/\/libcickekrizovatky.cz\/?page_id=27464","title":{"rendered":"Mgr. Jan Men\u0161\u00edk"},"content":{"rendered":"<p><strong><a href=\"https:\/\/libcickekrizovatky.cz\/?page_id=27211\">Kandid\u00e1t do zastupitelstva<\/a> m\u011bsta Lib\u010dice nad Vltavou na 3.&nbsp;m\u00edst\u011b za Lib\u010dick\u00fd ob\u010dansk\u00fd spolek LOS.<\/strong><\/p>\n<p><img class=\"aligncenter size-large wp-image-27415\" src=\"https:\/\/libcickekrizovatky.cz\/content\/uploads\/2022\/08\/L5D5994_honza_final_misto_nad_hlavou1600-683x1024.jpg\" alt=\"Mgr. Jan Men\u0161\u00edk (3.)\" width=\"100%\" srcset=\"https:\/\/libcickekrizovatky.cz\/content\/uploads\/2022\/08\/L5D5994_honza_final_misto_nad_hlavou1600-683x1024.jpg 683w, https:\/\/libcickekrizovatky.cz\/content\/uploads\/2022\/08\/L5D5994_honza_final_misto_nad_hlavou1600-200x300.jpg 200w, https:\/\/libcickekrizovatky.cz\/content\/uploads\/2022\/08\/L5D5994_honza_final_misto_nad_hlavou1600-768x1152.jpg 768w, https:\/\/libcickekrizovatky.cz\/content\/uploads\/2022\/08\/L5D5994_honza_final_misto_nad_hlavou1600-1024x1536.jpg 1024w, https:\/\/libcickekrizovatky.cz\/content\/uploads\/2022\/08\/L5D5994_honza_final_misto_nad_hlavou1600.jpg 1067w\" sizes=\"(max-width: 683px) 100vw, 683px\" \/><\/p>\n<p>&nbsp;<\/p>\n<p>Jan Men\u0161\u00edk je v&nbsp;Lib\u010dic\u00edch zapojen do chodu nejr\u016fzn\u011bj\u0161\u00edch spolk\u016f a&nbsp;m\u00edstn\u00edch sdru\u017een\u00ed. D\u00edky tomu tak\u00e9 ne\u017eije v&nbsp;n\u011bjak\u00e9 spole\u010densk\u00e9 bublin\u011b, ale naopak dob\u0159e zn\u00e1 n\u00e1zory nap\u0159\u00ed\u010d lib\u010dickou spole\u010dnost\u00ed a&nbsp;ch\u00e1pe r\u016fzn\u00e9 pohledy na v\u011bc. Honza dok\u00e1\u017ee lidi spojit a&nbsp;u&nbsp;jednoho stolu s&nbsp;nimi jednat a&nbsp;vyjednat kompromis, p\u0159ijateln\u00fd pro v\u0161echny. Jako velitel hasi\u010d\u016f je zvykl\u00fd na krizov\u00e9 situace, kter\u00e9 se mus\u00ed \u0159e\u0161it promptn\u011b, ov\u0161em s&nbsp;chladnou hlavou. Vystudovan\u00fd pr\u00e1vn\u00edk se pracovn\u011b pohybuje v&nbsp;IT a&nbsp;marketingu. V&nbsp;sou\u010dasn\u00e9 dob\u011b je v&nbsp;zastupitelstvu na\u0161eho m\u011bsta za LOS.<\/p>\n<p><!--more--><\/p>\n<div class=\"gallery gallery-columns-3 gallery-size-thumbnail rps-image-gallery-format-default rps-image-gallery-theme-default rps-image-gallery-columns-responsive rps-image-gallery rps-image-gallery-masonry rps-image-gallery-no-heading rps-image-gallery-no-caption rps-image-gallery-no-social \" style=\"text-align:left\" pageSize=\"0\" currentPage=\"0\" ><ul class=\"background-thumbnails\"><li class=\"gallery-item gallery-item-begin-row\"><div class=\"gallery-icon landscape\"><a rel=\"rps-image-group-27464\" href=\"https:\/\/libcickekrizovatky.cz\/content\/uploads\/2022\/09\/L5D2766_2048.jpg\" title=\"&amp;lt;div class=&amp;quot;fancybox-title-caption&amp;quot;&amp;gt;Mgr. Jan Men\u0161\u00edk (3.)&amp;lt;\/div&amp;gt;\"><img src=\"https:\/\/libcickekrizovatky.cz\/content\/uploads\/2022\/09\/L5D2766_2048-250x250.jpg\" alt=\"Mgr. Jan Men\u0161\u00edk (3.)\" title=\"Mgr. Jan Men\u0161\u00edk (3.)\" class=\"attachment-thumbnail\" width=\"250\" height=\"250\" sizes=\"(max-width: 250px) 100vw, 250px\"><\/a><\/div><\/li><li class=\"gallery-item \"><div class=\"gallery-icon landscape\"><a rel=\"rps-image-group-27464\" href=\"https:\/\/libcickekrizovatky.cz\/content\/uploads\/2022\/08\/WhatsApp-Image-2022-08-22-at-11.08.30.jpeg\" title=\"&amp;lt;div class=&amp;quot;fancybox-title-caption&amp;quot;&amp;gt;Mgr. Jan Men\u0161\u00edk (3.)&amp;lt;\/div&amp;gt;\"><img src=\"https:\/\/libcickekrizovatky.cz\/content\/uploads\/2022\/08\/WhatsApp-Image-2022-08-22-at-11.08.30-250x250.jpeg\" alt=\"Mgr. Jan Men\u0161\u00edk (3.)\" title=\"Mgr. Jan Men\u0161\u00edk (3.)\" class=\"attachment-thumbnail\" width=\"250\" height=\"250\" sizes=\"(max-width: 250px) 100vw, 250px\"><\/a><\/div><\/li><li class=\"gallery-item gallery-item-end-row\"><div class=\"gallery-icon landscape\"><a rel=\"rps-image-group-27464\" href=\"https:\/\/libcickekrizovatky.cz\/content\/uploads\/2022\/08\/janbranc.com-3805.jpg\" title=\"&amp;lt;div class=&amp;quot;fancybox-title-caption&amp;quot;&amp;gt;Mgr. Jan Men\u0161\u00edk (3.)&amp;lt;\/div&amp;gt;\"><img src=\"https:\/\/libcickekrizovatky.cz\/content\/uploads\/2022\/08\/janbranc.com-3805-250x250.jpg\" alt=\"Mgr. Jan Men\u0161\u00edk (3.)\" title=\"Mgr. Jan Men\u0161\u00edk (3.)\" class=\"attachment-thumbnail\" width=\"250\" height=\"250\" sizes=\"(max-width: 250px) 100vw, 250px\"><\/a><\/div><\/li><li class=\"gallery-item gallery-item-begin-row\"><div class=\"gallery-icon landscape\"><a rel=\"rps-image-group-27464\" href=\"https:\/\/libcickekrizovatky.cz\/content\/uploads\/2022\/08\/DSC9236.jpg\" title=\"&amp;lt;div class=&amp;quot;fancybox-title-caption&amp;quot;&amp;gt;Mgr. Jan Men\u0161\u00edk (3.)&amp;lt;\/div&amp;gt;\"><img src=\"https:\/\/libcickekrizovatky.cz\/content\/uploads\/2022\/08\/DSC9236-250x250.jpg\" alt=\"Mgr. Jan Men\u0161\u00edk (3.)\" title=\"Mgr. Jan Men\u0161\u00edk (3.)\" class=\"attachment-thumbnail\" width=\"250\" height=\"250\" sizes=\"(max-width: 250px) 100vw, 250px\"><\/a><\/div><\/li><li class=\"gallery-item \"><div class=\"gallery-icon landscape\"><a rel=\"rps-image-group-27464\" href=\"https:\/\/libcickekrizovatky.cz\/content\/uploads\/2022\/08\/WhatsApp-Image-2022-08-22-at-11.16.05.jpeg\" title=\"&amp;lt;div class=&amp;quot;fancybox-title-caption&amp;quot;&amp;gt;Mgr. Jan Men\u0161\u00edk (3.)&amp;lt;\/div&amp;gt;\"><img src=\"https:\/\/libcickekrizovatky.cz\/content\/uploads\/2022\/08\/WhatsApp-Image-2022-08-22-at-11.16.05-250x250.jpeg\" alt=\"Mgr. Jan Men\u0161\u00edk (3.)\" title=\"Mgr. Jan Men\u0161\u00edk (3.)\" class=\"attachment-thumbnail\" width=\"250\" height=\"250\" sizes=\"(max-width: 250px) 100vw, 250px\"><\/a><\/div><\/li><li class=\"gallery-item gallery-item-end-row\"><div class=\"gallery-icon landscape\"><a rel=\"rps-image-group-27464\" href=\"https:\/\/libcickekrizovatky.cz\/content\/uploads\/2022\/08\/WhatsApp-Image-2022-08-22-at-11.24.30.jpeg\" title=\"&amp;lt;div class=&amp;quot;fancybox-title-caption&amp;quot;&amp;gt;Mgr. Jan Men\u0161\u00edk (3.)&amp;lt;\/div&amp;gt;\"><img src=\"https:\/\/libcickekrizovatky.cz\/content\/uploads\/2022\/08\/WhatsApp-Image-2022-08-22-at-11.24.30-250x250.jpeg\" alt=\"Mgr. Jan Men\u0161\u00edk (3.)\" title=\"Mgr. Jan Men\u0161\u00edk (3.)\" class=\"attachment-thumbnail last\" width=\"250\" height=\"250\" sizes=\"(max-width: 250px) 100vw, 250px\"><\/a><\/div><\/li><\/ul><\/div>\n<p>&nbsp;<\/p>\n<p>Honzovo motto je \u201cPoj\u010fme do toho, samo se to neud\u011bl\u00e1\u201d, co\u017e ho tedy opravdu dob\u0159e vystihuje. Jeho kalend\u00e1\u0159 je napl\u00e1novan\u00fd na minuty a&nbsp;proto st\u00edh\u00e1 p\u0159ech\u00e1zet od civiln\u00edho zam\u011bstn\u00e1n\u00ed v&nbsp;IT do hasi\u010dsk\u00e9 uniformy, realizovat se v&nbsp;\u0159ad\u011b spolkov\u00fdch \u010dinnost\u00ed a&nbsp;k&nbsp;tomu vychov\u00e1vat sv\u00e9 \u010dty\u0159i d\u011bti. D\u00edky \u0161\u00ed\u0159i jeho z\u00e1b\u011bru ho asi nejv\u00edce zaj\u00edmaj\u00ed mo\u017enosti vy\u017eit\u00ed v&nbsp;Lib\u010dic\u00edch, na jejich\u017e rozvoji se s\u00e1m aktivn\u011b pod\u00edl\u00ed.<\/p>\n<p>Jeho velk\u00fdm p\u0159\u00ednosem je komunikace a&nbsp;plastick\u00e1 znalost lok\u00e1ln\u00edch pot\u0159eb. I&nbsp;proto by r\u00e1d spr\u00e1vu m\u011bsta otev\u0159el ob\u010dan\u016fm a&nbsp;rozv\u00edjel Lib\u010dice i&nbsp;nad\u00e1le jako klidn\u00e9 m\u00edsto pro \u017eivot s&nbsp;rozs\u00e1hl\u00fdm komunitn\u00edm \u017eivotem.<\/p>\n<p><a href=\"https:\/\/libcickekrizovatky.cz\/content\/uploads\/2022\/09\/L5D2776_2048_1.jpg\"><img class=\"alignleft size-full wp-image-27897\" src=\"https:\/\/libcickekrizovatky.cz\/content\/uploads\/2022\/09\/L5D2776_2048_1.jpg\" alt=\"\" width=\"100%\" srcset=\"https:\/\/libcickekrizovatky.cz\/content\/uploads\/2022\/09\/L5D2776_2048_1.jpg 2048w, https:\/\/libcickekrizovatky.cz\/content\/uploads\/2022\/09\/L5D2776_2048_1-300x200.jpg 300w, https:\/\/libcickekrizovatky.cz\/content\/uploads\/2022\/09\/L5D2776_2048_1-1024x683.jpg 1024w, https:\/\/libcickekrizovatky.cz\/content\/uploads\/2022\/09\/L5D2776_2048_1-768x512.jpg 768w, https:\/\/libcickekrizovatky.cz\/content\/uploads\/2022\/09\/L5D2776_2048_1-1536x1024.jpg 1536w\" sizes=\"(max-width: 2048px) 100vw, 2048px\" \/><\/a><\/p>\n<p>&gt; <span style=\"text-decoration: underline;\"><a href=\"https:\/\/libcickekrizovatky.cz\/?page_id=27211\">Pod\u00edvejte se na dal\u0161\u00ed kandid\u00e1ty Lib\u010dick\u00e9ho ob\u010dansk\u00e9ho spolku LOS do zastupitelstva m\u011bsta Lib\u010dice nad Vltavou v&nbsp;roce 2022<\/a><\/span><\/p>\n","protected":false},"excerpt":{"rendered":"<p>Kandid\u00e1t do zastupitelstva m\u011bsta Lib\u010dice nad Vltavou na 3.&nbsp;m\u00edst\u011b za Lib\u010dick\u00fd ob\u010dansk\u00fd spolek LOS. &nbsp; Jan Men\u0161\u00edk je v&nbsp;Lib\u010dic\u00edch zapojen do chodu nejr\u016fzn\u011bj\u0161\u00edch spolk\u016f a&nbsp;m\u00edstn\u00edch sdru\u017een\u00ed. D\u00edky tomu tak\u00e9 ne\u017eije v&nbsp;n\u011bjak\u00e9 spole\u010densk\u00e9 bublin\u011b, ale naopak dob\u0159e zn\u00e1 n\u00e1zory nap\u0159\u00ed\u010d lib\u010dickou spole\u010dnost\u00ed a&nbsp;ch\u00e1pe r\u016fzn\u00e9 pohledy na v\u011bc. Honza dok\u00e1\u017ee lidi spojit a&nbsp;u&nbsp;jednoho stolu s&nbsp;nimi jednat a&nbsp;vyjednat [&hellip;]<\/p>\n","protected":false},"author":29,"featured_media":27415,"parent":27211,"menu_order":0,"comment_status":"closed","ping_status":"closed","template":"","meta":[],"_links":{"self":[{"href":"https:\/\/libcickekrizovatky.cz\/index.php?rest_route=\/wp\/v2\/pages\/27464"}],"collection":[{"href":"https:\/\/libcickekrizovatky.cz\/index.php?rest_route=\/wp\/v2\/pages"}],"about":[{"href":"https:\/\/libcickekrizovatky.cz\/index.php?rest_route=\/wp\/v2\/types\/page"}],"author":[{"embeddable":true,"href":"https:\/\/libcickekrizovatky.cz\/index.php?rest_route=\/wp\/v2\/users\/29"}],"replies":[{"embeddable":true,"href":"https:\/\/libcickekrizovatky.cz\/index.php?rest_route=%2Fwp%2Fv2%2Fcomments&post=27464"}],"version-history":[{"count":6,"href":"https:\/\/libcickekrizovatky.cz\/index.php?rest_route=\/wp\/v2\/pages\/27464\/revisions"}],"predecessor-version":[{"id":27903,"href":"https:\/\/libcickekrizovatky.cz\/index.php?rest_route=\/wp\/v2\/pages\/27464\/revisions\/27903"}],"up":[{"embeddable":true,"href":"https:\/\/libcickekrizovatky.cz\/index.php?rest_route=\/wp\/v2\/pages\/27211"}],"wp:featuredmedia":[{"embeddable":true,"href":"https:\/\/libcickekrizovatky.cz\/index.php?rest_route=\/wp\/v2\/media\/27415"}],"wp:attachment":[{"href":"https:\/\/libcickekrizovatky.cz\/index.php?rest_route=%2Fwp%2Fv2%2Fmedia&parent=27464"}],"curies":[{"name":"wp","href":"https:\/\/api.w.org\/{rel}","templated":true}]}}