{"id":27491,"date":"2022-08-20T16:45:33","date_gmt":"2022-08-20T14:45:33","guid":{"rendered":"https:\/\/libcickekrizovatky.cz\/?page_id=27491"},"modified":"2022-08-20T16:52:35","modified_gmt":"2022-08-20T14:52:35","slug":"mgr-jaroslav-richter","status":"publish","type":"page","link":"https:\/\/libcickekrizovatky.cz\/?page_id=27491","title":{"rendered":"Mgr. Jaroslav Richter"},"content":{"rendered":"<p><strong><a href=\"https:\/\/libcickekrizovatky.cz\/?page_id=27211\">Kandid\u00e1t do zastupitelstva<\/a> m\u011bsta Lib\u010dice nad Vltavou na 10.&nbsp;m\u00edst\u011b za Lib\u010dick\u00fd ob\u010dansk\u00fd spolek LOS.<\/strong><\/p>\n<p><img class=\"aligncenter size-large wp-image-27352\" src=\"https:\/\/libcickekrizovatky.cz\/content\/uploads\/2022\/08\/L5D5754_1600_1-683x1024.jpg\" alt=\"Mgr. Jaroslav Richter (10.)\" width=\"100%\" srcset=\"https:\/\/libcickekrizovatky.cz\/content\/uploads\/2022\/08\/L5D5754_1600_1-683x1024.jpg 683w, https:\/\/libcickekrizovatky.cz\/content\/uploads\/2022\/08\/L5D5754_1600_1-200x300.jpg 200w, https:\/\/libcickekrizovatky.cz\/content\/uploads\/2022\/08\/L5D5754_1600_1-768x1152.jpg 768w, https:\/\/libcickekrizovatky.cz\/content\/uploads\/2022\/08\/L5D5754_1600_1-1024x1536.jpg 1024w, https:\/\/libcickekrizovatky.cz\/content\/uploads\/2022\/08\/L5D5754_1600_1.jpg 1067w\" sizes=\"(max-width: 683px) 100vw, 683px\" \/><\/p>\n<p>&nbsp;<\/p>\n<p>Jaroslav Richter \u017eije s&nbsp;rodinou v&nbsp;Lib\u010dic\u00edch dvacet let. Osobn\u011b se anga\u017euje v&nbsp;Sokole nebo v&nbsp;lib\u010dick\u00e9m kin\u011b. Vych\u00e1z\u00ed toti\u017e z&nbsp;toho, \u017ee pokud chceme, aby na mal\u00e9m m\u011bst\u011b fungovaly nebo v\u016fbec existovaly konkr\u00e9tn\u00ed slu\u017eby, je pot\u0159eba se o&nbsp;to osobn\u011b zaslou\u017eit.<\/p>\n<p>Pracuje v&nbsp;N\u00e1rodn\u00edm muzeu, kde p\u016fsob\u00ed jako vedouc\u00ed edi\u010dn\u00edho odd\u011blen\u00ed. Ka\u017ed\u00fd rok tak d\u00edky n\u011bmu a&nbsp;jeho t\u00fdmu spolupracovn\u00edk\u016f vyjde kolem \u010dty\u0159iceti knih a&nbsp;\u010dasopis\u016f. Jeho pr\u00e1ce je cen\u011bn\u00e1 nejen na p\u016fd\u011b muzea, ale tak\u00e9 odbornou ve\u0159ejnost\u00ed &#8211; dokl\u00e1daj\u00ed to ocen\u011bn\u00ed Magnesia Litera \u010di&nbsp;\u00fasp\u011bch v&nbsp;sout\u011b\u017ei Nejkr\u00e1sn\u011bj\u0161\u00ed kniha roku. Dvan\u00e1ct let t\u00e9\u017e p\u016fsobil jako OSV\u010c na voln\u00e9 noze, dvacet let hr\u00e1l v&nbsp;hudebn\u00ed kapele, se kterou projel Evropu od Francie po&nbsp;Estonsko.<\/p>\n<p><!--more--><\/p>\n<div class=\"gallery gallery-columns-3 gallery-size-thumbnail rps-image-gallery-format-default rps-image-gallery-theme-default rps-image-gallery-columns-responsive rps-image-gallery rps-image-gallery-masonry rps-image-gallery-no-heading rps-image-gallery-no-caption rps-image-gallery-no-social \" style=\"text-align:left\" pageSize=\"0\" currentPage=\"0\" ><ul class=\"background-thumbnails\"><li class=\"gallery-item gallery-item-begin-row\"><div class=\"gallery-icon landscape\"><a rel=\"rps-image-group-27491\" href=\"https:\/\/libcickekrizovatky.cz\/content\/uploads\/2022\/08\/image-3.jpg\" title=\"&amp;lt;div class=&amp;quot;fancybox-title-caption&amp;quot;&amp;gt;Mgr. Jaroslav Richter (10.)&amp;lt;\/div&amp;gt;\"><img src=\"https:\/\/libcickekrizovatky.cz\/content\/uploads\/2022\/08\/image-3-250x250.jpg\" alt=\"Mgr. Jaroslav Richter (10.)\" title=\"Mgr. Jaroslav Richter (10.)\" class=\"attachment-thumbnail\" width=\"250\" height=\"250\" sizes=\"(max-width: 250px) 100vw, 250px\"><\/a><\/div><\/li><li class=\"gallery-item \"><div class=\"gallery-icon landscape\"><a rel=\"rps-image-group-27491\" href=\"https:\/\/libcickekrizovatky.cz\/content\/uploads\/2022\/08\/image-2-1.jpg\" title=\"&amp;lt;div class=&amp;quot;fancybox-title-caption&amp;quot;&amp;gt;Mgr. Jaroslav Richter (10.)&amp;lt;\/div&amp;gt;\"><img src=\"https:\/\/libcickekrizovatky.cz\/content\/uploads\/2022\/08\/image-2-1-250x250.jpg\" alt=\"Mgr. Jaroslav Richter (10.)\" title=\"Mgr. Jaroslav Richter (10.)\" class=\"attachment-thumbnail\" width=\"250\" height=\"250\" sizes=\"(max-width: 250px) 100vw, 250px\"><\/a><\/div><\/li><li class=\"gallery-item gallery-item-end-row\"><div class=\"gallery-icon landscape\"><a rel=\"rps-image-group-27491\" href=\"https:\/\/libcickekrizovatky.cz\/content\/uploads\/2022\/08\/image-1-1.jpg\" title=\"&amp;lt;div class=&amp;quot;fancybox-title-caption&amp;quot;&amp;gt;Mgr. Jaroslav Richter (10.)&amp;lt;\/div&amp;gt;\"><img src=\"https:\/\/libcickekrizovatky.cz\/content\/uploads\/2022\/08\/image-1-1-250x250.jpg\" alt=\"Mgr. Jaroslav Richter (10.)\" title=\"Mgr. Jaroslav Richter (10.)\" class=\"attachment-thumbnail last\" width=\"250\" height=\"250\" sizes=\"(max-width: 250px) 100vw, 250px\"><\/a><\/div><\/li><\/ul><\/div>\n<p>&nbsp;<\/p>\n<p>Z pracovn\u00ed \u010dinnosti m\u00e1 Jaroslav zku\u0161enost s&nbsp;pl\u00e1nov\u00e1n\u00edm, s&nbsp;ve\u0159ejn\u00fdmi zak\u00e1zkami, s&nbsp;prac\u00ed v&nbsp;t\u00fdmu i&nbsp;s&nbsp;jeho veden\u00edm. V\u011b\u0159\u00ed, \u017ee kandid\u00e1ti LOS p\u0159inesou Lib\u010dic\u00edm novou, pozitivn\u011bj\u0161\u00ed energii, n\u00e1pady, otev\u0159enost a&nbsp;prost\u011b obecn\u011b zm\u011bnu k&nbsp;lep\u0161\u00edmu. Koneckonc\u016f, \u017ee to s&nbsp;prac\u00ed pro m\u011bsto mysl\u00ed v\u00e1\u017en\u011b, osv\u011bd\u010duje LOS svoj\u00ed \u010dinnost\u00ed v&nbsp;zastupitelstvu i&nbsp;mimo n\u011b u\u017e l\u00e9ta.<\/p>\n<p>&gt; <span style=\"text-decoration: underline;\"><a href=\"https:\/\/libcickekrizovatky.cz\/?page_id=27211\">Pod\u00edvejte se na dal\u0161\u00ed kandid\u00e1ty Lib\u010dick\u00e9ho ob\u010dansk\u00e9ho spolku LOS do zastupitelstva m\u011bsta Lib\u010dice nad Vltavou v&nbsp;roce 2022<\/a><\/span><\/p>\n","protected":false},"excerpt":{"rendered":"<p>Kandid\u00e1t do zastupitelstva m\u011bsta Lib\u010dice nad Vltavou na 10.&nbsp;m\u00edst\u011b za Lib\u010dick\u00fd ob\u010dansk\u00fd spolek LOS. &nbsp; Jaroslav Richter \u017eije s&nbsp;rodinou v&nbsp;Lib\u010dic\u00edch dvacet let. Osobn\u011b se anga\u017euje v&nbsp;Sokole nebo v&nbsp;lib\u010dick\u00e9m kin\u011b. Vych\u00e1z\u00ed toti\u017e z&nbsp;toho, \u017ee pokud chceme, aby na mal\u00e9m m\u011bst\u011b fungovaly nebo v\u016fbec existovaly konkr\u00e9tn\u00ed slu\u017eby, je pot\u0159eba se o&nbsp;to osobn\u011b zaslou\u017eit. Pracuje v&nbsp;N\u00e1rodn\u00edm muzeu, kde [&hellip;]<\/p>\n","protected":false},"author":29,"featured_media":27352,"parent":27211,"menu_order":0,"comment_status":"closed","ping_status":"closed","template":"","meta":[],"_links":{"self":[{"href":"https:\/\/libcickekrizovatky.cz\/index.php?rest_route=\/wp\/v2\/pages\/27491"}],"collection":[{"href":"https:\/\/libcickekrizovatky.cz\/index.php?rest_route=\/wp\/v2\/pages"}],"about":[{"href":"https:\/\/libcickekrizovatky.cz\/index.php?rest_route=\/wp\/v2\/types\/page"}],"author":[{"embeddable":true,"href":"https:\/\/libcickekrizovatky.cz\/index.php?rest_route=\/wp\/v2\/users\/29"}],"replies":[{"embeddable":true,"href":"https:\/\/libcickekrizovatky.cz\/index.php?rest_route=%2Fwp%2Fv2%2Fcomments&post=27491"}],"version-history":[{"count":2,"href":"https:\/\/libcickekrizovatky.cz\/index.php?rest_route=\/wp\/v2\/pages\/27491\/revisions"}],"predecessor-version":[{"id":27505,"href":"https:\/\/libcickekrizovatky.cz\/index.php?rest_route=\/wp\/v2\/pages\/27491\/revisions\/27505"}],"up":[{"embeddable":true,"href":"https:\/\/libcickekrizovatky.cz\/index.php?rest_route=\/wp\/v2\/pages\/27211"}],"wp:featuredmedia":[{"embeddable":true,"href":"https:\/\/libcickekrizovatky.cz\/index.php?rest_route=\/wp\/v2\/media\/27352"}],"wp:attachment":[{"href":"https:\/\/libcickekrizovatky.cz\/index.php?rest_route=%2Fwp%2Fv2%2Fmedia&parent=27491"}],"curies":[{"name":"wp","href":"https:\/\/api.w.org\/{rel}","templated":true}]}}