{"id":27497,"date":"2022-08-20T16:51:36","date_gmt":"2022-08-20T14:51:36","guid":{"rendered":"https:\/\/libcickekrizovatky.cz\/?page_id=27497"},"modified":"2022-08-20T16:51:49","modified_gmt":"2022-08-20T14:51:49","slug":"mgr-renata-baxova","status":"publish","type":"page","link":"https:\/\/libcickekrizovatky.cz\/?page_id=27497","title":{"rendered":"Mgr. Renata Baxov\u00e1"},"content":{"rendered":"<p><strong><a href=\"https:\/\/libcickekrizovatky.cz\/?page_id=27211\">Kandid\u00e1tka do zastupitelstva<\/a> m\u011bsta Lib\u010dice nad Vltavou na 11.&nbsp;m\u00edst\u011b za Lib\u010dick\u00fd ob\u010dansk\u00fd spolek LOS.<\/strong><\/p>\n<p><img class=\"aligncenter size-large wp-image-27359\" src=\"https:\/\/libcickekrizovatky.cz\/content\/uploads\/2022\/08\/L5D7363_1600l-683x1024.jpg\" alt=\"Mgr. Renata Baxov\u00e1 (11.)\" width=\"100%\" srcset=\"https:\/\/libcickekrizovatky.cz\/content\/uploads\/2022\/08\/L5D7363_1600l-683x1024.jpg 683w, https:\/\/libcickekrizovatky.cz\/content\/uploads\/2022\/08\/L5D7363_1600l-200x300.jpg 200w, https:\/\/libcickekrizovatky.cz\/content\/uploads\/2022\/08\/L5D7363_1600l-768x1152.jpg 768w, https:\/\/libcickekrizovatky.cz\/content\/uploads\/2022\/08\/L5D7363_1600l-1024x1536.jpg 1024w, https:\/\/libcickekrizovatky.cz\/content\/uploads\/2022\/08\/L5D7363_1600l.jpg 1067w\" sizes=\"(max-width: 683px) 100vw, 683px\" \/><\/p>\n<p>&nbsp;<\/p>\n<p>Profes\u00ed soci\u00e1ln\u00ed pracovnice, kter\u00e1 se za 20 let p\u016fsoben\u00ed v&nbsp;soci\u00e1ln\u00ed oblasti vypracovala na mana\u017eerku v&nbsp;neziskov\u00e9 organizaci, kde \u0159\u00eddila projekty pro ohro\u017een\u00e9 rodiny, d\u011bti a&nbsp;ml\u00e1de\u017e. Renata se profesn\u011b vyprofilovala na specialistku na strategick\u00e9 pl\u00e1nov\u00e1n\u00ed v&nbsp;soci\u00e1ln\u00ed oblasti, realizaci EU projekt\u016f a&nbsp;na \u0159\u00edzen\u00ed kvality slu\u017eeb v&nbsp;oblasti soci\u00e1ln\u00edch slu\u017eeb. Z\u00e1rove\u0148 sv\u00e9 znalosti p\u0159ed\u00e1v\u00e1 d\u00e1le jako vyhled\u00e1van\u00e1 konzultantka.<\/p>\n<p><!--more--><\/p>\n<div class=\"gallery gallery-columns-4 gallery-size-thumbnail rps-image-gallery-format-default rps-image-gallery-theme-default rps-image-gallery-columns-no-responsive rps-image-gallery rps-image-gallery-masonry rps-image-gallery-no-heading rps-image-gallery-no-caption rps-image-gallery-no-social \" style=\"text-align:left\" pageSize=\"0\" currentPage=\"0\" ><ul class=\"background-thumbnails\"><li class=\"gallery-item gallery-item-begin-row\"><div class=\"gallery-icon landscape\"><a rel=\"rps-image-group-27497\" href=\"https:\/\/libcickekrizovatky.cz\/content\/uploads\/2022\/08\/konference-spolecna-prace-v-komunite.jpg\" title=\"\"><img src=\"https:\/\/libcickekrizovatky.cz\/content\/uploads\/2022\/08\/konference-spolecna-prace-v-komunite-250x250.jpg\" alt=\"konference-spolecna-prace-v-komunite\" title=\"konference-spolecna-prace-v-komunite\" class=\"attachment-thumbnail\" width=\"250\" height=\"250\" sizes=\"(max-width: 250px) 100vw, 250px\"><\/a><\/div><\/li><li class=\"gallery-item \"><div class=\"gallery-icon landscape\"><a rel=\"rps-image-group-27497\" href=\"https:\/\/libcickekrizovatky.cz\/content\/uploads\/2022\/08\/L5D7400_2000.jpg\" title=\"&amp;lt;div class=&amp;quot;fancybox-title-caption&amp;quot;&amp;gt;Mgr. Renata Baxov\u00e1 (11.)&amp;lt;\/div&amp;gt;\"><img src=\"https:\/\/libcickekrizovatky.cz\/content\/uploads\/2022\/08\/L5D7400_2000-250x250.jpg\" alt=\"Mgr. Renata Baxov\u00e1 (11.)\" title=\"Mgr. Renata Baxov\u00e1 (11.)\" class=\"attachment-thumbnail\" width=\"250\" height=\"250\" sizes=\"(max-width: 250px) 100vw, 250px\"><\/a><\/div><\/li><li class=\"gallery-item \"><div class=\"gallery-icon landscape\"><a rel=\"rps-image-group-27497\" href=\"https:\/\/libcickekrizovatky.cz\/content\/uploads\/2022\/08\/pracovni-setkani.jpg\" title=\"&amp;lt;div class=&amp;quot;fancybox-title-caption&amp;quot;&amp;gt;Mgr. Renata Baxov\u00e1 (11.)&amp;lt;\/div&amp;gt;\"><img src=\"https:\/\/libcickekrizovatky.cz\/content\/uploads\/2022\/08\/pracovni-setkani-250x250.jpg\" alt=\"Mgr. Renata Baxov\u00e1 (11.)\" title=\"Mgr. Renata Baxov\u00e1 (11.)\" class=\"attachment-thumbnail\" width=\"250\" height=\"250\" sizes=\"(max-width: 250px) 100vw, 250px\"><\/a><\/div><\/li><li class=\"gallery-item gallery-item-end-row\"><div class=\"gallery-icon landscape\"><a rel=\"rps-image-group-27497\" href=\"https:\/\/libcickekrizovatky.cz\/content\/uploads\/2022\/08\/norsko.jpg\" title=\"&amp;lt;div class=&amp;quot;fancybox-title-caption&amp;quot;&amp;gt;Mgr. Renata Baxov\u00e1 (11.)&amp;lt;\/div&amp;gt;\"><img src=\"https:\/\/libcickekrizovatky.cz\/content\/uploads\/2022\/08\/norsko-250x250.jpg\" alt=\"Mgr. Renata Baxov\u00e1 (11.)\" title=\"Mgr. Renata Baxov\u00e1 (11.)\" class=\"attachment-thumbnail last\" width=\"250\" height=\"250\" sizes=\"(max-width: 250px) 100vw, 250px\"><\/a><\/div><\/li><\/ul><\/div>\n<p>Je to tak\u00e9 kv\u016fli jej\u00ed schopnosti jasn\u00fdch a&nbsp;p\u0159esn\u00fdch formulac\u00ed a&nbsp;analytick\u00e9ho my\u0161len\u00ed. Um\u00ed zmapovat pot\u0159eby a&nbsp;reagovat na n\u011b, co\u017e je kl\u00ed\u010dov\u00e1 schopnost pro to, aby se projekt\u016fm da\u0159ilo a&nbsp;byly \u00fasp\u011b\u0161n\u00e9.<\/p>\n<p>Jestli n\u011bco Renatu vystihuje, pak je to vysok\u00e1 m\u00edra empatie a&nbsp;z\u00e1rove\u0148 schopnost nastavit hranice, co\u017e j\u00ed umo\u017e\u0148uje skv\u011ble komunikovat s&nbsp;lidmi nap\u0159\u00ed\u010d soci\u00e1ln\u00edmi vrstvami a&nbsp;p\u0159itom dotahovat sv\u00e9 projekty do konce. S&nbsp;prac\u00ed na radnici u\u017e m\u00e1 tak\u00e9 vlastn\u00ed zku\u0161enosti, v&nbsp;uplynul\u00e9m volebn\u00edm obdob\u00ed nap\u0159\u00edklad pracovala v&nbsp;Dota\u010dn\u00ed komisi na\u0161eho m\u011bsta.<\/p>\n<p>&gt; <span style=\"text-decoration: underline;\"><a href=\"https:\/\/libcickekrizovatky.cz\/?page_id=27211\">Pod\u00edvejte se na dal\u0161\u00ed kandid\u00e1ty Lib\u010dick\u00e9ho ob\u010dansk\u00e9ho spolku LOS do zastupitelstva m\u011bsta Lib\u010dice nad Vltavou v&nbsp;roce 2022<\/a><\/span><\/p>\n","protected":false},"excerpt":{"rendered":"<p>Kandid\u00e1tka do zastupitelstva m\u011bsta Lib\u010dice nad Vltavou na 11.&nbsp;m\u00edst\u011b za Lib\u010dick\u00fd ob\u010dansk\u00fd spolek LOS. &nbsp; Profes\u00ed soci\u00e1ln\u00ed pracovnice, kter\u00e1 se za 20 let p\u016fsoben\u00ed v&nbsp;soci\u00e1ln\u00ed oblasti vypracovala na mana\u017eerku v&nbsp;neziskov\u00e9 organizaci, kde \u0159\u00eddila projekty pro ohro\u017een\u00e9 rodiny, d\u011bti a&nbsp;ml\u00e1de\u017e. Renata se profesn\u011b vyprofilovala na specialistku na strategick\u00e9 pl\u00e1nov\u00e1n\u00ed v&nbsp;soci\u00e1ln\u00ed oblasti, realizaci EU projekt\u016f a&nbsp;na \u0159\u00edzen\u00ed [&hellip;]<\/p>\n","protected":false},"author":29,"featured_media":27359,"parent":27211,"menu_order":0,"comment_status":"closed","ping_status":"closed","template":"","meta":[],"_links":{"self":[{"href":"https:\/\/libcickekrizovatky.cz\/index.php?rest_route=\/wp\/v2\/pages\/27497"}],"collection":[{"href":"https:\/\/libcickekrizovatky.cz\/index.php?rest_route=\/wp\/v2\/pages"}],"about":[{"href":"https:\/\/libcickekrizovatky.cz\/index.php?rest_route=\/wp\/v2\/types\/page"}],"author":[{"embeddable":true,"href":"https:\/\/libcickekrizovatky.cz\/index.php?rest_route=\/wp\/v2\/users\/29"}],"replies":[{"embeddable":true,"href":"https:\/\/libcickekrizovatky.cz\/index.php?rest_route=%2Fwp%2Fv2%2Fcomments&post=27497"}],"version-history":[{"count":2,"href":"https:\/\/libcickekrizovatky.cz\/index.php?rest_route=\/wp\/v2\/pages\/27497\/revisions"}],"predecessor-version":[{"id":27503,"href":"https:\/\/libcickekrizovatky.cz\/index.php?rest_route=\/wp\/v2\/pages\/27497\/revisions\/27503"}],"up":[{"embeddable":true,"href":"https:\/\/libcickekrizovatky.cz\/index.php?rest_route=\/wp\/v2\/pages\/27211"}],"wp:featuredmedia":[{"embeddable":true,"href":"https:\/\/libcickekrizovatky.cz\/index.php?rest_route=\/wp\/v2\/media\/27359"}],"wp:attachment":[{"href":"https:\/\/libcickekrizovatky.cz\/index.php?rest_route=%2Fwp%2Fv2%2Fmedia&parent=27497"}],"curies":[{"name":"wp","href":"https:\/\/api.w.org\/{rel}","templated":true}]}}