{"id":27510,"date":"2022-08-20T17:26:12","date_gmt":"2022-08-20T15:26:12","guid":{"rendered":"https:\/\/libcickekrizovatky.cz\/?page_id=27510"},"modified":"2022-08-20T20:56:17","modified_gmt":"2022-08-20T18:56:17","slug":"mgr-martin-sekera-ph-d","status":"publish","type":"page","link":"https:\/\/libcickekrizovatky.cz\/?page_id=27510","title":{"rendered":"Mgr. Martin Sekera, Ph.D."},"content":{"rendered":"<p><strong><a href=\"https:\/\/libcickekrizovatky.cz\/?page_id=27211\">Kandid\u00e1t do zastupitelstva<\/a> m\u011bsta Lib\u010dice nad Vltavou na 14.&nbsp;m\u00edst\u011b za Lib\u010dick\u00fd ob\u010dansk\u00fd spolek LOS.<\/strong><\/p>\n<p><img class=\"aligncenter size-large wp-image-27351\" src=\"https:\/\/libcickekrizovatky.cz\/content\/uploads\/2022\/08\/L5D5712_1600-683x1024.jpg\" alt=\"Mgr. Martin Sekera, Ph.D.\" width=\"100%\" srcset=\"https:\/\/libcickekrizovatky.cz\/content\/uploads\/2022\/08\/L5D5712_1600-683x1024.jpg 683w, https:\/\/libcickekrizovatky.cz\/content\/uploads\/2022\/08\/L5D5712_1600-200x300.jpg 200w, https:\/\/libcickekrizovatky.cz\/content\/uploads\/2022\/08\/L5D5712_1600-768x1152.jpg 768w, https:\/\/libcickekrizovatky.cz\/content\/uploads\/2022\/08\/L5D5712_1600-1024x1536.jpg 1024w, https:\/\/libcickekrizovatky.cz\/content\/uploads\/2022\/08\/L5D5712_1600.jpg 1067w\" sizes=\"(max-width: 683px) 100vw, 683px\" \/><\/p>\n<p>&nbsp;<\/p>\n<p>Martin Sekera poch\u00e1z\u00ed z&nbsp;Kralup, v&nbsp;Lib\u010dic\u00edch \u017eije od roku 1996 s&nbsp;man\u017eelkou \u0160\u00e1rkou, kter\u00e1 vede zdej\u0161\u00ed m\u011bstskou knihovnu. Profesn\u011b je spojen s&nbsp;N\u00e1rodn\u00edm muzeem, v&nbsp;n\u011bm\u017e je \u0159editelem Knihovny N\u00e1rodn\u00edho muzea, od lo\u0148sk\u00e9ho roku i&nbsp;Historick\u00e9ho muzea a&nbsp;je tak\u00e9 statut\u00e1rn\u00edm z\u00e1stupcem gener\u00e1ln\u00edho \u0159editele. Dvacet let tak\u00e9 u\u010dil na vysok\u00e9 \u0161kole. V&nbsp;roce 2006 spoluzakl\u00e1dal spolek Lib\u011bhrad, za kter\u00fd byl potom radn\u00edm pro \u0161kolstv\u00ed a&nbsp;kulturu.<\/p>\n<p><!--more--><\/p>\n<div class=\"gallery gallery-columns-3 gallery-size-thumbnail rps-image-gallery-format-default rps-image-gallery-theme-default rps-image-gallery-columns-responsive rps-image-gallery rps-image-gallery-masonry rps-image-gallery-no-heading rps-image-gallery-no-caption rps-image-gallery-no-social \" style=\"text-align:left\" pageSize=\"0\" currentPage=\"0\" ><ul class=\"background-thumbnails\"><li class=\"gallery-item gallery-item-begin-row\"><div class=\"gallery-icon landscape\"><a rel=\"rps-image-group-27510\" href=\"https:\/\/libcickekrizovatky.cz\/content\/uploads\/2022\/08\/Foto.jpg\" title=\"\"><img src=\"https:\/\/libcickekrizovatky.cz\/content\/uploads\/2022\/08\/Foto-250x250.jpg\" alt=\"Foto\" title=\"Foto\" class=\"attachment-thumbnail\" width=\"250\" height=\"250\" sizes=\"(max-width: 250px) 100vw, 250px\"><\/a><\/div><\/li><li class=\"gallery-item \"><div class=\"gallery-icon landscape\"><a rel=\"rps-image-group-27510\" href=\"https:\/\/libcickekrizovatky.cz\/content\/uploads\/2022\/08\/IMG_6863.jpg\" title=\"&amp;lt;div class=&amp;quot;fancybox-title-caption&amp;quot;&amp;gt;Mgr. Martin Sekera, Ph.D.&amp;lt;\/div&amp;gt;\"><img src=\"https:\/\/libcickekrizovatky.cz\/content\/uploads\/2022\/08\/IMG_6863-250x250.jpg\" alt=\"Mgr. Martin Sekera, Ph.D.\" title=\"Mgr. Martin Sekera, Ph.D.\" class=\"attachment-thumbnail\" width=\"250\" height=\"250\" sizes=\"(max-width: 250px) 100vw, 250px\"><\/a><\/div><\/li><li class=\"gallery-item gallery-item-end-row\"><div class=\"gallery-icon landscape\"><a rel=\"rps-image-group-27510\" href=\"https:\/\/libcickekrizovatky.cz\/content\/uploads\/2022\/08\/IMG_0250.jpg\" title=\"&amp;lt;div class=&amp;quot;fancybox-title-caption&amp;quot;&amp;gt;Mgr. Martin Sekera, Ph.D.&amp;lt;\/div&amp;gt;\"><img src=\"https:\/\/libcickekrizovatky.cz\/content\/uploads\/2022\/08\/IMG_0250-250x250.jpg\" alt=\"Mgr. Martin Sekera, Ph.D.\" title=\"Mgr. Martin Sekera, Ph.D.\" class=\"attachment-thumbnail last\" width=\"250\" height=\"250\" sizes=\"(max-width: 250px) 100vw, 250px\"><\/a><\/div><\/li><\/ul><\/div>\n<p>&nbsp;<\/p>\n<p>Byl spoluredaktorem m\u011bstsk\u00e9ho zpravodaje. Vytvo\u0159il prvn\u00ed m\u011bstsk\u00e1 pravidla pro grantov\u00fd syst\u00e9m podpory kulturn\u00edch akc\u00ed a&nbsp;pro \u010derp\u00e1n\u00ed z&nbsp;fondu \u0161kolsk\u00e9ho rozvoje. Pokusil se zm\u011bnit pom\u011bry v&nbsp;lib\u010dick\u00e9 z\u00e1kladn\u00ed \u0161kole, ale nepovedlo se mu to. \u0160kolskou ot\u00e1zku pova\u017euje za jednu ze st\u011b\u017eejn\u00edch a&nbsp;sou\u010dasn\u011b nejslo\u017eit\u011bj\u0161\u00edch pro rozvoj m\u011bsta. Proto situaci zdej\u0161\u00edch \u0161kol sleduje <span style=\"text-decoration: underline; color: #0000ff;\"><a style=\"color: #0000ff; text-decoration: underline;\" href=\"https:\/\/libcickekrizovatky.cz\/?p=27245\" target=\"_blank\" rel=\"noopener\">permanentn\u011b<\/a><\/span>. Vzhledem ke sv\u00e9 pr\u00e1ci ve st\u00e1tn\u00ed p\u0159\u00edsp\u011bvkov\u00e9 organizaci se orientuje v&nbsp;oblasti ve\u0159ejn\u00fdch zak\u00e1zek, co\u017e je d\u016fle\u017eit\u00e9 i&nbsp;pro komun\u00e1ln\u00ed politiku.<\/p>\n<p>&gt; <span style=\"text-decoration: underline;\"><a href=\"https:\/\/libcickekrizovatky.cz\/?page_id=27211\">Pod\u00edvejte se na dal\u0161\u00ed kandid\u00e1ty Lib\u010dick\u00e9ho ob\u010dansk\u00e9ho spolku LOS do zastupitelstva m\u011bsta Lib\u010dice nad Vltavou v&nbsp;roce 2022<\/a><\/span><\/p>\n","protected":false},"excerpt":{"rendered":"<p>Kandid\u00e1t do zastupitelstva m\u011bsta Lib\u010dice nad Vltavou na 14.&nbsp;m\u00edst\u011b za Lib\u010dick\u00fd ob\u010dansk\u00fd spolek LOS. &nbsp; Martin Sekera poch\u00e1z\u00ed z&nbsp;Kralup, v&nbsp;Lib\u010dic\u00edch \u017eije od roku 1996 s&nbsp;man\u017eelkou \u0160\u00e1rkou, kter\u00e1 vede zdej\u0161\u00ed m\u011bstskou knihovnu. Profesn\u011b je spojen s&nbsp;N\u00e1rodn\u00edm muzeem, v&nbsp;n\u011bm\u017e je \u0159editelem Knihovny N\u00e1rodn\u00edho muzea, od lo\u0148sk\u00e9ho roku i&nbsp;Historick\u00e9ho muzea a&nbsp;je tak\u00e9 statut\u00e1rn\u00edm z\u00e1stupcem gener\u00e1ln\u00edho \u0159editele. Dvacet let [&hellip;]<\/p>\n","protected":false},"author":29,"featured_media":0,"parent":27211,"menu_order":0,"comment_status":"closed","ping_status":"closed","template":"","meta":[],"_links":{"self":[{"href":"https:\/\/libcickekrizovatky.cz\/index.php?rest_route=\/wp\/v2\/pages\/27510"}],"collection":[{"href":"https:\/\/libcickekrizovatky.cz\/index.php?rest_route=\/wp\/v2\/pages"}],"about":[{"href":"https:\/\/libcickekrizovatky.cz\/index.php?rest_route=\/wp\/v2\/types\/page"}],"author":[{"embeddable":true,"href":"https:\/\/libcickekrizovatky.cz\/index.php?rest_route=\/wp\/v2\/users\/29"}],"replies":[{"embeddable":true,"href":"https:\/\/libcickekrizovatky.cz\/index.php?rest_route=%2Fwp%2Fv2%2Fcomments&post=27510"}],"version-history":[{"count":3,"href":"https:\/\/libcickekrizovatky.cz\/index.php?rest_route=\/wp\/v2\/pages\/27510\/revisions"}],"predecessor-version":[{"id":27529,"href":"https:\/\/libcickekrizovatky.cz\/index.php?rest_route=\/wp\/v2\/pages\/27510\/revisions\/27529"}],"up":[{"embeddable":true,"href":"https:\/\/libcickekrizovatky.cz\/index.php?rest_route=\/wp\/v2\/pages\/27211"}],"wp:attachment":[{"href":"https:\/\/libcickekrizovatky.cz\/index.php?rest_route=%2Fwp%2Fv2%2Fmedia&parent=27510"}],"curies":[{"name":"wp","href":"https:\/\/api.w.org\/{rel}","templated":true}]}}