{"id":27518,"date":"2022-08-20T17:30:06","date_gmt":"2022-08-20T15:30:06","guid":{"rendered":"https:\/\/libcickekrizovatky.cz\/?page_id=27518"},"modified":"2022-08-20T17:30:06","modified_gmt":"2022-08-20T15:30:06","slug":"27518-2","status":"publish","type":"page","link":"https:\/\/libcickekrizovatky.cz\/?page_id=27518","title":{"rendered":""},"content":{"rendered":"<p><strong><a href=\"https:\/\/libcickekrizovatky.cz\/?page_id=27211\">Kandid\u00e1t do zastupitelstva<\/a> m\u011bsta Lib\u010dice nad Vltavou na 15.&nbsp;m\u00edst\u011b za Lib\u010dick\u00fd ob\u010dansk\u00fd spolek LOS.<\/strong><\/p>\n<p><img class=\"aligncenter size-large wp-image-27353\" src=\"https:\/\/libcickekrizovatky.cz\/content\/uploads\/2022\/08\/L5D5794_1600-683x1024.jpg\" alt=\"PhDr. Petr Sch\u00f6nfeld (15.)\" width=\"100%\" srcset=\"https:\/\/libcickekrizovatky.cz\/content\/uploads\/2022\/08\/L5D5794_1600-683x1024.jpg 683w, https:\/\/libcickekrizovatky.cz\/content\/uploads\/2022\/08\/L5D5794_1600-200x300.jpg 200w, https:\/\/libcickekrizovatky.cz\/content\/uploads\/2022\/08\/L5D5794_1600-768x1152.jpg 768w, https:\/\/libcickekrizovatky.cz\/content\/uploads\/2022\/08\/L5D5794_1600-1024x1536.jpg 1024w, https:\/\/libcickekrizovatky.cz\/content\/uploads\/2022\/08\/L5D5794_1600.jpg 1067w\" sizes=\"(max-width: 683px) 100vw, 683px\" \/><\/p>\n<p>&nbsp;<\/p>\n<p>Jeho rodina \u017eije v&nbsp;Lib\u010dic\u00edch od roku 1927, kdy se tu narodila Petrova matka, o&nbsp;kterou se star\u00e1. Mnoz\u00ed jist\u011b pamatuj\u00ed tak\u00e9 d\u011bde\u010dka Franti\u0161ka Krti\u010dku, kter\u00fd byl m\u00edstn\u00edm l\u00e9ka\u0159em, a&nbsp;jeho stejnojmenn\u00e9ho syna, kter\u00fd po&nbsp;otci zd\u011bdil nejen povol\u00e1n\u00ed, ale i&nbsp;vz\u00e1cn\u011b laskavou a&nbsp;p\u0159\u00e1telskou povahu. Petra do Lib\u010dic p\u0159ivezli ve v\u011bku \u010dty\u0159 dn\u016f z&nbsp;pra\u017esk\u00e9 porodnice a&nbsp;bez t\u011bchto p\u00e1r dn\u016f tu v&nbsp;den voleb \u017eije 72 let a&nbsp;350 dn\u016f. Profesn\u011b byl novin\u00e1\u0159em, \u0161\u00e9fredaktorem a&nbsp;\u0159editelem r\u016fzn\u00fdch den\u00edk\u016f a&nbsp;t\u00fdden\u00edk\u016f. P\u0159edsedal Unii vydavatel\u016f denn\u00edho tisku a&nbsp;\u0159\u00eddil velkou tisk\u00e1rnu. Vlastnil tak\u00e9 firmu obchoduj\u00edc\u00ed s&nbsp;novinov\u00fdm pap\u00edrem. Tak\u00e9, sp\u00ed\u0161e pro vlastn\u00ed pot\u011bchu, byl n\u011bjakou dobu zam\u011bstnancem pra\u017esk\u00e9 ZOO. Do v\u0161ech t\u011bchto zam\u011bstn\u00e1n\u00ed pokud mo\u017eno jezdil na kole. Cyklistiku provozuje i&nbsp;te\u010f v&nbsp;d\u016fchodu, ale pr\u00fd jezd\u00ed \u010d\u00edm d\u00e1l pomaleji.<\/p>\n<p><!--more--><\/p>\n<div class=\"gallery gallery-columns-4 gallery-size-thumbnail rps-image-gallery-format-default rps-image-gallery-theme-default rps-image-gallery-columns-no-responsive rps-image-gallery rps-image-gallery-masonry rps-image-gallery-no-heading rps-image-gallery-no-caption rps-image-gallery-no-social \" style=\"text-align:left\" pageSize=\"0\" currentPage=\"0\" ><ul class=\"background-thumbnails\"><li class=\"gallery-item gallery-item-begin-row\"><div class=\"gallery-icon landscape\"><a rel=\"rps-image-group-27518\" href=\"https:\/\/libcickekrizovatky.cz\/content\/uploads\/2022\/08\/IMG_4680.jpg\" title=\"&amp;lt;div class=&amp;quot;fancybox-title-caption&amp;quot;&amp;gt;PhDr. Petr Sch\u00f6nfeld (15.)&amp;lt;\/div&amp;gt;\"><img src=\"https:\/\/libcickekrizovatky.cz\/content\/uploads\/2022\/08\/IMG_4680-250x250.jpg\" alt=\"PhDr. Petr Sch\u00f6nfeld (15.)\" title=\"PhDr. Petr Sch\u00f6nfeld (15.)\" class=\"attachment-thumbnail\" width=\"250\" height=\"250\" sizes=\"(max-width: 250px) 100vw, 250px\"><\/a><\/div><\/li><li class=\"gallery-item \"><div class=\"gallery-icon landscape\"><a rel=\"rps-image-group-27518\" href=\"https:\/\/libcickekrizovatky.cz\/content\/uploads\/2022\/08\/IMG_4949.jpg\" title=\"&amp;lt;div class=&amp;quot;fancybox-title-caption&amp;quot;&amp;gt;PhDr. Petr Sch\u00f6nfeld (15.)&amp;lt;\/div&amp;gt;\"><img src=\"https:\/\/libcickekrizovatky.cz\/content\/uploads\/2022\/08\/IMG_4949-250x250.jpg\" alt=\"PhDr. Petr Sch\u00f6nfeld (15.)\" title=\"PhDr. Petr Sch\u00f6nfeld (15.)\" class=\"attachment-thumbnail\" width=\"250\" height=\"250\" sizes=\"(max-width: 250px) 100vw, 250px\"><\/a><\/div><\/li><li class=\"gallery-item \"><div class=\"gallery-icon landscape\"><a rel=\"rps-image-group-27518\" href=\"https:\/\/libcickekrizovatky.cz\/content\/uploads\/2022\/08\/P1040723.jpg\" title=\"&amp;lt;div class=&amp;quot;fancybox-title-caption&amp;quot;&amp;gt;PhDr. Petr Sch\u00f6nfeld (15.)&amp;lt;\/div&amp;gt;\"><img src=\"https:\/\/libcickekrizovatky.cz\/content\/uploads\/2022\/08\/P1040723-250x250.jpg\" alt=\"PhDr. Petr Sch\u00f6nfeld (15.)\" title=\"PhDr. Petr Sch\u00f6nfeld (15.)\" class=\"attachment-thumbnail\" width=\"250\" height=\"250\" sizes=\"(max-width: 250px) 100vw, 250px\"><\/a><\/div><\/li><li class=\"gallery-item gallery-item-end-row\"><div class=\"gallery-icon landscape\"><a rel=\"rps-image-group-27518\" href=\"https:\/\/libcickekrizovatky.cz\/content\/uploads\/2022\/08\/SAM_3773.jpg\" title=\"&amp;lt;div class=&amp;quot;fancybox-title-caption&amp;quot;&amp;gt;PhDr. Petr Sch\u00f6nfeld (15.)&amp;lt;\/div&amp;gt;\"><img src=\"https:\/\/libcickekrizovatky.cz\/content\/uploads\/2022\/08\/SAM_3773-250x250.jpg\" alt=\"PhDr. Petr Sch\u00f6nfeld (15.)\" title=\"PhDr. Petr Sch\u00f6nfeld (15.)\" class=\"attachment-thumbnail last\" width=\"250\" height=\"250\" sizes=\"(max-width: 250px) 100vw, 250px\"><\/a><\/div><\/li><\/ul><\/div>\n<p>Petr byl v&nbsp;posledn\u00edm volebn\u00edm obdob\u00ed byl \u010dlenem m\u011bstsk\u00e9ho zastupitelstva, kde se sna\u017eil prosadit otev\u0159enou a&nbsp;p\u0159\u00edmou komunikaci, kter\u00e1 mu v&nbsp;pojet\u00ed dosavadn\u00edho veden\u00ed radnice velmi chyb\u00ed. Sv\u00e9 m\u00edsto v&nbsp;zastupitelstvu p\u0159ed rokem p\u0159edal mlad\u0161\u00edmu Janu Men\u0161\u00edkovi, aby mohl naplno a&nbsp;s&nbsp;el\u00e1nem uplatnit sv\u00e9 zku\u0161enosti pr\u00e1vn\u00edka a&nbsp;hasi\u010de.<\/p>\n<p>Do Lib\u010dick\u00fdch novin sepsal v&nbsp;n\u011bkolika uplynul\u00fdch letech seri\u00e1l \u010dl\u00e1nk\u016f o&nbsp;historii na\u0161eho m\u011bsta a&nbsp;\u017eivotech jeho obyvatel. Podle ohlas\u016f to snad zaj\u00edmalo nejen ty star\u0161\u00ed, ale i&nbsp;mlad\u00e9 a&nbsp;ty, kte\u0159\u00ed se v&nbsp;pr\u016fb\u011bhu posledn\u00edch let do Lib\u010dic p\u0159ist\u011bhovali.<\/p>\n<p>&gt; <span style=\"text-decoration: underline;\"><a href=\"https:\/\/libcickekrizovatky.cz\/?page_id=27211\">Pod\u00edvejte se na dal\u0161\u00ed kandid\u00e1ty Lib\u010dick\u00e9ho ob\u010dansk\u00e9ho spolku LOS do zastupitelstva m\u011bsta Lib\u010dice nad Vltavou v&nbsp;roce 2022<\/a><\/span><\/p>\n","protected":false},"excerpt":{"rendered":"<p>Kandid\u00e1t do zastupitelstva m\u011bsta Lib\u010dice nad Vltavou na 15.&nbsp;m\u00edst\u011b za Lib\u010dick\u00fd ob\u010dansk\u00fd spolek LOS. &nbsp; Jeho rodina \u017eije v&nbsp;Lib\u010dic\u00edch od roku 1927, kdy se tu narodila Petrova matka, o&nbsp;kterou se star\u00e1. Mnoz\u00ed jist\u011b pamatuj\u00ed tak\u00e9 d\u011bde\u010dka Franti\u0161ka Krti\u010dku, kter\u00fd byl m\u00edstn\u00edm l\u00e9ka\u0159em, a&nbsp;jeho stejnojmenn\u00e9ho syna, kter\u00fd po&nbsp;otci zd\u011bdil nejen povol\u00e1n\u00ed, ale i&nbsp;vz\u00e1cn\u011b laskavou a&nbsp;p\u0159\u00e1telskou povahu. [&hellip;]<\/p>\n","protected":false},"author":29,"featured_media":27353,"parent":27211,"menu_order":0,"comment_status":"closed","ping_status":"closed","template":"","meta":[],"_links":{"self":[{"href":"https:\/\/libcickekrizovatky.cz\/index.php?rest_route=\/wp\/v2\/pages\/27518"}],"collection":[{"href":"https:\/\/libcickekrizovatky.cz\/index.php?rest_route=\/wp\/v2\/pages"}],"about":[{"href":"https:\/\/libcickekrizovatky.cz\/index.php?rest_route=\/wp\/v2\/types\/page"}],"author":[{"embeddable":true,"href":"https:\/\/libcickekrizovatky.cz\/index.php?rest_route=\/wp\/v2\/users\/29"}],"replies":[{"embeddable":true,"href":"https:\/\/libcickekrizovatky.cz\/index.php?rest_route=%2Fwp%2Fv2%2Fcomments&post=27518"}],"version-history":[{"count":1,"href":"https:\/\/libcickekrizovatky.cz\/index.php?rest_route=\/wp\/v2\/pages\/27518\/revisions"}],"predecessor-version":[{"id":27523,"href":"https:\/\/libcickekrizovatky.cz\/index.php?rest_route=\/wp\/v2\/pages\/27518\/revisions\/27523"}],"up":[{"embeddable":true,"href":"https:\/\/libcickekrizovatky.cz\/index.php?rest_route=\/wp\/v2\/pages\/27211"}],"wp:featuredmedia":[{"embeddable":true,"href":"https:\/\/libcickekrizovatky.cz\/index.php?rest_route=\/wp\/v2\/media\/27353"}],"wp:attachment":[{"href":"https:\/\/libcickekrizovatky.cz\/index.php?rest_route=%2Fwp%2Fv2%2Fmedia&parent=27518"}],"curies":[{"name":"wp","href":"https:\/\/api.w.org\/{rel}","templated":true}]}}