{"id":295,"date":"2014-07-10T23:16:01","date_gmt":"2014-07-10T22:16:01","guid":{"rendered":"http:\/\/libcickekrizovatky.cz\/?page_id=295"},"modified":"2015-06-10T01:00:48","modified_gmt":"2015-06-09T23:00:48","slug":"kandidati-pro-volby","status":"publish","type":"page","link":"https:\/\/libcickekrizovatky.cz\/?page_id=295","title":{"rendered":"Kandid\u00e1ti &#8217;14"},"content":{"rendered":"<h2>V\u00e1\u017een\u00ed ob\u010dan\u00e9 Lib\u010dic,<\/h2>\n<p>p\u0159edstavujeme V\u00e1m <span style=\"text-decoration: underline;\">kandid\u00e1ty pro leto\u0161n\u00ed volby do zastupitelstva<\/span>\u00a0 na\u0161eho m\u011bsta, kter\u00e9 jsme si vybrali a&nbsp;zvolili jejich po\u0159ad\u00ed. Postupn\u011b se o&nbsp;nich dozv\u00edte v\u00edce.<\/p>\n<p>Zat\u00edm tedy aspo\u0148 toto: sedm \u017een, osm mu\u017e\u016f, nejmlad\u0161\u00edmu je t\u0159iat\u0159icet, nejstar\u0161\u00edmu p\u011bta\u0161edes\u00e1t, kdy\u017e se l\u00e9ta v\u0161ech kandid\u00e1t\u016f se\u010dtou a&nbsp;vyd\u011bl\u00ed patn\u00e1cti, dostaneme se k\u00a0v\u011bkov\u00e9mu pr\u016fm\u011bru 41,9 roku. A&nbsp;to je pom\u011brn\u011b p\u0159\u00edjemn\u00e1 f\u00e1ze st\u0159edn\u00edho v\u011bku; sem tam n\u011bjak\u00fd ten projev jeho krize, zku\u0161enost\u00ed je u\u017e docela dost, ale zase ne tolik, aby k\u00a0tomuto v\u011bku nepat\u0159ila zv\u011bdavost a&nbsp;chu\u0165 z\u00edsk\u00e1vat nov\u00e9 zku\u0161enosti, ob\u010dasnou zt\u0159e\u0161t\u011bnost si tak\u00e9 je\u0161t\u011b m\u016f\u017ee dvaa\u010dty\u0159ic\u00e1tn\u00edk dovolit, ale p\u0159eci jen u\u017e opatrn\u011b, aby se mu t\u0159ic\u00e1tn\u00edk nepo\u0161kleboval a&nbsp;pades\u00e1tn\u00edk nez\u00e1vid\u011bl, tak\u00e9 n\u00e1pady a&nbsp;s\u00edla je uskute\u010d\u0148ovat k\u00a0tomu v\u011bku je\u0161t\u011b pat\u0159\u00ed.<\/p>\n<p>N\u00e1\u0161 ide\u00e1ln\u00ed typ kandid\u00e1ta podle v\u011bku je tedy dvaa\u010dty\u0159ic\u00e1tn\u00edk a&nbsp;nej\u010dast\u011bji se jmenuje Petr(a). Um\u00ed radit (prim\u00e1torovi), \u0159\u00eddit (lidi), zahradni\u010dit a&nbsp;starat se o&nbsp;p\u0159\u00edrodu, rozum\u00ed stavebnictv\u00ed, IT technologi\u00edm, zdrav\u00e9 v\u00fd\u017eiv\u011b d\u011bt\u00ed, men\u0161\u00ed, v\u011bt\u0161\u00ed i&nbsp;ty nejv\u011bt\u0161\u00ed d\u011bti dovede u\u010dit, odborn\u00e9 informace si najde, vyzn\u00e1 se v\u00a0\u00fa\u010detnictv\u00ed, v\u00a0pr\u00e1vu, obchodov\u00e1n\u00ed, propagaci a&nbsp;jako novin\u00e1\u0159 v\u00ed, \u017ee \u017eivot je mnohem pest\u0159ej\u0161\u00ed a&nbsp;vrstevnat\u011bj\u0161\u00ed, ne\u017e jak se o&nbsp;n\u011bm p\u00ed\u0161e v\u00a0novin\u00e1ch a&nbsp;mluv\u00ed v\u00a0televizi.<\/p>\n<p style=\"text-align: right;\">V\u00e1\u0161 LOS<\/p>\n<p style=\"text-align: right;\"><a href=\"https:\/\/libcickekrizovatky.cz\/content\/uploads\/2014\/06\/LOS-03-stredni.jpg\"><img loading=\"lazy\" class=\" wp-image-560 alignright\" alt=\"LOS - LIB\u010cICK\u00dd OB\u010cANSK\u00dd SPOLEK\" src=\"https:\/\/libcickekrizovatky.cz\/content\/uploads\/2014\/06\/LOS-03-stredni.jpg\" width=\"254\" height=\"180\" srcset=\"https:\/\/libcickekrizovatky.cz\/content\/uploads\/2014\/06\/LOS-03-stredni.jpg 424w, https:\/\/libcickekrizovatky.cz\/content\/uploads\/2014\/06\/LOS-03-stredni-300x212.jpg 300w\" sizes=\"(max-width: 254px) 100vw, 254px\" \/><\/a><\/p>\n<h2>Kandid\u00e1ti Lib\u010dick\u00e9ho ob\u010dansk\u00e9ho spolku LOS<br \/>\npro komun\u00e1ln\u00ed volby 2014<\/h2>\n<table width=\"100%\" border=\"0\" cellspacing=\"5\" cellpadding=\"5\">\n<tbody>\n<tr>\n<td>\n<p><div id=\"attachment_477\" style=\"width: 310px\" class=\"wp-caption alignnone\"><a href=\"https:\/\/libcickekrizovatky.cz\/?p=607#MSt\" target=\"_blank\"><img aria-describedby=\"caption-attachment-477\" loading=\"lazy\" class=\"size-full wp-image-477  \" alt=\"Mat\u011bj \u0160t\u011btka\" src=\"https:\/\/libcickekrizovatky.cz\/content\/uploads\/2014\/08\/Matej-Stetka-thmb.jpg\" width=\"300\" height=\"245\" \/><\/a><p id=\"caption-attachment-477\" class=\"wp-caption-text\"><strong><span style=\"text-decoration: underline;\"><a title=\"Kandid\u00e1ti LOSu o sob\u011b V.\" href=\"https:\/\/libcickekrizovatky.cz\/?p=607#MSt\" target=\"_blank\">1. Mat\u011bj \u0160t\u011btka<\/a><\/span>,<\/strong> 42 let,<br \/>poradce prim\u00e1tora \u00dast\u00ed nad Labem<\/p><\/div><\/td>\n<td>\n<p><div id=\"attachment_349\" style=\"width: 310px\" class=\"wp-caption alignnone\"><a href=\"https:\/\/libcickekrizovatky.cz\/?p=442#TNe\" target=\"_blank\"><img aria-describedby=\"caption-attachment-349\" loading=\"lazy\" class=\"size-full wp-image-349    \" alt=\"Tereza Nehasilov\u00e1\" src=\"https:\/\/libcickekrizovatky.cz\/content\/uploads\/2014\/07\/Tereza-Nehasilova-thmb.jpg\" width=\"300\" height=\"245\" \/><\/a><p id=\"caption-attachment-349\" class=\"wp-caption-text\"><span style=\"text-decoration: underline;\"><a title=\"Tereza Nehasilov\u00e1 o sob\u011b\" href=\"https:\/\/libcickekrizovatky.cz\/?p=442#TNe\" target=\"_blank\"><strong>2. Tereza Nehasilov\u00e1<\/strong><\/a><\/span>, 35 let,<br \/>vedouc\u00ed realizac\u00ed v&nbsp;zahradnictv\u00ed \u010cern\u00fd V\u016fl<\/p><\/div><\/td>\n<\/tr>\n<tr>\n<td>\n<p><div id=\"attachment_341\" style=\"width: 310px\" class=\"wp-caption alignnone\"><a href=\"https:\/\/libcickekrizovatky.cz\/?p=585#LHa\" target=\"_blank\"><img aria-describedby=\"caption-attachment-341\" loading=\"lazy\" class=\"size-full wp-image-341  \" alt=\"Lubo\u0161 Harazin\" src=\"https:\/\/libcickekrizovatky.cz\/content\/uploads\/2014\/07\/Lubos-Harazin-thmb.jpg\" width=\"300\" height=\"245\" \/><\/a><p id=\"caption-attachment-341\" class=\"wp-caption-text\"><span style=\"text-decoration: underline;\"><a title=\"Lubo\u0161 Harazin o sob\u011b\" href=\"https:\/\/libcickekrizovatky.cz\/?p=585#LHa\" target=\"_blank\"> <strong>3. Lubo\u0161 Harazin,<\/strong><\/a><\/span> 45 let,<br \/>\u0159editel ZU\u0160 Kralupy nad Vltavou<\/p><\/div><\/td>\n<td>\n<p><div id=\"attachment_348\" style=\"width: 310px\" class=\"wp-caption alignnone\"><a href=\"https:\/\/libcickekrizovatky.cz\/?p=361#PPe\" target=\"_blank\"><img aria-describedby=\"caption-attachment-348\" loading=\"lazy\" class=\"size-full wp-image-348  \" alt=\"Petra Peleskova\" src=\"https:\/\/libcickekrizovatky.cz\/content\/uploads\/2014\/07\/Petra-Peleskova-thmb.jpg\" width=\"300\" height=\"245\" \/><\/a><p id=\"caption-attachment-348\" class=\"wp-caption-text\"><span style=\"text-decoration: underline;\"><a title=\"Petra Pele\u0161kov\u00e1 o sob\u011b\" href=\"https:\/\/libcickekrizovatky.cz\/?p=361#PPe\" target=\"_blank\"><strong>4. Petra Pele\u0161kov\u00e1,<\/strong><\/a><\/span> 43 let,<br \/>referentka stavebn\u00edho \u00fa\u0159adu, Praha<\/p><\/div><\/td>\n<\/tr>\n<tr>\n<td>\n<p><div id=\"attachment_339\" style=\"width: 310px\" class=\"wp-caption alignnone\"><a href=\"https:\/\/libcickekrizovatky.cz\/?p=395#IPt\" target=\"_blank\"><img aria-describedby=\"caption-attachment-339\" loading=\"lazy\" class=\"size-full wp-image-339   \" alt=\"Ilona Pt\u00e1\u010dkov\u00e1\" src=\"https:\/\/libcickekrizovatky.cz\/content\/uploads\/2014\/07\/Ilona-Ptackova-thmb.jpg\" width=\"300\" height=\"245\" \/><\/a><p id=\"caption-attachment-339\" class=\"wp-caption-text\"><span style=\"text-decoration: underline;\"><a title=\"Ilona Pt\u00e1\u010dkov\u00e1 o sob\u011b\" href=\"https:\/\/libcickekrizovatky.cz\/?p=395#IPt\"><strong>5. Ilona Pt\u00e1\u010dkov\u00e1,<\/strong><\/a><\/span> 39 let,<br \/>vedouc\u00ed \u0161koln\u00ed j\u00eddelny M\u0160 Lib\u010dice nad Vltavou<\/p><\/div><\/td>\n<td>\n<p><div id=\"attachment_343\" style=\"width: 310px\" class=\"wp-caption alignnone\"><a href=\"https:\/\/libcickekrizovatky.cz\/?p=442#MSe\" target=\"_blank\"><img aria-describedby=\"caption-attachment-343\" loading=\"lazy\" class=\"size-full wp-image-343  \" alt=\"Martin Sekera\" src=\"https:\/\/libcickekrizovatky.cz\/content\/uploads\/2014\/07\/Martin-Sekera-thmb.jpg\" width=\"300\" height=\"245\" \/><\/a><p id=\"caption-attachment-343\" class=\"wp-caption-text\"><span style=\"text-decoration: underline;\"><a title=\"Martin Sekera o sob\u011b\" href=\"https:\/\/libcickekrizovatky.cz\/?p=442#MSe\" target=\"_blank\"><strong>6. Martin Sekera,<\/strong><\/a><\/span> 47 let,<br \/>\u0159editel Knihovny N\u00e1rodn\u00edho muzea,<br \/>vysoko\u0161kolsk\u00fd pedagog<\/p><\/div><\/td>\n<\/tr>\n<tr>\n<td>\n<p><div id=\"attachment_342\" style=\"width: 310px\" class=\"wp-caption alignnone\"><a href=\"https:\/\/libcickekrizovatky.cz\/?p=585#LRi\" target=\"_blank\"><img aria-describedby=\"caption-attachment-342\" loading=\"lazy\" class=\"size-full wp-image-342  \" alt=\"Lucie Richterov\u00e1\" src=\"https:\/\/libcickekrizovatky.cz\/content\/uploads\/2014\/07\/Lucie-Richterova-thmb.jpg\" width=\"300\" height=\"245\" \/><\/a><p id=\"caption-attachment-342\" class=\"wp-caption-text\"><span style=\"text-decoration: underline;\"><a title=\"Lucie Richterov\u00e1 o sob\u011b\" href=\"https:\/\/libcickekrizovatky.cz\/?p=585#LRi\" target=\"_blank\"><strong>7. Lucie Richterov\u00e1,<\/strong><\/a><\/span> 41 let,<br \/>vedouc\u00ed v\u011bdecko-technick\u00e9 knihovny \u0158e\u017e<\/p><\/div><\/td>\n<td>\n<p><div id=\"attachment_347\" style=\"width: 310px\" class=\"wp-caption alignnone\"><a href=\"https:\/\/libcickekrizovatky.cz\/?p=395#PSc\" target=\"_blank\"><img aria-describedby=\"caption-attachment-347\" loading=\"lazy\" class=\"size-full wp-image-347 \" alt=\"Petr Sch\u00f6nfeld o sob\u011b\" src=\"https:\/\/libcickekrizovatky.cz\/content\/uploads\/2014\/07\/Petr-Schonfeld-thmb.jpg\" width=\"300\" height=\"245\" \/><\/a><p id=\"caption-attachment-347\" class=\"wp-caption-text\"><span style=\"text-decoration: underline;\"><a title=\"Petr Sch\u00f6nfeld\" href=\"https:\/\/libcickekrizovatky.cz\/?p=395#PSc\"><strong>8. Petr Sch\u00f6nfeld,<\/strong><\/a><\/span> 65 let,<br \/>novin\u00e1\u0159, nyn\u00ed d\u016fchodce<\/p><\/div><\/td>\n<\/tr>\n<tr>\n<td>\n<p><div id=\"attachment_345\" style=\"width: 310px\" class=\"wp-caption alignnone\"><a href=\"https:\/\/libcickekrizovatky.cz\/?p=395#PMu\" target=\"_blank\"><img aria-describedby=\"caption-attachment-345\" loading=\"lazy\" class=\"size-full wp-image-345 \" alt=\"Petr Musil o sob\u011b\" src=\"https:\/\/libcickekrizovatky.cz\/content\/uploads\/2014\/07\/Petr-Musil-thmb.jpg\" width=\"300\" height=\"245\" \/><\/a><p id=\"caption-attachment-345\" class=\"wp-caption-text\"><span style=\"text-decoration: underline;\"><a title=\"Petr Musil\" href=\"https:\/\/libcickekrizovatky.cz\/?p=395#PMu\"><strong>9. Petr Musil,<\/strong><\/a><\/span> 48 let,<br \/>vysoko\u0161kolsk\u00fd pedagog, ekolog<\/p><\/div><\/td>\n<td>\n<p><div id=\"attachment_346\" style=\"width: 310px\" class=\"wp-caption alignnone\"><a href=\"https:\/\/libcickekrizovatky.cz\/?p=361#PNe\" target=\"_blank\"><img aria-describedby=\"caption-attachment-346\" loading=\"lazy\" class=\"size-full wp-image-346 \" alt=\"Petr Nehasil o sob\u011b\" src=\"https:\/\/libcickekrizovatky.cz\/content\/uploads\/2014\/07\/Petr-Nehasil-thmb.jpg\" width=\"300\" height=\"245\" \/><\/a><p id=\"caption-attachment-346\" class=\"wp-caption-text\"><span style=\"text-decoration: underline;\"><a title=\"Petr Nehasil\" href=\"https:\/\/libcickekrizovatky.cz\/?p=361#PNe\" target=\"_blank\"><strong>10. Petr Nehasil,<\/strong><\/a><\/span> 33 let,<br \/>IT technik, asistent lesn\u00ed M\u0160, nyn\u00ed rodi\u010dovsk\u00e1 dovolen\u00e1<\/p><\/div><\/td>\n<\/tr>\n<tr>\n<td>\n<p><div id=\"attachment_464\" style=\"width: 310px\" class=\"wp-caption alignnone\"><a href=\"https:\/\/libcickekrizovatky.cz\/?p=607#SSi\" target=\"_blank\"><img aria-describedby=\"caption-attachment-464\" loading=\"lazy\" class=\"size-full wp-image-464  \" alt=\"Simona \u0160\u00edmov\u00e1\" src=\"https:\/\/libcickekrizovatky.cz\/content\/uploads\/2014\/08\/Simona-Simova-thmb.jpg\" width=\"300\" height=\"245\" \/><\/a><p id=\"caption-attachment-464\" class=\"wp-caption-text\"><span style=\"text-decoration: underline;\"><a title=\"Kandid\u00e1ti LOSu o sob\u011b V.\" href=\"https:\/\/libcickekrizovatky.cz\/?p=607#SSi\" target=\"_blank\"><strong>11. Simona \u0160\u00edmov\u00e1<\/strong><\/a><\/span> 40 let,<br \/>\u00fa\u010detn\u00ed<\/p><\/div><\/td>\n<td>\n<p><div id=\"attachment_340\" style=\"width: 310px\" class=\"wp-caption alignnone\"><a href=\"https:\/\/libcickekrizovatky.cz\/?p=442#KJu\" target=\"_blank\"><img aria-describedby=\"caption-attachment-340\" loading=\"lazy\" class=\"size-full wp-image-340 \" alt=\"Kate\u0159ina Judov\u00e1 o sob\u011b\" src=\"https:\/\/libcickekrizovatky.cz\/content\/uploads\/2014\/07\/Katerina-Judova-thmb.jpg\" width=\"300\" height=\"245\" \/><\/a><p id=\"caption-attachment-340\" class=\"wp-caption-text\"><span style=\"text-decoration: underline;\"><a title=\"Kate\u0159ina Judov\u00e1 o sob\u011b\" href=\"https:\/\/libcickekrizovatky.cz\/?p=442#KJu\" target=\"_blank\"><strong>12. Kate\u0159ina Judov\u00e1,<\/strong><\/a><\/span> 35 let,<br \/>hudebn\u00ed pedagog<\/p><\/div><\/td>\n<\/tr>\n<tr>\n<td>\n<p><div id=\"attachment_438\" style=\"width: 310px\" class=\"wp-caption alignnone\"><img aria-describedby=\"caption-attachment-438\" loading=\"lazy\" class=\"size-full wp-image-438  \" alt=\"Jan Men\u0161\u00edk\" src=\"https:\/\/libcickekrizovatky.cz\/content\/uploads\/2014\/08\/Jan-Mensik-thmb.jpg\" width=\"300\" height=\"245\" \/><p id=\"caption-attachment-438\" class=\"wp-caption-text\"><span style=\"text-decoration: underline;\"><a title=\"Jan Men\u0161\u00edk o sob\u011b\" href=\"https:\/\/libcickekrizovatky.cz\/?p=585#JMe\" target=\"_blank\"><strong>13. Jan Men\u0161\u00edk,<\/strong><\/a><\/span> 34 let,<br \/>pr\u00e1vn\u00edk, online marketing specialista<\/p><\/div><\/td>\n<td>\n<p><div id=\"attachment_465\" style=\"width: 310px\" class=\"wp-caption alignnone\"><a href=\"https:\/\/libcickekrizovatky.cz\/?p=607#JFr\" target=\"_blank\"><img aria-describedby=\"caption-attachment-465\" loading=\"lazy\" class=\"size-full wp-image-465 \" alt=\"Jan Framberk\" src=\"https:\/\/libcickekrizovatky.cz\/content\/uploads\/2014\/08\/Jan-Framberk-thmb.jpg\" width=\"300\" height=\"245\" \/><\/a><p id=\"caption-attachment-465\" class=\"wp-caption-text\"><strong><span style=\"text-decoration: underline;\"><a title=\"Kandid\u00e1ti LOSu o sob\u011b V.\" href=\"https:\/\/libcickekrizovatky.cz\/?p=607#JFr\" target=\"_blank\">14. Jan Framberk<\/a><\/span>,<\/strong> 37 let,<br \/>jednatel spole\u010dnosti, brig\u00e1dn\u00edk v&nbsp;KD Lib\u010dice nad Vltavou<\/p><\/div><\/td>\n<\/tr>\n<tr>\n<td>\n<p><div id=\"attachment_344\" style=\"width: 310px\" class=\"wp-caption alignnone\"><a href=\"https:\/\/libcickekrizovatky.cz\/?p=361#MKo\" target=\"_blank\"><img aria-describedby=\"caption-attachment-344\" loading=\"lazy\" class=\"alignnone size-full wp-image-344\" alt=\"Mirka Kousova thmb\" src=\"https:\/\/libcickekrizovatky.cz\/content\/uploads\/2014\/07\/Mirka-Kousova-thmb.jpg\" width=\"300\" height=\"245\" \/><\/a><p id=\"caption-attachment-344\" class=\"wp-caption-text\"><span style=\"text-decoration: underline;\"><a title=\"Miroslava Kou\u0161ov\u00e1\" href=\"https:\/\/libcickekrizovatky.cz\/?p=361#MKo\" target=\"_blank\"><strong>15. Miroslava Kou\u0161ov\u00e1,<\/strong><\/a><\/span> 43 let,<br \/>vedouc\u00ed autop\u016fj\u010dovny, Praha<\/p><\/div><\/td>\n<td><\/td>\n<\/tr>\n<\/tbody>\n<\/table>\n<p>&nbsp;<\/p>\n<p>&nbsp;<\/p>\n<p>&nbsp;<\/p>\n<p>&nbsp;<\/p>\n<p>&nbsp;<\/p>\n<p>&nbsp;  <\/p>\n","protected":false},"excerpt":{"rendered":"<p>V\u00e1\u017een\u00ed ob\u010dan\u00e9 Lib\u010dic, p\u0159edstavujeme V\u00e1m kandid\u00e1ty pro leto\u0161n\u00ed volby do zastupitelstva\u00a0 na\u0161eho m\u011bsta, kter\u00e9 jsme si vybrali a&nbsp;zvolili jejich po\u0159ad\u00ed. Postupn\u011b se o&nbsp;nich dozv\u00edte v\u00edce. Zat\u00edm tedy aspo\u0148 toto: sedm \u017een, osm mu\u017e\u016f, nejmlad\u0161\u00edmu je t\u0159iat\u0159icet, nejstar\u0161\u00edmu p\u011bta\u0161edes\u00e1t, kdy\u017e se l\u00e9ta v\u0161ech kandid\u00e1t\u016f se\u010dtou a&nbsp;vyd\u011bl\u00ed patn\u00e1cti, dostaneme se k\u00a0v\u011bkov\u00e9mu pr\u016fm\u011bru 41,9 roku. A&nbsp;to je pom\u011brn\u011b [&hellip;]<\/p>\n","protected":false},"author":3,"featured_media":0,"parent":2151,"menu_order":6,"comment_status":"open","ping_status":"open","template":"","meta":[],"_links":{"self":[{"href":"https:\/\/libcickekrizovatky.cz\/index.php?rest_route=\/wp\/v2\/pages\/295"}],"collection":[{"href":"https:\/\/libcickekrizovatky.cz\/index.php?rest_route=\/wp\/v2\/pages"}],"about":[{"href":"https:\/\/libcickekrizovatky.cz\/index.php?rest_route=\/wp\/v2\/types\/page"}],"author":[{"embeddable":true,"href":"https:\/\/libcickekrizovatky.cz\/index.php?rest_route=\/wp\/v2\/users\/3"}],"replies":[{"embeddable":true,"href":"https:\/\/libcickekrizovatky.cz\/index.php?rest_route=%2Fwp%2Fv2%2Fcomments&post=295"}],"version-history":[{"count":68,"href":"https:\/\/libcickekrizovatky.cz\/index.php?rest_route=\/wp\/v2\/pages\/295\/revisions"}],"predecessor-version":[{"id":5573,"href":"https:\/\/libcickekrizovatky.cz\/index.php?rest_route=\/wp\/v2\/pages\/295\/revisions\/5573"}],"up":[{"embeddable":true,"href":"https:\/\/libcickekrizovatky.cz\/index.php?rest_route=\/wp\/v2\/pages\/2151"}],"wp:attachment":[{"href":"https:\/\/libcickekrizovatky.cz\/index.php?rest_route=%2Fwp%2Fv2%2Fmedia&parent=295"}],"curies":[{"name":"wp","href":"https:\/\/api.w.org\/{rel}","templated":true}]}}