{"id":2959,"date":"2015-01-04T22:49:44","date_gmt":"2015-01-04T21:49:44","guid":{"rendered":"http:\/\/libcickekrizovatky.cz\/?page_id=2959"},"modified":"2015-06-10T00:58:43","modified_gmt":"2015-06-09T22:58:43","slug":"jak-se-stat-clenem","status":"publish","type":"page","link":"https:\/\/libcickekrizovatky.cz\/?page_id=2959","title":{"rendered":"Jak se st\u00e1t \u010dlenem?"},"content":{"rendered":"<p>L\u00edb\u00ed se V\u00e1m na\u0161e n\u00e1zory? Vid\u00edte to podobn\u011b? M\u00e1te chu\u0165 se p\u0159idat?<\/p>\n<p>Sta\u010d\u00ed napsat na mail: <span style=\"text-decoration: underline; color: #000080;\"><a href=\"&#x6d;a&#x69;&#x6c;t&#x6f;&#58;i&#x6e;&#102;o&#x40;&#108;i&#x62;&#99;i&#x63;k&#x65;&#x6b;r&#x69;&#x7a;o&#x76;&#97;t&#x6b;&#121;.&#x63;&#122;\" target=\"_blank\"><span style=\"color: #000080; text-decoration: underline;\">&#x69;n&#x66;o&#x40;&#108;i&#x62;c&#x69;&#99;k&#x65;k&#x72;&#105;z&#x6f;v&#x61;t&#x6b;&#x79;.&#x63;z<\/span><\/a><\/span> a&nbsp;my se V\u00e1m ozveme.<\/p>\n<p>&nbsp;<\/p>\n<p><a href=\"https:\/\/libcickekrizovatky.cz\/content\/uploads\/2014\/09\/LOSu-mnoho.jpg\"><img loading=\"lazy\" class=\"alignleft  wp-image-981\" alt=\"LOS: tohle jsme my.\" src=\"https:\/\/libcickekrizovatky.cz\/content\/uploads\/2014\/09\/LOSu-mnoho.jpg\" width=\"573\" height=\"819\" srcset=\"https:\/\/libcickekrizovatky.cz\/content\/uploads\/2014\/09\/LOSu-mnoho.jpg 716w, https:\/\/libcickekrizovatky.cz\/content\/uploads\/2014\/09\/LOSu-mnoho-209x300.jpg 209w\" sizes=\"(max-width: 573px) 100vw, 573px\" \/><\/a>  <\/p>\n","protected":false},"excerpt":{"rendered":"<p>L\u00edb\u00ed se V\u00e1m na\u0161e n\u00e1zory? Vid\u00edte to podobn\u011b? M\u00e1te chu\u0165 se p\u0159idat? Sta\u010d\u00ed napsat na mail: &#x69;&#x6e;&#x66;&#x6f;&#64;&#108;ibc&#x69;&#x63;&#x6b;&#x65;&#x6b;&#114;&#105;zov&#x61;&#x74;&#x6b;&#x79;&#x2e;&#99;&#122; a&nbsp;my se V\u00e1m ozveme. &nbsp;<\/p>\n","protected":false},"author":3,"featured_media":0,"parent":2151,"menu_order":4,"comment_status":"open","ping_status":"open","template":"","meta":[],"_links":{"self":[{"href":"https:\/\/libcickekrizovatky.cz\/index.php?rest_route=\/wp\/v2\/pages\/2959"}],"collection":[{"href":"https:\/\/libcickekrizovatky.cz\/index.php?rest_route=\/wp\/v2\/pages"}],"about":[{"href":"https:\/\/libcickekrizovatky.cz\/index.php?rest_route=\/wp\/v2\/types\/page"}],"author":[{"embeddable":true,"href":"https:\/\/libcickekrizovatky.cz\/index.php?rest_route=\/wp\/v2\/users\/3"}],"replies":[{"embeddable":true,"href":"https:\/\/libcickekrizovatky.cz\/index.php?rest_route=%2Fwp%2Fv2%2Fcomments&post=2959"}],"version-history":[{"count":1,"href":"https:\/\/libcickekrizovatky.cz\/index.php?rest_route=\/wp\/v2\/pages\/2959\/revisions"}],"predecessor-version":[{"id":2960,"href":"https:\/\/libcickekrizovatky.cz\/index.php?rest_route=\/wp\/v2\/pages\/2959\/revisions\/2960"}],"up":[{"embeddable":true,"href":"https:\/\/libcickekrizovatky.cz\/index.php?rest_route=\/wp\/v2\/pages\/2151"}],"wp:attachment":[{"href":"https:\/\/libcickekrizovatky.cz\/index.php?rest_route=%2Fwp%2Fv2%2Fmedia&parent=2959"}],"curies":[{"name":"wp","href":"https:\/\/api.w.org\/{rel}","templated":true}]}}