{"id":7456,"date":"2015-10-07T23:19:52","date_gmt":"2015-10-07T21:19:52","guid":{"rendered":"http:\/\/libcickekrizovatky.cz\/?page_id=7456"},"modified":"2015-10-07T23:22:09","modified_gmt":"2015-10-07T21:22:09","slug":"monika-castkova","status":"publish","type":"page","link":"https:\/\/libcickekrizovatky.cz\/?page_id=7456","title":{"rendered":"Open Your Chest : Monika \u010c\u00e1stkov\u00e1"},"content":{"rendered":"<p><img loading=\"lazy\" class=\"alignnone  wp-image-7457\" alt=\"12071677_10208002314682250_1392241858_n\" src=\"https:\/\/libcickekrizovatky.cz\/content\/uploads\/2015\/10\/12071677_10208002314682250_1392241858_n.jpg\" width=\"230\" height=\"346\" srcset=\"https:\/\/libcickekrizovatky.cz\/content\/uploads\/2015\/10\/12071677_10208002314682250_1392241858_n.jpg 638w, https:\/\/libcickekrizovatky.cz\/content\/uploads\/2015\/10\/12071677_10208002314682250_1392241858_n-199x300.jpg 199w\" sizes=\"(max-width: 230px) 100vw, 230px\" \/><\/p>\n<p>Monika \u010c\u00e1stkov\u00e1 v&nbsp;roce 2010 absolvovala Konzervato\u0159 Duncan Centre, kde vzniklo n\u011bkolik tv\u016fr\u010d\u00edch prac\u00ed t\u00e9to choreografky. Jedn\u00edm z&nbsp;nich byla nap\u0159\u00edklad choreografie \u201eArvore\u201c, kter\u00e1 v&nbsp;roce 2011 z\u00edskala na mezin\u00e1rodn\u00ed choreografick\u00e9 sout\u011b\u017ei v&nbsp;Budape\u0161ti 1.m\u00edsto. V&nbsp;z\u00e1\u0159\u00ed lo\u0148sk\u00e9ho roku byla pozvan\u00e1 na tane\u010dn\u00ed festival do Japonska, kde uvedla \u201eArvore\u201c a&nbsp;vytvo\u0159ila nov\u00e9 d\u00edlo \u201eCloser distance\u201c. Cestovala s&nbsp;\u010cern\u00fdm divadlem Ji\u0159\u00edho Srnce v&nbsp;Ji\u017en\u00ed Americe (Argentina, Chile, Ekv\u00e1dor&#8230;) a&nbsp;\u010c\u00edn\u011b. Studovala tak\u00e9 v&nbsp;New York City na Limon akademii. Po&nbsp;n\u00e1vratu do \u010cech byla p\u0159ijata na AMU, obor choreografie, kde je moment\u00e1ln\u011b studentkou \u010dtvrt\u00e9ho ro\u010dn\u00edku.P\u0159edminul\u00e9m roce se z\u00fa\u010dastnila programu ERASMUS. Bylo j\u00ed tak umo\u017en\u011bno studovat na Institut del teatre v&nbsp;Barcelon\u011b, kde vznikla choreografie \u201eCamalea\u201c.  <\/p>\n","protected":false},"excerpt":{"rendered":"<p>Monika \u010c\u00e1stkov\u00e1 v&nbsp;roce 2010 absolvovala Konzervato\u0159 Duncan Centre, kde vzniklo n\u011bkolik tv\u016fr\u010d\u00edch prac\u00ed t\u00e9to choreografky. Jedn\u00edm z&nbsp;nich byla nap\u0159\u00edklad choreografie \u201eArvore\u201c, kter\u00e1 v&nbsp;roce 2011 z\u00edskala na mezin\u00e1rodn\u00ed choreografick\u00e9 sout\u011b\u017ei v&nbsp;Budape\u0161ti 1.m\u00edsto. V&nbsp;z\u00e1\u0159\u00ed lo\u0148sk\u00e9ho roku byla pozvan\u00e1 na tane\u010dn\u00ed festival do Japonska, kde uvedla \u201eArvore\u201c a&nbsp;vytvo\u0159ila nov\u00e9 d\u00edlo \u201eCloser distance\u201c. Cestovala s&nbsp;\u010cern\u00fdm divadlem Ji\u0159\u00edho Srnce v&nbsp;Ji\u017en\u00ed [&hellip;]<\/p>\n","protected":false},"author":3,"featured_media":0,"parent":0,"menu_order":0,"comment_status":"open","ping_status":"open","template":"","meta":[],"_links":{"self":[{"href":"https:\/\/libcickekrizovatky.cz\/index.php?rest_route=\/wp\/v2\/pages\/7456"}],"collection":[{"href":"https:\/\/libcickekrizovatky.cz\/index.php?rest_route=\/wp\/v2\/pages"}],"about":[{"href":"https:\/\/libcickekrizovatky.cz\/index.php?rest_route=\/wp\/v2\/types\/page"}],"author":[{"embeddable":true,"href":"https:\/\/libcickekrizovatky.cz\/index.php?rest_route=\/wp\/v2\/users\/3"}],"replies":[{"embeddable":true,"href":"https:\/\/libcickekrizovatky.cz\/index.php?rest_route=%2Fwp%2Fv2%2Fcomments&post=7456"}],"version-history":[{"count":5,"href":"https:\/\/libcickekrizovatky.cz\/index.php?rest_route=\/wp\/v2\/pages\/7456\/revisions"}],"predecessor-version":[{"id":16479,"href":"https:\/\/libcickekrizovatky.cz\/index.php?rest_route=\/wp\/v2\/pages\/7456\/revisions\/16479"}],"wp:attachment":[{"href":"https:\/\/libcickekrizovatky.cz\/index.php?rest_route=%2Fwp%2Fv2%2Fmedia&parent=7456"}],"curies":[{"name":"wp","href":"https:\/\/api.w.org\/{rel}","templated":true}]}}