{"id":7467,"date":"2015-10-08T00:20:02","date_gmt":"2015-10-07T22:20:02","guid":{"rendered":"http:\/\/libcickekrizovatky.cz\/?page_id=7467"},"modified":"2015-10-08T00:20:02","modified_gmt":"2015-10-07T22:20:02","slug":"open-your-chest-fanette-pons","status":"publish","type":"page","link":"https:\/\/libcickekrizovatky.cz\/?page_id=7467","title":{"rendered":"Open Your Chest : Fanette Pons"},"content":{"rendered":"<p>Vystudovala sou\u010dasn\u00fd tanec pod veden\u00edm\u00a0Isabelle Mazuelle a&nbsp;konzervato\u0159 v&nbsp;Lyonu. Studiu tance se v\u011bnovala mimo jin\u00e9 i&nbsp;v&nbsp;r\u00e1mci pobytu ERASMUS v&nbsp;Praze. Od roku 2011 se v\u011bnuje studiu choreografie. Autorka choreografie Forai-Out (Divadlo Ponec), Open Your Chest a&nbsp;dal\u0161\u00edch.<\/p>\n<p>&nbsp;  <\/p>\n","protected":false},"excerpt":{"rendered":"<p>Vystudovala sou\u010dasn\u00fd tanec pod veden\u00edm\u00a0Isabelle Mazuelle a&nbsp;konzervato\u0159 v&nbsp;Lyonu. Studiu tance se v\u011bnovala mimo jin\u00e9 i&nbsp;v&nbsp;r\u00e1mci pobytu ERASMUS v&nbsp;Praze. Od roku 2011 se v\u011bnuje studiu choreografie. Autorka choreografie Forai-Out (Divadlo Ponec), Open Your Chest a&nbsp;dal\u0161\u00edch. &nbsp;<\/p>\n","protected":false},"author":3,"featured_media":0,"parent":0,"menu_order":0,"comment_status":"open","ping_status":"open","template":"","meta":[],"_links":{"self":[{"href":"https:\/\/libcickekrizovatky.cz\/index.php?rest_route=\/wp\/v2\/pages\/7467"}],"collection":[{"href":"https:\/\/libcickekrizovatky.cz\/index.php?rest_route=\/wp\/v2\/pages"}],"about":[{"href":"https:\/\/libcickekrizovatky.cz\/index.php?rest_route=\/wp\/v2\/types\/page"}],"author":[{"embeddable":true,"href":"https:\/\/libcickekrizovatky.cz\/index.php?rest_route=\/wp\/v2\/users\/3"}],"replies":[{"embeddable":true,"href":"https:\/\/libcickekrizovatky.cz\/index.php?rest_route=%2Fwp%2Fv2%2Fcomments&post=7467"}],"version-history":[{"count":2,"href":"https:\/\/libcickekrizovatky.cz\/index.php?rest_route=\/wp\/v2\/pages\/7467\/revisions"}],"predecessor-version":[{"id":7482,"href":"https:\/\/libcickekrizovatky.cz\/index.php?rest_route=\/wp\/v2\/pages\/7467\/revisions\/7482"}],"wp:attachment":[{"href":"https:\/\/libcickekrizovatky.cz\/index.php?rest_route=%2Fwp%2Fv2%2Fmedia&parent=7467"}],"curies":[{"name":"wp","href":"https:\/\/api.w.org\/{rel}","templated":true}]}}