{"id":7472,"date":"2015-10-07T23:44:16","date_gmt":"2015-10-07T21:44:16","guid":{"rendered":"http:\/\/libcickekrizovatky.cz\/?page_id=7472"},"modified":"2015-10-07T23:44:16","modified_gmt":"2015-10-07T21:44:16","slug":"open-your-chest-dominika-lippertova","status":"publish","type":"page","link":"https:\/\/libcickekrizovatky.cz\/?page_id=7472","title":{"rendered":"Open Your Chest : Dominika Lippertov\u00e1"},"content":{"rendered":"<p><img loading=\"lazy\" class=\"alignnone  wp-image-7473\" alt=\"Foto cv\" src=\"https:\/\/libcickekrizovatky.cz\/content\/uploads\/2015\/10\/Foto-cv.jpg\" width=\"198\" height=\"255\" srcset=\"https:\/\/libcickekrizovatky.cz\/content\/uploads\/2015\/10\/Foto-cv.jpg 413w, https:\/\/libcickekrizovatky.cz\/content\/uploads\/2015\/10\/Foto-cv-233x300.jpg 233w\" sizes=\"(max-width: 198px) 100vw, 198px\" \/><\/p>\n<p>Absolvovala na pra\u017esk\u00e9 DAMU obor Divadeln\u00ed sc\u00e9nografie. Vytv\u00e1\u0159\u00ed sc\u00e9nografii a&nbsp;kost\u00fdmy k&nbsp;\u0159ad\u011b inscenac\u00ed na poli \u010dinohern\u00edho i&nbsp;pohybov\u00e9ho divadla, opery a&nbsp;muzik\u00e1lu. Absolvovala studijn\u00ed\u00a0st\u00e1\u017e na Institut del Teatre v&nbsp;Barcelon\u011b. Tam se tak\u00e9 sezn\u00e1mila s&nbsp;choreografkou Monikou \u010c\u00e1skovou, se kterou od t\u00e9 doby spolupracuje.  <\/p>\n","protected":false},"excerpt":{"rendered":"<p>Absolvovala na pra\u017esk\u00e9 DAMU obor Divadeln\u00ed sc\u00e9nografie. Vytv\u00e1\u0159\u00ed sc\u00e9nografii a&nbsp;kost\u00fdmy k&nbsp;\u0159ad\u011b inscenac\u00ed na poli \u010dinohern\u00edho i&nbsp;pohybov\u00e9ho divadla, opery a&nbsp;muzik\u00e1lu. Absolvovala studijn\u00ed\u00a0st\u00e1\u017e na Institut del Teatre v&nbsp;Barcelon\u011b. Tam se tak\u00e9 sezn\u00e1mila s&nbsp;choreografkou Monikou \u010c\u00e1skovou, se kterou od t\u00e9 doby spolupracuje.<\/p>\n","protected":false},"author":3,"featured_media":0,"parent":0,"menu_order":0,"comment_status":"open","ping_status":"open","template":"","meta":[],"_links":{"self":[{"href":"https:\/\/libcickekrizovatky.cz\/index.php?rest_route=\/wp\/v2\/pages\/7472"}],"collection":[{"href":"https:\/\/libcickekrizovatky.cz\/index.php?rest_route=\/wp\/v2\/pages"}],"about":[{"href":"https:\/\/libcickekrizovatky.cz\/index.php?rest_route=\/wp\/v2\/types\/page"}],"author":[{"embeddable":true,"href":"https:\/\/libcickekrizovatky.cz\/index.php?rest_route=\/wp\/v2\/users\/3"}],"replies":[{"embeddable":true,"href":"https:\/\/libcickekrizovatky.cz\/index.php?rest_route=%2Fwp%2Fv2%2Fcomments&post=7472"}],"version-history":[{"count":1,"href":"https:\/\/libcickekrizovatky.cz\/index.php?rest_route=\/wp\/v2\/pages\/7472\/revisions"}],"predecessor-version":[{"id":7474,"href":"https:\/\/libcickekrizovatky.cz\/index.php?rest_route=\/wp\/v2\/pages\/7472\/revisions\/7474"}],"wp:attachment":[{"href":"https:\/\/libcickekrizovatky.cz\/index.php?rest_route=%2Fwp%2Fv2%2Fmedia&parent=7472"}],"curies":[{"name":"wp","href":"https:\/\/api.w.org\/{rel}","templated":true}]}}