{"id":7475,"date":"2015-10-07T23:46:20","date_gmt":"2015-10-07T21:46:20","guid":{"rendered":"http:\/\/libcickekrizovatky.cz\/?page_id=7475"},"modified":"2015-10-07T23:46:20","modified_gmt":"2015-10-07T21:46:20","slug":"open-your-chest-radim-klasek","status":"publish","type":"page","link":"https:\/\/libcickekrizovatky.cz\/?page_id=7475","title":{"rendered":"Open Your Chest : Radim Kl\u00e1sek"},"content":{"rendered":"<p><img loading=\"lazy\" class=\"alignnone  wp-image-7476\" alt=\"20091205_9910\" src=\"https:\/\/libcickekrizovatky.cz\/content\/uploads\/2015\/10\/20091205_9910.jpg\" width=\"288\" height=\"192\" srcset=\"https:\/\/libcickekrizovatky.cz\/content\/uploads\/2015\/10\/20091205_9910.jpg 800w, https:\/\/libcickekrizovatky.cz\/content\/uploads\/2015\/10\/20091205_9910-300x199.jpg 300w\" sizes=\"(max-width: 288px) 100vw, 288px\" \/><\/p>\n<p>Absolvoval Konzervato\u0159 Duncan Centre. Od ukon\u010den\u00ed studia se v\u011bnuje pedagogick\u00e9 \u010dinnosti na Z\u0160 a&nbsp;M\u0160 Slivenec, d\u00e1le p\u016fsobil jako pedagog na Z\u0160 \u0160koln\u00ed, ZU\u0160 Harmonie, v&nbsp;d\u011btsk\u00e9m studiu Alfr\u00e9d Juniors a&nbsp;ve Studiu Tane\u010dn\u00ed V\u00fdchovy.\u00a0Aktivn\u011b se v\u011bnuje um\u011bleck\u00e9 \u010dinnosti, jako tane\u010dn\u00edk pracoval na projektech s&nbsp;choreografy jako Lenka Kniha Bart\u016f\u0148kov\u00e1 (Requiem, divoadlo NoD), Kate\u0159ina Stupeck\u00e1 (Teorie Chaosu, divadlo Ponec) \u010di&nbsp;Eva Bla\u017e\u00ed\u010dkov\u00e1 (site-specific Kytice, Malostransk\u00fd h\u0159bitov).  <\/p>\n","protected":false},"excerpt":{"rendered":"<p>Absolvoval Konzervato\u0159 Duncan Centre. Od ukon\u010den\u00ed studia se v\u011bnuje pedagogick\u00e9 \u010dinnosti na Z\u0160 a&nbsp;M\u0160 Slivenec, d\u00e1le p\u016fsobil jako pedagog na Z\u0160 \u0160koln\u00ed, ZU\u0160 Harmonie, v&nbsp;d\u011btsk\u00e9m studiu Alfr\u00e9d Juniors a&nbsp;ve Studiu Tane\u010dn\u00ed V\u00fdchovy.\u00a0Aktivn\u011b se v\u011bnuje um\u011bleck\u00e9 \u010dinnosti, jako tane\u010dn\u00edk pracoval na projektech s&nbsp;choreografy jako Lenka Kniha Bart\u016f\u0148kov\u00e1 (Requiem, divoadlo NoD), Kate\u0159ina Stupeck\u00e1 (Teorie Chaosu, divadlo Ponec) [&hellip;]<\/p>\n","protected":false},"author":3,"featured_media":0,"parent":0,"menu_order":0,"comment_status":"open","ping_status":"open","template":"","meta":[],"_links":{"self":[{"href":"https:\/\/libcickekrizovatky.cz\/index.php?rest_route=\/wp\/v2\/pages\/7475"}],"collection":[{"href":"https:\/\/libcickekrizovatky.cz\/index.php?rest_route=\/wp\/v2\/pages"}],"about":[{"href":"https:\/\/libcickekrizovatky.cz\/index.php?rest_route=\/wp\/v2\/types\/page"}],"author":[{"embeddable":true,"href":"https:\/\/libcickekrizovatky.cz\/index.php?rest_route=\/wp\/v2\/users\/3"}],"replies":[{"embeddable":true,"href":"https:\/\/libcickekrizovatky.cz\/index.php?rest_route=%2Fwp%2Fv2%2Fcomments&post=7475"}],"version-history":[{"count":1,"href":"https:\/\/libcickekrizovatky.cz\/index.php?rest_route=\/wp\/v2\/pages\/7475\/revisions"}],"predecessor-version":[{"id":7477,"href":"https:\/\/libcickekrizovatky.cz\/index.php?rest_route=\/wp\/v2\/pages\/7475\/revisions\/7477"}],"wp:attachment":[{"href":"https:\/\/libcickekrizovatky.cz\/index.php?rest_route=%2Fwp%2Fv2%2Fmedia&parent=7475"}],"curies":[{"name":"wp","href":"https:\/\/api.w.org\/{rel}","templated":true}]}}