{"id":7478,"date":"2015-10-07T23:48:22","date_gmt":"2015-10-07T21:48:22","guid":{"rendered":"http:\/\/libcickekrizovatky.cz\/?page_id=7478"},"modified":"2015-10-07T23:56:34","modified_gmt":"2015-10-07T21:56:34","slug":"open-your-chest-anna-rauschova","status":"publish","type":"page","link":"https:\/\/libcickekrizovatky.cz\/?page_id=7478","title":{"rendered":"Open Your Chest : Anna Rauschov\u00e1"},"content":{"rendered":"<p><img loading=\"lazy\" class=\"alignnone  wp-image-7479\" alt=\"10648901_10204478689268222_5877165789092277970_o\" src=\"https:\/\/libcickekrizovatky.cz\/content\/uploads\/2015\/10\/10648901_10204478689268222_5877165789092277970_o.jpg\" width=\"354\" height=\"236\" srcset=\"https:\/\/libcickekrizovatky.cz\/content\/uploads\/2015\/10\/10648901_10204478689268222_5877165789092277970_o.jpg 2048w, https:\/\/libcickekrizovatky.cz\/content\/uploads\/2015\/10\/10648901_10204478689268222_5877165789092277970_o-300x199.jpg 300w, https:\/\/libcickekrizovatky.cz\/content\/uploads\/2015\/10\/10648901_10204478689268222_5877165789092277970_o-1024x682.jpg 1024w\" sizes=\"(max-width: 354px) 100vw, 354px\" \/><\/p>\n<p>Od mala se v\u011bnovala tanci v&nbsp;Baletn\u00ed \u0161kole p\u0159i&nbsp;Divadle Josefa Kajet\u00e1na Tyla v&nbsp;Plzni, po&nbsp;maturit\u011b na gymn\u00e1ziu za\u010dala studovat obor tane\u010dn\u00ed pedagogika na pra\u017esk\u00e9 HAMU. T\u0159et\u00edm rokem se v\u011bnuje v\u00fduce tance v&nbsp;International School of Music and Fine Arts, kde pracuje s&nbsp;d\u011btmi od p\u011bti do jeden\u00e1cti let, p\u0159\u00edle\u017eitostn\u011b tak\u00e9 vede kurzy pro dosp\u011bl\u00e9. Ve voln\u00e9m \u010dase se v\u011bnuje divadlu a&nbsp;\u0161ansonov\u00e9 kapele Anne\u0161ant\u00e9 a&nbsp;r\u00e1da by propojovala tyto z\u00e1jmy s&nbsp;tancem jak ve v\u00fduce, tak na jevi\u0161ti.  <\/p>\n","protected":false},"excerpt":{"rendered":"<p>Od mala se v\u011bnovala tanci v&nbsp;Baletn\u00ed \u0161kole p\u0159i&nbsp;Divadle Josefa Kajet\u00e1na Tyla v&nbsp;Plzni, po&nbsp;maturit\u011b na gymn\u00e1ziu za\u010dala studovat obor tane\u010dn\u00ed pedagogika na pra\u017esk\u00e9 HAMU. T\u0159et\u00edm rokem se v\u011bnuje v\u00fduce tance v&nbsp;International School of Music and Fine Arts, kde pracuje s&nbsp;d\u011btmi od p\u011bti do jeden\u00e1cti let, p\u0159\u00edle\u017eitostn\u011b tak\u00e9 vede kurzy pro dosp\u011bl\u00e9. Ve voln\u00e9m \u010dase se v\u011bnuje [&hellip;]<\/p>\n","protected":false},"author":3,"featured_media":0,"parent":0,"menu_order":0,"comment_status":"open","ping_status":"open","template":"","meta":[],"_links":{"self":[{"href":"https:\/\/libcickekrizovatky.cz\/index.php?rest_route=\/wp\/v2\/pages\/7478"}],"collection":[{"href":"https:\/\/libcickekrizovatky.cz\/index.php?rest_route=\/wp\/v2\/pages"}],"about":[{"href":"https:\/\/libcickekrizovatky.cz\/index.php?rest_route=\/wp\/v2\/types\/page"}],"author":[{"embeddable":true,"href":"https:\/\/libcickekrizovatky.cz\/index.php?rest_route=\/wp\/v2\/users\/3"}],"replies":[{"embeddable":true,"href":"https:\/\/libcickekrizovatky.cz\/index.php?rest_route=%2Fwp%2Fv2%2Fcomments&post=7478"}],"version-history":[{"count":2,"href":"https:\/\/libcickekrizovatky.cz\/index.php?rest_route=\/wp\/v2\/pages\/7478\/revisions"}],"predecessor-version":[{"id":15994,"href":"https:\/\/libcickekrizovatky.cz\/index.php?rest_route=\/wp\/v2\/pages\/7478\/revisions\/15994"}],"wp:attachment":[{"href":"https:\/\/libcickekrizovatky.cz\/index.php?rest_route=%2Fwp%2Fv2%2Fmedia&parent=7478"}],"curies":[{"name":"wp","href":"https:\/\/api.w.org\/{rel}","templated":true}]}}