{"id":88,"date":"2014-06-24T21:30:28","date_gmt":"2014-06-24T20:30:28","guid":{"rendered":"http:\/\/libcickekrizovatky.cz\/?page_id=88"},"modified":"2022-10-18T11:40:55","modified_gmt":"2022-10-18T09:40:55","slug":"seznam-clenu","status":"publish","type":"page","link":"https:\/\/libcickekrizovatky.cz\/?page_id=88","title":{"rendered":"\u010clenov\u00e9"},"content":{"rendered":"<h2>Jak se st\u00e1t \u010dlenem?<\/h2>\n<p>L\u00edb\u00ed se V\u00e1m na\u0161e n\u00e1zory? Vid\u00edte to podobn\u011b? M\u00e1te chu\u0165 se p\u0159idat?<\/p>\n<p>Sta\u010d\u00ed napsat na mail: <span style=\"text-decoration: underline; color: #000080;\"><a href=\"&#x6d;&#97;il&#x74;&#x6f;:i&#x6e;&#x66;&#111;&#64;l&#x69;&#98;ci&#x63;&#x6b;&#101;k&#x72;&#x69;&#122;ov&#x61;&#x74;ky&#x2e;&#x63;&#122;\" target=\"_blank\" rel=\"noopener\"><span style=\"color: #000080; text-decoration: underline;\">&#x69;&#x6e;&#x66;&#x6f;&#x40;&#x6c;&#x69;&#x62;&#x63;&#x69;&#x63;&#x6b;&#x65;&#x6b;&#x72;&#x69;&#x7a;&#x6f;&#x76;&#x61;&#x74;&#x6b;&#x79;&#x2e;&#x63;&#x7a;<\/span><\/a><\/span> a&nbsp;my se V\u00e1m ozveme.<\/p>\n<p style=\"text-align: right;\"><img loading=\"lazy\" class=\"alignright\" src=\"https:\/\/libcickekrizovatky.cz\/content\/uploads\/2014\/06\/LOS-03-stredni.jpg\" alt=\"LOS - LIB\u010cICK\u00dd OB\u010cANSK\u00dd SPOLEK\" width=\"152\" height=\"108\" \/><\/p>\n<h2>Aktu\u00e1ln\u00ed seznam na\u0161ich \u010dlen\u016f:<\/h2>\n<table border=\"0\" width=\"80%\" cellspacing=\"5\" cellpadding=\"5\">\n<tbody>\n<tr>\n<td align=\"left\" valign=\"top\">\n<ul>\n<li>Renata Baxov\u00e1<\/li>\n<li>Lenka Coufalov\u00e1<\/li>\n<li>Bohumil \u010cern\u00fd<\/li>\n<li>Krist\u00fdna Flenderov\u00e1<\/li>\n<li>Petra Grybauskas<\/li>\n<li>Lubo\u0161 Harazin<\/li>\n<li>Vojta Juda<\/li>\n<li>Kate\u0159ina Judov\u00e1<\/li>\n<li>Tom\u00e1\u0161 Kou\u0161a<\/li>\n<li>Mirka Kou\u0161ov\u00e1<\/li>\n<li>Martina Macurov\u00e1<\/li>\n<li>Ond\u0159ej M\u00e1ra<\/li>\n<li>Jana M\u00e1rov\u00e1<\/li>\n<li>Jan Men\u0161\u00edk<\/li>\n<li>Petr Musil<\/li>\n<li>Zuzana Musilov\u00e1<\/li>\n<\/ul>\n<\/td>\n<td align=\"left\" valign=\"top\">\n<ul>\n<li>Michal Nehasil<\/li>\n<li>Petr Nehasil<\/li>\n<li>Tereza Nehasilov\u00e1<\/li>\n<li>Filip Nov\u00e1k<\/li>\n<li>Petra Pele\u0161kov\u00e1<\/li>\n<li>Radka Pe\u0159inov\u00e1<\/li>\n<li>Jan Pt\u00e1\u010dek<\/li>\n<li>Ilona Pt\u00e1\u010dkov\u00e1<\/li>\n<li>Jaroslav Richter<\/li>\n<li>Lucie Richterov\u00e1<\/li>\n<li>Petr Sch\u00f6nfeld<\/li>\n<li>Martin Sekera<\/li>\n<li>Roman \u0160ebl<\/li>\n<li>Mat\u011bj \u0160t\u011btka<\/li>\n<li>Iva \u0160t\u011btkov\u00e1<\/li>\n<li>Hanka Turini<\/li>\n<\/ul>\n<\/td>\n<\/tr>\n<\/tbody>\n<\/table>\n<p style=\"text-align: right;\"><a href=\"https:\/\/libcickekrizovatky.cz\/content\/uploads\/2014\/09\/LOSove.jpg\"><img loading=\"lazy\" class=\"alignleft wp-image-982\" src=\"https:\/\/libcickekrizovatky.cz\/content\/uploads\/2014\/09\/LOSove.jpg\" alt=\"Spolek LOS: tohle jsme my.\" width=\"768\" height=\"270\" srcset=\"https:\/\/libcickekrizovatky.cz\/content\/uploads\/2014\/09\/LOSove.jpg 1600w, https:\/\/libcickekrizovatky.cz\/content\/uploads\/2014\/09\/LOSove-300x105.jpg 300w, https:\/\/libcickekrizovatky.cz\/content\/uploads\/2014\/09\/LOSove-1024x359.jpg 1024w\" sizes=\"(max-width: 768px) 100vw, 768px\" \/><\/a><\/p>\n<p>&nbsp;<\/p>\n<p>&nbsp;<\/p>\n<p>&nbsp;<\/p>\n<p>&nbsp;  <\/p>\n","protected":false},"excerpt":{"rendered":"<p>Jak se st\u00e1t \u010dlenem? L\u00edb\u00ed se V\u00e1m na\u0161e n\u00e1zory? Vid\u00edte to podobn\u011b? M\u00e1te chu\u0165 se p\u0159idat? Sta\u010d\u00ed napsat na mail: info&#64;&#108;&#105;&#x62;&#x63;&#x69;&#x63;&#x6b;&#x65;&#x6b;rizov&#97;&#116;&#107;&#x79;&#x2e;&#x63;&#x7a; a&nbsp;my se V\u00e1m ozveme. Aktu\u00e1ln\u00ed seznam na\u0161ich \u010dlen\u016f: Renata Baxov\u00e1 Lenka Coufalov\u00e1 Bohumil \u010cern\u00fd Krist\u00fdna Flenderov\u00e1 Petra Grybauskas Lubo\u0161 Harazin Vojta Juda Kate\u0159ina Judov\u00e1 Tom\u00e1\u0161 Kou\u0161a Mirka Kou\u0161ov\u00e1 Martina Macurov\u00e1 Ond\u0159ej M\u00e1ra Jana M\u00e1rov\u00e1 [&hellip;]<\/p>\n","protected":false},"author":3,"featured_media":0,"parent":0,"menu_order":3,"comment_status":"open","ping_status":"closed","template":"","meta":[],"_links":{"self":[{"href":"https:\/\/libcickekrizovatky.cz\/index.php?rest_route=\/wp\/v2\/pages\/88"}],"collection":[{"href":"https:\/\/libcickekrizovatky.cz\/index.php?rest_route=\/wp\/v2\/pages"}],"about":[{"href":"https:\/\/libcickekrizovatky.cz\/index.php?rest_route=\/wp\/v2\/types\/page"}],"author":[{"embeddable":true,"href":"https:\/\/libcickekrizovatky.cz\/index.php?rest_route=\/wp\/v2\/users\/3"}],"replies":[{"embeddable":true,"href":"https:\/\/libcickekrizovatky.cz\/index.php?rest_route=%2Fwp%2Fv2%2Fcomments&post=88"}],"version-history":[{"count":19,"href":"https:\/\/libcickekrizovatky.cz\/index.php?rest_route=\/wp\/v2\/pages\/88\/revisions"}],"predecessor-version":[{"id":28266,"href":"https:\/\/libcickekrizovatky.cz\/index.php?rest_route=\/wp\/v2\/pages\/88\/revisions\/28266"}],"wp:attachment":[{"href":"https:\/\/libcickekrizovatky.cz\/index.php?rest_route=%2Fwp%2Fv2%2Fmedia&parent=88"}],"curies":[{"name":"wp","href":"https:\/\/api.w.org\/{rel}","templated":true}]}}