{"id":881,"date":"2014-08-26T22:30:39","date_gmt":"2014-08-26T21:30:39","guid":{"rendered":"http:\/\/libcickekrizovatky.cz\/?page_id=881"},"modified":"2026-03-20T12:43:30","modified_gmt":"2026-03-20T11:43:30","slug":"nas-tisk","status":"publish","type":"page","link":"https:\/\/libcickekrizovatky.cz\/?page_id=881","title":{"rendered":"N\u00e1\u0161 tisk"},"content":{"rendered":"<p><a href=\"https:\/\/libcickekrizovatky.cz\/content\/uploads\/2014\/08\/Libcicke-krizovatky-logo.jpg\">\u00a0<\/a><br \/>\n<img loading=\"lazy\" style=\"float: left; margin: 10px;\" title=\"LIB\u010cICK\u00c9 K\u0158I\u017dOVATKY\" src=\"https:\/\/libcickekrizovatky.cz\/content\/uploads\/2014\/08\/Libcicke-krizovatky-logo.jpg\" alt=\"LIB\u010cICK\u00c9 K\u0158I\u017dOVATKY\" width=\"357\" height=\"140\" \/><br \/>\nUr\u010dit\u011b jste si v\u0161imli, \u017ee Lib\u010dick\u00e9 k\u0159i\u017eovatky vych\u00e1zej\u00ed tak\u00e9 v&nbsp;pap\u00edrov\u00e9 podob\u011b. Od ob\u010dasn\u00edku jsme se dostali a\u017e k&nbsp;regul\u00e9rn\u00edmu vyd\u00e1v\u00e1n\u00ed periodick\u00e9ho tisku p\u0159ihl\u00e1\u0161en\u00e9ho k&nbsp;evidenci na ministerstvu kultury.<\/p>\n<p>&nbsp;<\/p>\n<p>Pokud k&nbsp;v\u00e1m ti\u0161t\u011bn\u00e1 verze nedoputovala, nevad\u00ed, tady je n\u00e1\u0161 archiv.<br \/>\n<img style=\"float: right; margin: 10px;\" src=\"https:\/\/libcickekrizovatky.cz\/content\/uploads\/2014\/09\/IMG_5661.jpg\" alt=\"LK ve schr\u00e1nce\" width=\"306\" \/><\/p>\n<h2 style=\"text-align: right;\"><\/h2>\n<h2>LIB\u010cICK\u00c9 K\u0158I\u017dOVATKY<\/h2>\n<p>&#8230;takto nazvan\u00e9 vznikly v&nbsp;roce 2014, v&nbsp;l\u00e9t\u011b.<br \/>\nA&nbsp;i&nbsp;kdy\u017e n\u00e1s to n\u011bco stoj\u00ed, tak n\u00e1m to za to stoj\u00ed.<\/p>\n<h1>2025<\/h1>\n<div style=\"float: left; margin: 10px;\"><a href=\"https:\/\/libcickekrizovatky.cz\/content\/uploads\/2022\/09\/Libcicke_Krizovatky_01_2022.pdf\" target=\"_blank\" rel=\"noopener\"><img class=\"alignleft size-full wp-image-24281\" src=\"https:\/\/libcickekrizovatky.cz\/content\/uploads\/2021\/06\/LK12021.jpg\" alt=\"\" width=\"40\" \/><\/a><\/div>\n<p><span style=\"text-decoration: underline;\"><a href=\"https:\/\/libcickekrizovatky.cz\/content\/uploads\/2026\/03\/LK_2025.pdf\">Lib\u010dick\u00e9 k\u0159i\u017eovatky 2025<\/a>\u00a0<\/span><\/p>\n<p>&nbsp;<\/p>\n<h1>2022<\/h1>\n<div style=\"float: left; margin: 10px;\"><a href=\"https:\/\/libcickekrizovatky.cz\/content\/uploads\/2022\/09\/Libcicke_Krizovatky_01_2022.pdf\" target=\"_blank\" rel=\"noopener\"><img class=\"alignleft size-full wp-image-24281\" src=\"https:\/\/libcickekrizovatky.cz\/content\/uploads\/2021\/06\/LK12021.jpg\" alt=\"\" width=\"40\" \/><\/a><\/div>\n<p><a href=\"https:\/\/libcickekrizovatky.cz\/content\/uploads\/2022\/09\/LK2022-09.pdf\"><span style=\"text-decoration: underline;\">Lib\u010dick\u00e9 k\u0159i\u017eovatky \u010d\u00edslo 2 \/ 2022<\/span><\/a><\/p>\n<p><span style=\"text-decoration: underline;\"><a href=\"https:\/\/libcickekrizovatky.cz\/content\/uploads\/2022\/09\/Libcicke_Krizovatky_01_2022.pdf\" target=\"_blank\" rel=\"noopener\">Lib\u010dick\u00e9 k\u0159i\u017eovatky \u010d\u00edslo 1 \/ 2022<\/a><\/span><\/p>\n<p>&nbsp;<\/p>\n<p>&nbsp;<\/p>\n<h1>2021<\/h1>\n<div style=\"float: left; margin: 10px;\"><a href=\"https:\/\/libcickekrizovatky.cz\/content\/uploads\/2021\/06\/2021-06.pdf\"><img class=\"alignleft size-full wp-image-24281\" src=\"https:\/\/libcickekrizovatky.cz\/content\/uploads\/2021\/06\/LK12021.jpg\" alt=\"\" width=\"40\" \/><\/a><\/div>\n<p><span style=\"text-decoration: underline;\"><a href=\"https:\/\/libcickekrizovatky.cz\/content\/uploads\/2021\/06\/2021-06.pdf\">Lib\u010dick\u00e9 k\u0159i\u017eovatky \u010d\u00edslo 1 \/ 2021<\/a><\/span><\/p>\n<h1><\/h1>\n<p>&nbsp;<\/p>\n<h1>2020<\/h1>\n<div style=\"float: left; margin: 10px;\"><a href=\"https:\/\/libcickekrizovatky.cz\/content\/uploads\/2020\/11\/Libcicke-krizovatky-02-2020.pdf\"><img class=\"alignleft size-full wp-image-24281\" src=\"https:\/\/libcickekrizovatky.cz\/content\/uploads\/2020\/11\/lk02-20.png\" alt=\"\" width=\"40\" srcset=\"https:\/\/libcickekrizovatky.cz\/content\/uploads\/2020\/11\/lk02-20.png 900w, https:\/\/libcickekrizovatky.cz\/content\/uploads\/2020\/11\/lk02-20-225x300.png 225w, https:\/\/libcickekrizovatky.cz\/content\/uploads\/2020\/11\/lk02-20-768x1024.png 768w\" sizes=\"(max-width: 900px) 100vw, 900px\" \/><\/a><\/div>\n<p><span style=\"text-decoration: underline;\"><a href=\"https:\/\/libcickekrizovatky.cz\/content\/uploads\/2020\/11\/Libcicke-krizovatky-02-2020.pdf\">Lib\u010dick\u00e9 k\u0159i\u017eovatky \u010d\u00edslo 2 \/ 2020<\/a><\/span><\/p>\n<p>&nbsp;<\/p>\n<div style=\"float: left; margin: 10px;\"><a href=\"https:\/\/libcickekrizovatky.cz\/content\/uploads\/2020\/05\/Libcicke-krizovatky-01-2020.pdf\"><img class=\"alignleft wp-image-19418 size-full\" src=\"https:\/\/libcickekrizovatky.cz\/content\/uploads\/2020\/11\/lk01-20.png\" alt=\"Lib\u010dick\u00e9 k\u0159i\u017eovatky \u010d.1\/2020\" width=\"40\" \/><\/a><\/div>\n<p><span style=\"text-decoration: underline;\"><a href=\"https:\/\/libcickekrizovatky.cz\/content\/uploads\/2020\/05\/Libcicke-krizovatky-01-2020.pdf\">Lib\u010dick\u00e9 k\u0159i\u017eovatky \u010d\u00edslo 1 \/ 2020<\/a><\/span><\/p>\n<p>&nbsp;<\/p>\n<h1><\/h1>\n<h1>2019<\/h1>\n<div style=\"float: left; margin: 10px;\"><a href=\"https:\/\/libcickekrizovatky.cz\/content\/uploads\/2020\/05\/Libcicke-krizovatky-01-2019.pdf\"><img class=\"alignleft wp-image-19418 size-full\" src=\"https:\/\/libcickekrizovatky.cz\/content\/uploads\/2020\/11\/lk01-19.png\" alt=\"Lib\u010dick\u00e9 k\u0159i\u017eovatky \u010d.1\/2019\" width=\"40\" \/><\/a><\/div>\n<p><span style=\"text-decoration: underline;\"><a href=\"https:\/\/libcickekrizovatky.cz\/content\/uploads\/2020\/05\/Libcicke-krizovatky-01-2019.pdf\">Lib\u010dick\u00e9 k\u0159i\u017eovatky \u010d\u00edslo 1 \/ 2019<\/a><\/span><\/p>\n<p>&nbsp;<\/p>\n<h1><\/h1>\n<h1>2018<\/h1>\n<div style=\"float: left; margin: 10px;\"><a href=\"https:\/\/libcickekrizovatky.cz\/content\/uploads\/2014\/08\/2018-09-Libcicke-krizovatky-c4-18.pdf\"><img class=\"aligncenter wp-image-19847 size-full\" src=\"https:\/\/libcickekrizovatky.cz\/content\/uploads\/2014\/08\/LK09-18-.png\" alt=\"Lib\u010dick\u00e9 k\u0159i\u017eovatky \u010d.4\/2018\" width=\"40\" srcset=\"https:\/\/libcickekrizovatky.cz\/content\/uploads\/2014\/08\/LK09-18-.png 900w, https:\/\/libcickekrizovatky.cz\/content\/uploads\/2014\/08\/LK09-18--225x300.png 225w, https:\/\/libcickekrizovatky.cz\/content\/uploads\/2014\/08\/LK09-18--768x1024.png 768w\" sizes=\"(max-width: 900px) 100vw, 900px\" \/><\/a><\/div>\n<p><a href=\"https:\/\/libcickekrizovatky.cz\/content\/uploads\/2014\/08\/2018-09-Libcicke-krizovatky-c4-18.pdf\"><span style=\"text-decoration: underline;\">Lib\u010dick\u00e9 k\u0159i\u017eovatky \u010d\u00edslo 4 \/ 2018<br \/>\n<\/span><\/a><\/p>\n<p>&nbsp;<\/p>\n<div style=\"float: left; margin: 10px;\"><a href=\"https:\/\/libcickekrizovatky.cz\/content\/uploads\/2018\/09\/2018-08-Libcicke-krizovatky-c3-18.pdf\"><img class=\"alignleft wp-image-19418 size-full\" src=\"https:\/\/libcickekrizovatky.cz\/content\/uploads\/2014\/08\/LK08-18.png\" alt=\"Lib\u010dick\u00e9 k\u0159i\u017eovatky \u010d.3\/2018\" width=\"40\" srcset=\"https:\/\/libcickekrizovatky.cz\/content\/uploads\/2014\/08\/LK08-18.png 340w, https:\/\/libcickekrizovatky.cz\/content\/uploads\/2014\/08\/LK08-18-217x300.png 217w\" sizes=\"(max-width: 340px) 100vw, 340px\" \/><\/a><\/div>\n<p><a href=\"https:\/\/libcickekrizovatky.cz\/content\/uploads\/2018\/09\/2018-08-Libcicke-krizovatky-c3-18.pdf\"><span style=\"text-decoration: underline;\">Lib\u010dick\u00e9 k\u0159i\u017eovatky \u010d\u00edslo 3 \/ 2018<br \/>\n<\/span><\/a><\/p>\n<p>&nbsp;<\/p>\n<div style=\"float: left; margin: 10px;\"><a href=\"https:\/\/libcickekrizovatky.cz\/content\/uploads\/2014\/08\/2018-06-Libcicke-krizovatky-c2-18.pdf\"><img class=\"alignleft wp-image-18937 size-medium\" src=\"https:\/\/libcickekrizovatky.cz\/content\/uploads\/2014\/08\/LK06-18-217x300.png\" alt=\"Lib\u010dick\u00e9 k\u0159i\u017eovatky \u010d.2\/2018\" width=\"40\" srcset=\"https:\/\/libcickekrizovatky.cz\/content\/uploads\/2014\/08\/LK06-18-217x300.png 217w, https:\/\/libcickekrizovatky.cz\/content\/uploads\/2014\/08\/LK06-18.png 340w\" sizes=\"(max-width: 217px) 100vw, 217px\" \/><\/a><\/div>\n<p><span style=\"text-decoration: underline;\"><a href=\"https:\/\/libcickekrizovatky.cz\/content\/uploads\/2014\/08\/2018-06-Libcicke-krizovatky-c2-18.pdf\">Lib\u010dick\u00e9 k\u0159i\u017eovatky \u010d\u00edslo 2 \/ 2018<br \/>\n<\/a><\/span><\/p>\n<p>&nbsp;<\/p>\n<div style=\"float: left; margin: 10px;\"><a href=\"https:\/\/libcickekrizovatky.cz\/content\/uploads\/2018\/05\/2018-04-Libcicke-krizovatky-c1-18.pdf\"><img class=\"alignleft wp-image-18405 size-medium\" src=\"https:\/\/libcickekrizovatky.cz\/content\/uploads\/2018\/05\/LK04-18-217x300.png\" alt=\"Lib\u010dick\u00e9 k\u0159i\u017eovatky \u010d.1\/2018\" width=\"40\" srcset=\"https:\/\/libcickekrizovatky.cz\/content\/uploads\/2018\/05\/LK04-18-217x300.png 217w, https:\/\/libcickekrizovatky.cz\/content\/uploads\/2018\/05\/LK04-18.png 340w\" sizes=\"(max-width: 217px) 100vw, 217px\" \/><\/a><\/div>\n<p><span style=\"text-decoration: underline;\"><a href=\"https:\/\/libcickekrizovatky.cz\/content\/uploads\/2018\/05\/2018-04-Libcicke-krizovatky-c1-18.pdf\">Lib\u010dick\u00e9 k\u0159i\u017eovatky \u010d\u00edslo 1 \/ 2018<\/a><\/span><\/p>\n<p>&nbsp;<\/p>\n<h1><\/h1>\n<h1>2017<\/h1>\n<div style=\"float: left; margin: 10px;\"><a href=\"https:\/\/libcickekrizovatky.cz\/content\/uploads\/2014\/08\/2017-11-Libcicke-krizovatky-c1-17.pdf\"><img class=\"alignleft wp-image-18161 size-full\" src=\"https:\/\/libcickekrizovatky.cz\/content\/uploads\/2014\/08\/2017-11-Libcicke-krizovatky-c1-17.jpg\" alt=\"Lib\u010dick\u00e9 k\u0159i\u017eovatky \u010d.1\/2017\" width=\"40\" srcset=\"https:\/\/libcickekrizovatky.cz\/content\/uploads\/2014\/08\/2017-11-Libcicke-krizovatky-c1-17.jpg 310w, https:\/\/libcickekrizovatky.cz\/content\/uploads\/2014\/08\/2017-11-Libcicke-krizovatky-c1-17-212x300.jpg 212w\" sizes=\"(max-width: 310px) 100vw, 310px\" \/><\/a><\/div>\n<p>&nbsp;<\/p>\n<p class=\"alignnone\" style=\"padding-left: 30px;\"><span style=\"text-decoration: underline;\"><a href=\"https:\/\/libcickekrizovatky.cz\/content\/uploads\/2014\/08\/2017-11-Libcicke-krizovatky-c1-17.pdf\">Lib\u010dick\u00e9 k\u0159i\u017eovatky \u010d\u00edslo 1 \/ 2017<\/a><\/span><\/p>\n<p>&nbsp;<\/p>\n<h1>2016<\/h1>\n<p style=\"padding-left: 30px;\"><a title=\"Lib\u010dick\u00e9 k\u0159i\u017eovatky \u010d.3 \/ 2016\" href=\"https:\/\/libcickekrizovatky.cz\/content\/uploads\/2016\/12\/2016-12-Libcicke-krizovatky-c3-16.pdf\"><img loading=\"lazy\" title=\"Lib\u010dick\u00e9 K\u0159i\u017eovatky \u010d. 3 - 2016\" src=\"https:\/\/libcickekrizovatky.cz\/content\/uploads\/2014\/08\/PDFico-150x150.jpg\" alt=\"PDF dokument\" width=\"50\" height=\"50\" \/><span style=\"text-decoration: underline;\">Lib\u010dick\u00e9 k\u0159i\u017eovatky \u010d\u00edslo 3 \/ 2016<\/span><\/a><\/p>\n<p style=\"padding-left: 30px;\"><a title=\"Lib\u010dick\u00e9 k\u0159i\u017eovatky \u010d.2 \/ 2016\" href=\"https:\/\/libcickekrizovatky.cz\/content\/uploads\/2016\/08\/2016-08-Libcicke-krizovatky-c2-16.pdf.pdf\"><img loading=\"lazy\" title=\"Lib\u010dick\u00e9 K\u0159i\u017eovatky \u010d. 2 - 2015\" src=\"https:\/\/libcickekrizovatky.cz\/content\/uploads\/2014\/08\/PDFico-150x150.jpg\" alt=\"PDF dokument\" width=\"50\" height=\"50\" \/><span style=\"text-decoration: underline;\">Lib\u010dick\u00e9 k\u0159i\u017eovatky \u010d\u00edslo 2 \/ 2016<\/span><\/a><\/p>\n<p style=\"padding-left: 30px;\"><a title=\"Lib\u010dick\u00e9 k\u0159i\u017eovatky \u010d.1 \/ 2016\" href=\"https:\/\/libcickekrizovatky.cz\/content\/uploads\/2016\/03\/2016-03-Libcicke-krizovatky-c1-16.pdf\"><img loading=\"lazy\" title=\"Lib\u010dick\u00e9 K\u0159i\u017eovatky \u010d. 2 - 2015\" src=\"https:\/\/libcickekrizovatky.cz\/content\/uploads\/2014\/08\/PDFico-150x150.jpg\" alt=\"PDF dokument\" width=\"50\" height=\"50\" \/><span style=\"text-decoration: underline;\">Lib\u010dick\u00e9 k\u0159i\u017eovatky \u010d\u00edslo 1 \/ 2016<\/span><\/a><\/p>\n<h1>2015<\/h1>\n<p style=\"padding-left: 30px;\"><a title=\"Lib\u010dick\u00e9 k\u0159i\u017eovatky \u010d. 3 \/ ro\u010dn\u00edk 2 (prosinec 2015)\" href=\"https:\/\/libcickekrizovatky.cz\/content\/uploads\/2015\/12\/Libcicke-krizovatky-c3-2015.pdf\"><img loading=\"lazy\" title=\"Lib\u010dick\u00e9 K\u0159i\u017eovatky \u010d. 2 - 2015\" src=\"https:\/\/libcickekrizovatky.cz\/content\/uploads\/2014\/08\/PDFico-150x150.jpg\" alt=\"PDF dokument\" width=\"50\" height=\"50\" \/><span style=\"text-decoration: underline;\">Lib\u010dick\u00e9 k\u0159i\u017eovatky \u010d\u00edslo 3 \/ 2015<\/span><\/a><\/p>\n<p style=\"padding-left: 30px;\"><a title=\"Lib\u010dick\u00e9 K\u0159i\u017eovatky \u010d. 2\/2015\" href=\"https:\/\/libcickekrizovatky.cz\/content\/uploads\/2014\/08\/2015-08-Libcicke-krizovatky-c2-15.pdf\"><img loading=\"lazy\" title=\"Lib\u010dick\u00e9 K\u0159i\u017eovatky \u010d. 2 - 2015\" src=\"https:\/\/libcickekrizovatky.cz\/content\/uploads\/2014\/08\/PDFico-150x150.jpg\" alt=\"PDF dokument\" width=\"50\" height=\"50\" \/><\/a><span style=\"text-decoration: underline;\"><a title=\"Lib\u010dick\u00e9 K\u0159i\u017eovatky \u010d. 2\/2015\" href=\"https:\/\/libcickekrizovatky.cz\/content\/uploads\/2014\/08\/2015-08-Libcicke-krizovatky-c2-15.pdf\">Lib\u010dick\u00e9 k\u0159i\u017eovatky \u010d\u00edslo 2 \/ 2015<\/a><\/span><\/p>\n<p style=\"padding-left: 30px;\"><a title=\"Lib\u010dick\u00e9 K\u0159i\u017eovatky \u010d. 1\/2015\" href=\"https:\/\/libcickekrizovatky.cz\/content\/uploads\/2015\/04\/2015-03-Libcicke-krizovatky-c1-15.pdf\"><img loading=\"lazy\" title=\"Lib\u010dick\u00e9 K\u0159i\u017eovatky \u010d. 1 - 2015\" src=\"https:\/\/libcickekrizovatky.cz\/content\/uploads\/2014\/08\/PDFico-150x150.jpg\" alt=\"PDF dokument\" width=\"50\" height=\"50\" \/><\/a><span style=\"text-decoration: underline;\"><a title=\"Lib\u010dick\u00e9 K\u0159i\u017eovatky \u010d. 1\/2015\" href=\"https:\/\/libcickekrizovatky.cz\/content\/uploads\/2015\/04\/2015-03-Libcicke-krizovatky-c1-15.pdf\">Lib\u010dick\u00e9 k\u0159i\u017eovatky \u010d\u00edslo 1 \/ 2015<\/a><\/span><\/p>\n<h1>2014<\/h1>\n<p style=\"padding-left: 30px;\"><a href=\"https:\/\/libcickekrizovatky.cz\/content\/uploads\/2015\/01\/2014-12-Libcicke-krizovatky-c4.pdf\"><img loading=\"lazy\" title=\"Lib\u010dick\u00e9 K\u0159i\u017eovatky \u010d. 4\" src=\"https:\/\/libcickekrizovatky.cz\/content\/uploads\/2014\/08\/PDFico-150x150.jpg\" alt=\"PDF dokument\" width=\"50\" height=\"50\" \/><\/a><span style=\"text-decoration: underline;\"><a title=\"Lib\u010dick\u00e9 K\u0159i\u017eovatky \u010d. 4\" href=\"https:\/\/libcickekrizovatky.cz\/content\/uploads\/2015\/01\/2014-12-Libcicke-krizovatky-c4.pdf\">Lib\u010dick\u00e9 k\u0159i\u017eovatky \u010d\u00edslo 4 \/ 2014<\/a><\/span><\/p>\n<p style=\"padding-left: 30px;\"><a href=\"https:\/\/libcickekrizovatky.cz\/content\/uploads\/2014\/10\/2014-10-Libcicke-krizovatky-c3.pdf\"><img loading=\"lazy\" title=\"Lib\u010dick\u00e9 K\u0159i\u017eovatky \u010d. 3\" src=\"https:\/\/libcickekrizovatky.cz\/content\/uploads\/2014\/08\/PDFico-150x150.jpg\" alt=\"PDF dokument\" width=\"50\" height=\"50\" \/><\/a><span style=\"text-decoration: underline;\"><a title=\"Lib\u010dick\u00e9 K\u0159i\u017eovatky \u010d. 3\" href=\"https:\/\/libcickekrizovatky.cz\/content\/uploads\/2014\/10\/2014-10-Libcicke-krizovatky-c3.pdf\">Lib\u010dick\u00e9 k\u0159i\u017eovatky \u010d\u00edslo 3 \/ 2014<\/a><\/span><\/p>\n<p style=\"padding-left: 30px;\"><a href=\"https:\/\/libcickekrizovatky.cz\/content\/uploads\/2014\/09\/Libcicke-Krizovatky-c2.pdf\"><img loading=\"lazy\" src=\"https:\/\/libcickekrizovatky.cz\/content\/uploads\/2014\/08\/PDFico-150x150.jpg\" alt=\"PDF dokument\" width=\"50\" height=\"50\" \/><\/a><span style=\"text-decoration: underline;\"><a title=\"Lib\u010dick\u00e9 k\u0159i\u017eovatky \u010d\u00edslo 2 \/ 2014\" href=\"https:\/\/libcickekrizovatky.cz\/content\/uploads\/2014\/09\/Libcicke-Krizovatky-c2.pdf\" target=\"_blank\" rel=\"noopener\">Lib\u010dick\u00e9 k\u0159i\u017eovatky \u010d\u00edslo 2 \/ 2014<\/a><\/span><\/p>\n<p style=\"padding-left: 30px;\"><a href=\"https:\/\/libcickekrizovatky.cz\/content\/uploads\/2014\/08\/Libcicke-krizovatky-c2.pdf\"><img loading=\"lazy\" src=\"https:\/\/libcickekrizovatky.cz\/content\/uploads\/2014\/08\/PDFico-150x150.jpg\" alt=\"PDF dokument\" width=\"50\" height=\"50\" \/><\/a><span style=\"text-decoration: underline;\"><a title=\"Lib\u010dick\u00e9 k\u0159i\u017eovatky \u010d\u00edslo 1 \/ 2014\" href=\"https:\/\/libcickekrizovatky.cz\/content\/uploads\/2014\/08\/Libcicke-krizovatky-c2.pdf\" target=\"_blank\" rel=\"noopener\">Lib\u010dick\u00e9 k\u0159i\u017eovatky \u010d\u00edslo 1 \/ 2014\u00a0 <\/a><\/span><a href=\"https:\/\/libcickekrizovatky.cz\/content\/uploads\/2014\/08\/Libcicke-krizovatky-program-LOS.pdf\"><img loading=\"lazy\" src=\"https:\/\/libcickekrizovatky.cz\/content\/uploads\/2014\/08\/PDFico-150x150.jpg\" alt=\"PDF dokument\" width=\"50\" height=\"50\" \/><\/a>sou\u010d\u00e1st\u00ed \u010d.&nbsp;1 je i&nbsp;<span style=\"text-decoration: underline;\"><a title=\"P\u0159\u00edloha LK - program LOS\" href=\"https:\/\/libcickekrizovatky.cz\/content\/uploads\/2014\/08\/Libcicke-krizovatky-program-LOS.pdf\" target=\"_blank\" rel=\"noopener\">P\u0159\u00edloha: Program LOS<\/a><\/span><\/p>\n<p style=\"padding-left: 30px;\"><a href=\"https:\/\/libcickekrizovatky.cz\/content\/uploads\/2014\/08\/Libcicke-krizovatky-c1.pdf\"><img loading=\"lazy\" src=\"https:\/\/libcickekrizovatky.cz\/content\/uploads\/2014\/08\/PDFico-150x150.jpg\" alt=\"PDF dokument\" width=\"50\" height=\"50\" \/><\/a><span style=\"text-decoration: underline;\"><a title=\"Lib\u010dick\u00e9 k\u0159i\u017eovatky \u010d\u00edslo 0 \/ 2014\" href=\"https:\/\/libcickekrizovatky.cz\/content\/uploads\/2014\/08\/Libcicke-krizovatky-c1.pdf\" target=\"_blank\" rel=\"noopener\">Lib\u010dick\u00e9 k\u0159i\u017eovatky \u010d\u00edslo 0 \/ 2014<\/a><\/span><\/p>\n<p>&nbsp;<\/p>\n<h2 style=\"text-align: right;\"><a href=\"https:\/\/libcickekrizovatky.cz\/content\/uploads\/2014\/08\/Co-jste-si-v-LN-neprecetli.jpg\"><img loading=\"lazy\" style=\"float: right; margin: 10px;\" title=\"Co jste si v LN nep\u0159e\u010detli\" src=\"https:\/\/libcickekrizovatky.cz\/content\/uploads\/2014\/08\/Co-jste-si-v-LN-neprecetli.jpg\" alt=\"Co jste si v LN nep\u0159e\u010detli\" width=\"336\" height=\"107\" \/><\/a><\/h2>\n<h2>Ne\u017e vznikly Lib\u010dick\u00e9 k\u0159i\u017eovatky<\/h2>\n<p>&#8230;tak jsme stejn\u011b m\u011bli pot\u0159ebu se vyjad\u0159ovat k&nbsp;d\u011bn\u00ed v&nbsp;Lib\u010dic\u00edch. A&nbsp;kdy\u017e to tenkr\u00e1t v&nbsp;Lib\u010dick\u00fdch novin\u00e1ch ne\u0161lo, co n\u00e1m zbylo jin\u00e9ho?<\/p>\n<p><a href=\"https:\/\/libcickekrizovatky.cz\/content\/uploads\/2014\/08\/Co-jste-si-v-LN-nepr%CC%8Cec%CC%8Cetli_2014_1.pdf\"><img loading=\"lazy\" src=\"https:\/\/libcickekrizovatky.cz\/content\/uploads\/2014\/08\/PDFico-150x150.jpg\" alt=\"PDF dokument\" width=\"50\" height=\"50\" \/><\/a><span style=\"text-decoration: underline;\"><a title=\"Co jste si v Lib\u010dick\u00fdch novin\u00e1ch nep\u0159e\u010detli 2014\/1\" href=\"https:\/\/libcickekrizovatky.cz\/content\/uploads\/2014\/08\/Co-jste-si-v-LN-nepr%CC%8Cec%CC%8Cetli_2014_1.pdf\" target=\"_blank\" rel=\"noopener\">Co jste si v&nbsp;Lib\u010dick\u00fdch novin\u00e1ch nep\u0159e\u010detli 2014\/1<\/a><\/span><\/p>\n<p><a href=\"https:\/\/libcickekrizovatky.cz\/content\/uploads\/2014\/08\/Co-jste-si-v-LN-nepr%CC%8Cec%CC%8Cetli_2013_1.pdf\"><img loading=\"lazy\" src=\"https:\/\/libcickekrizovatky.cz\/content\/uploads\/2014\/08\/PDFico-150x150.jpg\" alt=\"PDF dokument\" width=\"50\" height=\"50\" \/><\/a><span style=\"text-decoration: underline;\"><a title=\"Co jste si v Lib\u010dick\u00fdch novin\u00e1ch nep\u0159e\u010detli 2013\/1\" href=\"https:\/\/libcickekrizovatky.cz\/content\/uploads\/2014\/08\/Co-jste-si-v-LN-nepr%CC%8Cec%CC%8Cetli_2013_1.pdf\" target=\"_blank\" rel=\"noopener\">Co jste si v&nbsp;Lib\u010dick\u00fdch novin\u00e1ch nep\u0159e\u010detli 2013\/1<\/a><\/span><\/p>\n<p><a href=\"https:\/\/libcickekrizovatky.cz\/content\/uploads\/2014\/09\/IMG_5662.jpg\"><img loading=\"lazy\" style=\"float: right; margin: 10px;\" src=\"https:\/\/libcickekrizovatky.cz\/content\/uploads\/2014\/09\/IMG_5662.jpg\" alt=\"LK ve schr\u00e1nce s panel\u00e1ky\" width=\"306\" height=\"204\" \/><\/a><\/p>\n<p>&nbsp;<\/p>\n","protected":false},"excerpt":{"rendered":"<p>\u00a0 Ur\u010dit\u011b jste si v\u0161imli, \u017ee Lib\u010dick\u00e9 k\u0159i\u017eovatky vych\u00e1zej\u00ed tak\u00e9 v&nbsp;pap\u00edrov\u00e9 podob\u011b. Od ob\u010dasn\u00edku jsme se dostali a\u017e k&nbsp;regul\u00e9rn\u00edmu vyd\u00e1v\u00e1n\u00ed periodick\u00e9ho tisku p\u0159ihl\u00e1\u0161en\u00e9ho k&nbsp;evidenci na ministerstvu kultury. &nbsp; Pokud k&nbsp;v\u00e1m ti\u0161t\u011bn\u00e1 verze nedoputovala, nevad\u00ed, tady je n\u00e1\u0161 archiv. LIB\u010cICK\u00c9 K\u0158I\u017dOVATKY &#8230;takto nazvan\u00e9 vznikly v&nbsp;roce 2014, v&nbsp;l\u00e9t\u011b. A&nbsp;i&nbsp;kdy\u017e n\u00e1s to n\u011bco stoj\u00ed, tak n\u00e1m to za [&hellip;]<\/p>\n","protected":false},"author":3,"featured_media":0,"parent":0,"menu_order":0,"comment_status":"open","ping_status":"closed","template":"","meta":[],"_links":{"self":[{"href":"https:\/\/libcickekrizovatky.cz\/index.php?rest_route=\/wp\/v2\/pages\/881"}],"collection":[{"href":"https:\/\/libcickekrizovatky.cz\/index.php?rest_route=\/wp\/v2\/pages"}],"about":[{"href":"https:\/\/libcickekrizovatky.cz\/index.php?rest_route=\/wp\/v2\/types\/page"}],"author":[{"embeddable":true,"href":"https:\/\/libcickekrizovatky.cz\/index.php?rest_route=\/wp\/v2\/users\/3"}],"replies":[{"embeddable":true,"href":"https:\/\/libcickekrizovatky.cz\/index.php?rest_route=%2Fwp%2Fv2%2Fcomments&post=881"}],"version-history":[{"count":96,"href":"https:\/\/libcickekrizovatky.cz\/index.php?rest_route=\/wp\/v2\/pages\/881\/revisions"}],"predecessor-version":[{"id":27988,"href":"https:\/\/libcickekrizovatky.cz\/index.php?rest_route=\/wp\/v2\/pages\/881\/revisions\/27988"}],"wp:attachment":[{"href":"https:\/\/libcickekrizovatky.cz\/index.php?rest_route=%2Fwp%2Fv2%2Fmedia&parent=881"}],"curies":[{"name":"wp","href":"https:\/\/api.w.org\/{rel}","templated":true}]}}